{"id":87,"date":"2022-09-04T18:49:50","date_gmt":"2022-09-04T18:49:50","guid":{"rendered":"https:\/\/eagricola.com.br\/es\/?post_type=product&#038;p=87"},"modified":"2023-04-24T23:00:19","modified_gmt":"2023-04-24T23:00:19","slug":"aplic-aplicador-de-insetcida-ecoagricola","status":"publish","type":"product","link":"https:\/\/eagricola.com.br\/es\/produto\/aplic-aplicador-de-insetcida-ecoagricola\/","title":{"rendered":"Aplic &#8211; Aplicador de Inseticida Ecoagr\u00edcola"},"content":{"rendered":"<p>Para obter um melhor controle das pragas que existem nos canaviais, como por exemplo, o sphenophorus e o migdollus, a Ecoagr\u00edcola desenvolveu o\u00a0<b>APLIC<\/b>, implemento especialmente indicado para a aplica\u00e7\u00e3o de inseticidas no interior das linhas das soqueiras dos canaviais. Realiza a aplica\u00e7\u00e3o em tr\u00eas linhas de soqueiras simultaneamente no espa\u00e7amento de plantio de 1,40 ou 1,50m. Possui disco de 26\u201d oscilantes que executam um perfeito corte da camada de palha, sendo que atr\u00e1s de cada disco de corte, cont\u00e9m um sistema de canaleta com bico de pulveriza\u00e7\u00e3o que faz a aplica\u00e7\u00e3o do produto em profundidade. O implemento possui tanque de polietileno com capacidade de 600 litros, com visor de n\u00edvel, equipado com bomba JP 402 de pist\u00e3o duplo acionado atrav\u00e9s de motor hidr\u00e1ulico, para a pulveriza\u00e7\u00e3o do inseticida.<br \/>\nOpcional: Equipamento possui configura\u00e7\u00e3o para realizar opera\u00e7\u00e3o no espa\u00e7amento de plantio combinado.<\/p>\n","protected":false},"excerpt":{"rendered":"<p>Para obter um melhor controle das pragas que existem nos canaviais, como por exemplo, o sphenophorus e o migdollus, a Ecoagr\u00edcola desenvolveu o\u00a0APLIC, implemento especialmente indicado para a aplica\u00e7\u00e3o de inseticidas no interior das linhas das soqueiras dos canaviais. Realiza a aplica\u00e7\u00e3o em tr\u00eas linhas de soqueiras simultaneamente no espa\u00e7amento de plantio de 1,40 ou &hellip;<\/p>\n<p class=\"read-more\"> <a class=\"\" href=\"https:\/\/eagricola.com.br\/es\/produto\/aplic-aplicador-de-insetcida-ecoagricola\/\"> <span class=\"screen-reader-text\">Aplic &#8211; Aplicador de Inseticida Ecoagr\u00edcola<\/span> Leer m\u00e1s &raquo;<\/a><\/p>\n","protected":false},"featured_media":1126,"comment_status":"open","ping_status":"closed","template":"","meta":{"_acf_changed":false,"site-sidebar-layout":"default","site-content-layout":"default","ast-global-header-display":"","ast-main-header-display":"","ast-hfb-above-header-display":"","ast-hfb-below-header-display":"","ast-hfb-mobile-header-display":"","site-post-title":"","ast-breadcrumbs-content":"","ast-featured-img":"","footer-sml-layout":"","theme-transparent-header-meta":"default","adv-header-id-meta":"","stick-header-meta":"","header-above-stick-meta":"","header-main-stick-meta":"","header-below-stick-meta":"","_joinchat":[]},"product_brand":[],"product_cat":[19],"product_tag":[],"class_list":{"0":"post-87","1":"product","2":"type-product","3":"status-publish","4":"has-post-thumbnail","6":"product_cat-linha-canavieira-utilitarios","8":"first","9":"instock","10":"shipping-taxable","11":"product-type-simple"},"acf":[],"_links":{"self":[{"href":"https:\/\/eagricola.com.br\/es\/wp-json\/wp\/v2\/product\/87","targetHints":{"allow":["GET"]}}],"collection":[{"href":"https:\/\/eagricola.com.br\/es\/wp-json\/wp\/v2\/product"}],"about":[{"href":"https:\/\/eagricola.com.br\/es\/wp-json\/wp\/v2\/types\/product"}],"replies":[{"embeddable":true,"href":"https:\/\/eagricola.com.br\/es\/wp-json\/wp\/v2\/comments?post=87"}],"wp:featuredmedia":[{"embeddable":true,"href":"https:\/\/eagricola.com.br\/es\/wp-json\/wp\/v2\/media\/1126"}],"wp:attachment":[{"href":"https:\/\/eagricola.com.br\/es\/wp-json\/wp\/v2\/media?parent=87"}],"wp:term":[{"taxonomy":"product_brand","embeddable":true,"href":"https:\/\/eagricola.com.br\/es\/wp-json\/wp\/v2\/product_brand?post=87"},{"taxonomy":"product_cat","embeddable":true,"href":"https:\/\/eagricola.com.br\/es\/wp-json\/wp\/v2\/product_cat?post=87"},{"taxonomy":"product_tag","embeddable":true,"href":"https:\/\/eagricola.com.br\/es\/wp-json\/wp\/v2\/product_tag?post=87"}],"curies":[{"name":"wp","href":"https:\/\/api.w.org\/{rel}","templated":true}]}}