{"id":685,"date":"2022-12-22T15:45:03","date_gmt":"2022-12-22T15:45:03","guid":{"rendered":"https:\/\/eagricola.com.br\/es\/?post_type=product&#038;p=685"},"modified":"2023-04-24T23:08:15","modified_gmt":"2023-04-24T23:08:15","slug":"terras-sp-subsolador-super-pesado","status":"publish","type":"product","link":"https:\/\/eagricola.com.br\/es\/produto\/terras-sp-subsolador-super-pesado\/","title":{"rendered":"Terras SP &#8211; Subsolador Super Pesado"},"content":{"rendered":"<p>O Subsolador TERRAS SP, foi desenvolvido especificamente para trabalhos pesados na cultura da cana-de-a\u00e7\u00facar, possui uma estrutura extra-refor\u00e7ada, visando um \u00f3timo resultado em produtividade, devido ao \u00e2ngulo de ataque do seu conjunto de hastes; &#8211; Conjunto de disco de corte na medida de 24\u201d com dupla veda\u00e7\u00e3o para evitar a entrada de impurezas no cubo; &#8211; As barras dos Rolos Destorroadores s\u00e3o inclinadas e chatas com molas de compensa\u00e7\u00e3o de atrito, onde oferece a op\u00e7\u00e3o de ser articulado para efetuar o transporte do implemento; &#8211; Conjunto de hastes onde o desarme autom\u00e1tico \u00e9 feito atrav\u00e9s de Mola Dupla Helicoidal, que garante de forma segura e eficiente o desarme das hastes quando encontrado algum obst\u00e1culo durante a opera\u00e7\u00e3o, o sistema rearma autom\u00e1ticamente com simples levante do implemento.<\/p>\n","protected":false},"excerpt":{"rendered":"<p>O Subsolador TERRAS SP, foi desenvolvido especificamente para trabalhos pesados na cultura da cana-de-a\u00e7\u00facar, possui uma estrutura extra-refor\u00e7ada, visando um \u00f3timo resultado em produtividade, devido ao \u00e2ngulo de ataque do seu conjunto de hastes; &#8211; Conjunto de disco de corte na medida de 24\u201d com dupla veda\u00e7\u00e3o para evitar a entrada de impurezas no cubo; &hellip;<\/p>\n<p class=\"read-more\"> <a class=\"\" href=\"https:\/\/eagricola.com.br\/es\/produto\/terras-sp-subsolador-super-pesado\/\"> <span class=\"screen-reader-text\">Terras SP &#8211; Subsolador Super Pesado<\/span> Leer m\u00e1s &raquo;<\/a><\/p>\n","protected":false},"featured_media":1175,"comment_status":"open","ping_status":"closed","template":"","meta":{"_acf_changed":false,"site-sidebar-layout":"default","site-content-layout":"default","ast-global-header-display":"","ast-main-header-display":"","ast-hfb-above-header-display":"","ast-hfb-below-header-display":"","ast-hfb-mobile-header-display":"","site-post-title":"","ast-breadcrumbs-content":"","ast-featured-img":"","footer-sml-layout":"","theme-transparent-header-meta":"default","adv-header-id-meta":"","stick-header-meta":"","header-above-stick-meta":"","header-main-stick-meta":"","header-below-stick-meta":"","_joinchat":[]},"product_brand":[],"product_cat":[32,44],"product_tag":[],"class_list":{"0":"post-685","1":"product","2":"type-product","3":"status-publish","4":"has-post-thumbnail","6":"product_cat-escarificador-subsolador","7":"product_cat-subsoladores","9":"first","10":"instock","11":"shipping-taxable","12":"product-type-simple"},"acf":[],"_links":{"self":[{"href":"https:\/\/eagricola.com.br\/es\/wp-json\/wp\/v2\/product\/685","targetHints":{"allow":["GET"]}}],"collection":[{"href":"https:\/\/eagricola.com.br\/es\/wp-json\/wp\/v2\/product"}],"about":[{"href":"https:\/\/eagricola.com.br\/es\/wp-json\/wp\/v2\/types\/product"}],"replies":[{"embeddable":true,"href":"https:\/\/eagricola.com.br\/es\/wp-json\/wp\/v2\/comments?post=685"}],"wp:featuredmedia":[{"embeddable":true,"href":"https:\/\/eagricola.com.br\/es\/wp-json\/wp\/v2\/media\/1175"}],"wp:attachment":[{"href":"https:\/\/eagricola.com.br\/es\/wp-json\/wp\/v2\/media?parent=685"}],"wp:term":[{"taxonomy":"product_brand","embeddable":true,"href":"https:\/\/eagricola.com.br\/es\/wp-json\/wp\/v2\/product_brand?post=685"},{"taxonomy":"product_cat","embeddable":true,"href":"https:\/\/eagricola.com.br\/es\/wp-json\/wp\/v2\/product_cat?post=685"},{"taxonomy":"product_tag","embeddable":true,"href":"https:\/\/eagricola.com.br\/es\/wp-json\/wp\/v2\/product_tag?post=685"}],"curies":[{"name":"wp","href":"https:\/\/api.w.org\/{rel}","templated":true}]}}