{"id":624,"date":"2022-12-22T14:13:32","date_gmt":"2022-12-22T14:13:32","guid":{"rendered":"https:\/\/eagricola.com.br\/es\/?post_type=product&#038;p=624"},"modified":"2023-04-24T22:59:57","modified_gmt":"2023-04-24T22:59:57","slug":"se-sulcador-ecoagricola","status":"publish","type":"product","link":"https:\/\/eagricola.com.br\/es\/produto\/se-sulcador-ecoagricola\/","title":{"rendered":"SE &#8211; Sulcador Ecoagr\u00edcola"},"content":{"rendered":"<p>O\u00a0<b>Sulcador Ecoagr\u00edcola<\/b>\u00a0foi desenvolvido para realizar a sulca\u00e7\u00e3o em 2 ou 3 linhas nos espa\u00e7amentos convencionais, como: 1,30m, 1,40m, 1,50m ou 1,80m, e tamb\u00e9m nos espa\u00e7amentos m\u00faltiplos, tais como 0,90m x 1,50m, 0,60m x 1,30m etc. Com engate no terceiro ponto do trator, sua estrutura de chassis e conjunto de hastes s\u00e3o fabricados com grande robustez para suportar a din\u00e2mica do trabalho. O equipamento possui 3 configura\u00e7\u00f5es de tamanho: Compacto, Pesado e Super Pesado, sendo que cada um dos tamanhos possui um tipo de desarme autom\u00e1tico das hastes: Pino Fus\u00edvel (Compacto), Mola El\u00edptica (Pesado) ou Mola Helicoidal (Super Pesado). Possui tambem, como opcional, o marcador de sulco, que facilita na colheita mecanizada, por garantir a abertura do sulco em perfeito paralelismo e tamb\u00e9m o kit banqueta, que possibilita demarcar o espa\u00e7o de circula\u00e7\u00e3o do caminh\u00e3o ou carreta de mudas. Esta combina\u00e7\u00e3o de fatores garante maior durabilidade do equipamento juntamente com excelente resultado no solo, j\u00e1 deixando-o em condi\u00e7\u00f5es perfeitas para o plantio de cana-de-a\u00e7\u00facar.<\/p>\n","protected":false},"excerpt":{"rendered":"<p>O\u00a0Sulcador Ecoagr\u00edcola\u00a0foi desenvolvido para realizar a sulca\u00e7\u00e3o em 2 ou 3 linhas nos espa\u00e7amentos convencionais, como: 1,30m, 1,40m, 1,50m ou 1,80m, e tamb\u00e9m nos espa\u00e7amentos m\u00faltiplos, tais como 0,90m x 1,50m, 0,60m x 1,30m etc. Com engate no terceiro ponto do trator, sua estrutura de chassis e conjunto de hastes s\u00e3o fabricados com grande robustez &hellip;<\/p>\n<p class=\"read-more\"> <a class=\"\" href=\"https:\/\/eagricola.com.br\/es\/produto\/se-sulcador-ecoagricola\/\"> <span class=\"screen-reader-text\">SE &#8211; Sulcador Ecoagr\u00edcola<\/span> Leer m\u00e1s &raquo;<\/a><\/p>\n","protected":false},"featured_media":1124,"comment_status":"open","ping_status":"closed","template":"","meta":{"_acf_changed":false,"site-sidebar-layout":"default","site-content-layout":"default","ast-global-header-display":"","ast-main-header-display":"","ast-hfb-above-header-display":"","ast-hfb-below-header-display":"","ast-hfb-mobile-header-display":"","site-post-title":"","ast-breadcrumbs-content":"","ast-featured-img":"","footer-sml-layout":"","theme-transparent-header-meta":"default","adv-header-id-meta":"","stick-header-meta":"","header-above-stick-meta":"","header-main-stick-meta":"","header-below-stick-meta":"","_joinchat":[]},"product_brand":[],"product_cat":[39,28],"product_tag":[],"class_list":{"0":"post-624","1":"product","2":"type-product","3":"status-publish","4":"has-post-thumbnail","6":"product_cat-plantadora-distribuidora","7":"product_cat-sulcadores","9":"first","10":"instock","11":"shipping-taxable","12":"product-type-simple"},"acf":[],"_links":{"self":[{"href":"https:\/\/eagricola.com.br\/es\/wp-json\/wp\/v2\/product\/624","targetHints":{"allow":["GET"]}}],"collection":[{"href":"https:\/\/eagricola.com.br\/es\/wp-json\/wp\/v2\/product"}],"about":[{"href":"https:\/\/eagricola.com.br\/es\/wp-json\/wp\/v2\/types\/product"}],"replies":[{"embeddable":true,"href":"https:\/\/eagricola.com.br\/es\/wp-json\/wp\/v2\/comments?post=624"}],"wp:featuredmedia":[{"embeddable":true,"href":"https:\/\/eagricola.com.br\/es\/wp-json\/wp\/v2\/media\/1124"}],"wp:attachment":[{"href":"https:\/\/eagricola.com.br\/es\/wp-json\/wp\/v2\/media?parent=624"}],"wp:term":[{"taxonomy":"product_brand","embeddable":true,"href":"https:\/\/eagricola.com.br\/es\/wp-json\/wp\/v2\/product_brand?post=624"},{"taxonomy":"product_cat","embeddable":true,"href":"https:\/\/eagricola.com.br\/es\/wp-json\/wp\/v2\/product_cat?post=624"},{"taxonomy":"product_tag","embeddable":true,"href":"https:\/\/eagricola.com.br\/es\/wp-json\/wp\/v2\/product_tag?post=624"}],"curies":[{"name":"wp","href":"https:\/\/api.w.org\/{rel}","templated":true}]}}