{"id":619,"date":"2022-12-22T14:11:23","date_gmt":"2022-12-22T14:11:23","guid":{"rendered":"https:\/\/eagricola.com.br\/es\/?post_type=product&#038;p=619"},"modified":"2023-04-24T22:57:07","modified_gmt":"2023-04-24T22:57:07","slug":"reversus-d-arado-fixo-ecoagricola","status":"publish","type":"product","link":"https:\/\/eagricola.com.br\/es\/produto\/reversus-d-arado-fixo-ecoagricola\/","title":{"rendered":"Reversus D &#8211; Arado Fixo Ecoagr\u00edcola"},"content":{"rendered":"<p>O arado de discos Ecoagr\u00edcola, REVERSUS_D, foi projetado com estrutura refor\u00e7ada e resistente para suportar o esfor\u00e7o de seu trabalho de maneira din\u00e2mica e eficaz. Equipamento indicado para operar na constru\u00e7\u00e3o de curva de n\u00edvel e outros servi\u00e7os de ara\u00e7\u00e3o. Equipamento com configura\u00e7\u00e3o simples para facilitar os ajustes dos discos possibilitando assim, trabalhar em diversos tipos de solos. Al\u00e9m dos Cubos dos discos serem montados com rolamentos c\u00f4nicos, possu\u00ed tamb\u00e9m limpadores de discos, e possui como opcional a RODA GUIA.<\/p>\n","protected":false},"excerpt":{"rendered":"<p>O arado de discos Ecoagr\u00edcola, REVERSUS_D, foi projetado com estrutura refor\u00e7ada e resistente para suportar o esfor\u00e7o de seu trabalho de maneira din\u00e2mica e eficaz. Equipamento indicado para operar na constru\u00e7\u00e3o de curva de n\u00edvel e outros servi\u00e7os de ara\u00e7\u00e3o. Equipamento com configura\u00e7\u00e3o simples para facilitar os ajustes dos discos possibilitando assim, trabalhar em diversos &hellip;<\/p>\n<p class=\"read-more\"> <a class=\"\" href=\"https:\/\/eagricola.com.br\/es\/produto\/reversus-d-arado-fixo-ecoagricola\/\"> <span class=\"screen-reader-text\">Reversus D &#8211; Arado Fixo Ecoagr\u00edcola<\/span> Leer m\u00e1s &raquo;<\/a><\/p>\n","protected":false},"featured_media":1110,"comment_status":"open","ping_status":"closed","template":"","meta":{"_acf_changed":false,"site-sidebar-layout":"default","site-content-layout":"default","ast-global-header-display":"","ast-main-header-display":"","ast-hfb-above-header-display":"","ast-hfb-below-header-display":"","ast-hfb-mobile-header-display":"","site-post-title":"","ast-breadcrumbs-content":"","ast-featured-img":"","footer-sml-layout":"","theme-transparent-header-meta":"default","adv-header-id-meta":"","stick-header-meta":"","header-above-stick-meta":"","header-main-stick-meta":"","header-below-stick-meta":"","_joinchat":[]},"product_brand":[],"product_cat":[19],"product_tag":[],"class_list":{"0":"post-619","1":"product","2":"type-product","3":"status-publish","4":"has-post-thumbnail","6":"product_cat-linha-canavieira-utilitarios","8":"first","9":"instock","10":"shipping-taxable","11":"product-type-simple"},"acf":[],"_links":{"self":[{"href":"https:\/\/eagricola.com.br\/es\/wp-json\/wp\/v2\/product\/619","targetHints":{"allow":["GET"]}}],"collection":[{"href":"https:\/\/eagricola.com.br\/es\/wp-json\/wp\/v2\/product"}],"about":[{"href":"https:\/\/eagricola.com.br\/es\/wp-json\/wp\/v2\/types\/product"}],"replies":[{"embeddable":true,"href":"https:\/\/eagricola.com.br\/es\/wp-json\/wp\/v2\/comments?post=619"}],"wp:featuredmedia":[{"embeddable":true,"href":"https:\/\/eagricola.com.br\/es\/wp-json\/wp\/v2\/media\/1110"}],"wp:attachment":[{"href":"https:\/\/eagricola.com.br\/es\/wp-json\/wp\/v2\/media?parent=619"}],"wp:term":[{"taxonomy":"product_brand","embeddable":true,"href":"https:\/\/eagricola.com.br\/es\/wp-json\/wp\/v2\/product_brand?post=619"},{"taxonomy":"product_cat","embeddable":true,"href":"https:\/\/eagricola.com.br\/es\/wp-json\/wp\/v2\/product_cat?post=619"},{"taxonomy":"product_tag","embeddable":true,"href":"https:\/\/eagricola.com.br\/es\/wp-json\/wp\/v2\/product_tag?post=619"}],"curies":[{"name":"wp","href":"https:\/\/api.w.org\/{rel}","templated":true}]}}