{"id":609,"date":"2022-12-22T13:23:41","date_gmt":"2022-12-22T13:23:41","guid":{"rendered":"https:\/\/eagricola.com.br\/es\/?post_type=product&#038;p=609"},"modified":"2023-04-24T23:04:21","modified_gmt":"2023-04-24T23:04:21","slug":"renova-5-0-compostador-de-residuos-organicos","status":"publish","type":"product","link":"https:\/\/eagricola.com.br\/es\/produto\/renova-5-0-compostador-de-residuos-organicos\/","title":{"rendered":"Renova 5.0 &#8211; Compostador de Res\u00edduos Org\u00e2nicos"},"content":{"rendered":"<p>T\u00fanel com 5 metros de largura &#8211; Possibilidade de trabalhar com leiras em dimens\u00f5es aproximadas de 5,0 m x 1,80 m, resultando em maior produtividade.<\/p>\n<p>Sa\u00edda em \u00e2ngulo para melhor vaz\u00e3o para o material revolvido. 02 rotores \u201caletados\u201d em \u201caspiral\u201d, sendo o rotor principal acionado por cardan\/redutor e o rotor auxiliar superior acionado por motor hidr\u00e1ulico, proporcionando maior velocidade de deslocamento e maior produtividade, operando em conjunto (rotor inferior e rotor superior) n\u00e3o permitindo sobrecarga na transmiss\u00e3o e preservando a vida \u00fatil do conjunto de embreagem.<\/p>\n<p>Tracionado por trator 4&#215;4 com pot\u00eancia sugerida acima de 170 CV (vari\u00e1vel para MAIS ou para MENOS de acordo com as condi\u00e7\u00f5es do p\u00e1tio, umidade do material e dos in\u00fameros tipos de res\u00edduos), equipado com super-redutor (Creeper) e com 02 comandos hidr\u00e1ulicos (Cilindro de articula\u00e7\u00e3o e rolo superior).<\/p>\n<p>Diferenciais:<br \/>\n&#8211; Configura\u00e7\u00e3o de aletas MAXCORTE EcoAgricola:<br \/>\n&#8211; Perfil especifico para aumento da funcionalidade e efici\u00eancia ao longo de cada se\u00e7\u00e3o axial do rotor.<br \/>\n&#8211; Alta efici\u00eancia na aera\u00e7\u00e3o e desfragmenta\u00e7\u00e3o do composto.<br \/>\n&#8211; Sistema de transmiss\u00e3o ALTOTORQUE Ecoagricola.<br \/>\n&#8211; Rotor Superior (Exclusividade Ecoagricola):<br \/>\n&#8211; Tamb\u00e9m dotado do revolucion\u00e1rio sistema de aletas MAXCORTE EcoAgricola:<br \/>\n&#8211; Novo dimensionamento hidr\u00e1ulico.<br \/>\n&#8211; Distribui\u00e7\u00e3o de lastros decentralizada.<br \/>\n&#8211; Maior velocidade e capacidade operacional.<\/p>\n","protected":false},"excerpt":{"rendered":"<p>T\u00fanel com 5 metros de largura &#8211; Possibilidade de trabalhar com leiras em dimens\u00f5es aproximadas de 5,0 m x 1,80 m, resultando em maior produtividade. Sa\u00edda em \u00e2ngulo para melhor vaz\u00e3o para o material revolvido. 02 rotores \u201caletados\u201d em \u201caspiral\u201d, sendo o rotor principal acionado por cardan\/redutor e o rotor auxiliar superior acionado por motor &hellip;<\/p>\n<p class=\"read-more\"> <a class=\"\" href=\"https:\/\/eagricola.com.br\/es\/produto\/renova-5-0-compostador-de-residuos-organicos\/\"> <span class=\"screen-reader-text\">Renova 5.0 &#8211; Compostador de Res\u00edduos Org\u00e2nicos<\/span> Leer m\u00e1s &raquo;<\/a><\/p>\n","protected":false},"featured_media":1155,"comment_status":"open","ping_status":"closed","template":"","meta":{"_acf_changed":false,"site-sidebar-layout":"default","site-content-layout":"default","ast-global-header-display":"","ast-main-header-display":"","ast-hfb-above-header-display":"","ast-hfb-below-header-display":"","ast-hfb-mobile-header-display":"","site-post-title":"","ast-breadcrumbs-content":"","ast-featured-img":"","footer-sml-layout":"","theme-transparent-header-meta":"default","adv-header-id-meta":"","stick-header-meta":"","header-above-stick-meta":"","header-main-stick-meta":"","header-below-stick-meta":"","_joinchat":[]},"product_brand":[],"product_cat":[40],"product_tag":[],"class_list":{"0":"post-609","1":"product","2":"type-product","3":"status-publish","4":"has-post-thumbnail","6":"product_cat-compostadores","8":"first","9":"instock","10":"shipping-taxable","11":"product-type-simple"},"acf":[],"_links":{"self":[{"href":"https:\/\/eagricola.com.br\/es\/wp-json\/wp\/v2\/product\/609","targetHints":{"allow":["GET"]}}],"collection":[{"href":"https:\/\/eagricola.com.br\/es\/wp-json\/wp\/v2\/product"}],"about":[{"href":"https:\/\/eagricola.com.br\/es\/wp-json\/wp\/v2\/types\/product"}],"replies":[{"embeddable":true,"href":"https:\/\/eagricola.com.br\/es\/wp-json\/wp\/v2\/comments?post=609"}],"wp:featuredmedia":[{"embeddable":true,"href":"https:\/\/eagricola.com.br\/es\/wp-json\/wp\/v2\/media\/1155"}],"wp:attachment":[{"href":"https:\/\/eagricola.com.br\/es\/wp-json\/wp\/v2\/media?parent=609"}],"wp:term":[{"taxonomy":"product_brand","embeddable":true,"href":"https:\/\/eagricola.com.br\/es\/wp-json\/wp\/v2\/product_brand?post=609"},{"taxonomy":"product_cat","embeddable":true,"href":"https:\/\/eagricola.com.br\/es\/wp-json\/wp\/v2\/product_cat?post=609"},{"taxonomy":"product_tag","embeddable":true,"href":"https:\/\/eagricola.com.br\/es\/wp-json\/wp\/v2\/product_tag?post=609"}],"curies":[{"name":"wp","href":"https:\/\/api.w.org\/{rel}","templated":true}]}}