{"id":521,"date":"2022-12-22T12:17:02","date_gmt":"2022-12-22T12:17:02","guid":{"rendered":"https:\/\/eagricola.com.br\/es\/?post_type=product&#038;p=521"},"modified":"2023-04-24T23:29:39","modified_gmt":"2023-04-24T23:29:39","slug":"goih_e-300-grade-offset-intermediaria-hidraulica-especial","status":"publish","type":"product","link":"https:\/\/eagricola.com.br\/es\/produto\/goih_e-300-grade-offset-intermediaria-hidraulica-especial\/","title":{"rendered":"GOIH_E 300 &#8211; Grade Offset Intermedi\u00e1ria Hidr\u00e1ulica Especial"},"content":{"rendered":"<p>A Ecoagr\u00edcola visando o alto crescimento da vinda dos tratores de alta pot\u00eancia em \u00e2mbito nacional, desenvolveu uma linha especial de grades para atender esta nova tend\u00eancia de preparo de solo. A Grade Off set Intermedi\u00e1ria Hidr\u00e1ulica Especial (GOIH_300), pertence a uma fam\u00edlia especial e inovadora de grades que tem como principais caracter\u00edsticas: Robustez, Qualidade e Alto Desempenho. Suas atividades estendem-se para diversos tipos de opera\u00e7\u00e3o, como: para ara\u00e7\u00e3o em terrenos anteriormente cultivados com cereais, e\/ou para utiliza\u00e7\u00e3o p\u00f3s gradagem pesada em novas \u00e1reas ou canaviais, fazendo este trabalho com qualidade e perfei\u00e7\u00e3o. A abertura do \u00e2ngulo de corte \u00e9 feito atrav\u00e9s de cilindro hidr\u00e1ulico. Possui sistema de transporte inteligente com pneus 11L15 (28 e 32 discos), pneus 10,5\/80-18 (36 a 44 discos), pneus 1.000&#215;20 (48 a 80 discos) acionados via comando hidr\u00e1ulico direto da cabine do trator.. O cabe\u00e7alho possui sistema de articula\u00e7\u00e3o para facilitar o transporte. O deslocamento do equipamento \u00e9 feito atrav\u00e9s do rabicho do trator de forma angular, garantindo melhor efi ci\u00eancia e praticidade nas manobras pela propriedade.<\/p>\n","protected":false},"excerpt":{"rendered":"<p>A Ecoagr\u00edcola visando o alto crescimento da vinda dos tratores de alta pot\u00eancia em \u00e2mbito nacional, desenvolveu uma linha especial de grades para atender esta nova tend\u00eancia de preparo de solo. A Grade Off set Intermedi\u00e1ria Hidr\u00e1ulica Especial (GOIH_300), pertence a uma fam\u00edlia especial e inovadora de grades que tem como principais caracter\u00edsticas: Robustez, Qualidade &hellip;<\/p>\n<p class=\"read-more\"> <a class=\"\" href=\"https:\/\/eagricola.com.br\/es\/produto\/goih_e-300-grade-offset-intermediaria-hidraulica-especial\/\"> <span class=\"screen-reader-text\">GOIH_E 300 &#8211; Grade Offset Intermedi\u00e1ria Hidr\u00e1ulica Especial<\/span> Leer m\u00e1s &raquo;<\/a><\/p>\n","protected":false},"featured_media":1224,"comment_status":"open","ping_status":"closed","template":"","meta":{"_acf_changed":false,"site-sidebar-layout":"default","site-content-layout":"default","ast-global-header-display":"","ast-main-header-display":"","ast-hfb-above-header-display":"","ast-hfb-below-header-display":"","ast-hfb-mobile-header-display":"","site-post-title":"","ast-breadcrumbs-content":"","ast-featured-img":"","footer-sml-layout":"","theme-transparent-header-meta":"default","adv-header-id-meta":"","stick-header-meta":"","header-above-stick-meta":"","header-main-stick-meta":"","header-below-stick-meta":"","_joinchat":[]},"product_brand":[],"product_cat":[33,49,37],"product_tag":[],"class_list":{"0":"post-521","1":"product","2":"type-product","3":"status-publish","4":"has-post-thumbnail","6":"product_cat-grades","7":"product_cat-intermediaria","8":"product_cat-intermediarias","10":"first","11":"instock","12":"shipping-taxable","13":"product-type-simple"},"acf":[],"_links":{"self":[{"href":"https:\/\/eagricola.com.br\/es\/wp-json\/wp\/v2\/product\/521","targetHints":{"allow":["GET"]}}],"collection":[{"href":"https:\/\/eagricola.com.br\/es\/wp-json\/wp\/v2\/product"}],"about":[{"href":"https:\/\/eagricola.com.br\/es\/wp-json\/wp\/v2\/types\/product"}],"replies":[{"embeddable":true,"href":"https:\/\/eagricola.com.br\/es\/wp-json\/wp\/v2\/comments?post=521"}],"wp:featuredmedia":[{"embeddable":true,"href":"https:\/\/eagricola.com.br\/es\/wp-json\/wp\/v2\/media\/1224"}],"wp:attachment":[{"href":"https:\/\/eagricola.com.br\/es\/wp-json\/wp\/v2\/media?parent=521"}],"wp:term":[{"taxonomy":"product_brand","embeddable":true,"href":"https:\/\/eagricola.com.br\/es\/wp-json\/wp\/v2\/product_brand?post=521"},{"taxonomy":"product_cat","embeddable":true,"href":"https:\/\/eagricola.com.br\/es\/wp-json\/wp\/v2\/product_cat?post=521"},{"taxonomy":"product_tag","embeddable":true,"href":"https:\/\/eagricola.com.br\/es\/wp-json\/wp\/v2\/product_tag?post=521"}],"curies":[{"name":"wp","href":"https:\/\/api.w.org\/{rel}","templated":true}]}}