{"id":506,"date":"2022-12-22T12:08:09","date_gmt":"2022-12-22T12:08:09","guid":{"rendered":"https:\/\/eagricola.com.br\/es\/?post_type=product&#038;p=506"},"modified":"2023-04-24T23:30:47","modified_gmt":"2023-04-24T23:30:47","slug":"goih-grade-offset-intermediaria-hidraulica","status":"publish","type":"product","link":"https:\/\/eagricola.com.br\/es\/produto\/goih-grade-offset-intermediaria-hidraulica\/","title":{"rendered":"GOIH &#8211; Grade Offset Intermedi\u00e1ria Hidr\u00e1ulica"},"content":{"rendered":"<p>A Grade Intermedi\u00e1ria modelo GOIH, \u00e9 indicada para ara\u00e7\u00e3o em terrenos anteriormente cultivados com cereais, e\/ou para utiliza\u00e7\u00e3o p\u00f3s gradagem pesada em novas \u00e1reas ou canaviais, fazendo este trabalho com qualidade e perfei\u00e7\u00e3o. A abertura do \u00e2ngulo de corte \u00e9 feito atrav\u00e9s de cilindro hidr\u00e1ulico. Possui sistema de transporte inteligente com pneus 11L15 (28 a 32 discos); pneus 10,5 80-18 (36 a 44) e pneus 1.000 x 20 (48 a 80 discos), acionados via comando hidr\u00e1ulico direto da cabine do trator. O cabe\u00e7alho possui sistema de articula\u00e7\u00e3o para facilitar o transporte. O deslocamento do equipamento \u00e9 feito atrav\u00e9s do 3\u00ba ponto de forma angular, garantindo assim uma melhor efi ci\u00eancia e praticidade nas manobras pela proprieade.<\/p>\n","protected":false},"excerpt":{"rendered":"<p>A Grade Intermedi\u00e1ria modelo GOIH, \u00e9 indicada para ara\u00e7\u00e3o em terrenos anteriormente cultivados com cereais, e\/ou para utiliza\u00e7\u00e3o p\u00f3s gradagem pesada em novas \u00e1reas ou canaviais, fazendo este trabalho com qualidade e perfei\u00e7\u00e3o. A abertura do \u00e2ngulo de corte \u00e9 feito atrav\u00e9s de cilindro hidr\u00e1ulico. Possui sistema de transporte inteligente com pneus 11L15 (28 a &hellip;<\/p>\n<p class=\"read-more\"> <a class=\"\" href=\"https:\/\/eagricola.com.br\/es\/produto\/goih-grade-offset-intermediaria-hidraulica\/\"> <span class=\"screen-reader-text\">GOIH &#8211; Grade Offset Intermedi\u00e1ria Hidr\u00e1ulica<\/span> Leer m\u00e1s &raquo;<\/a><\/p>\n","protected":false},"featured_media":1231,"comment_status":"open","ping_status":"closed","template":"","meta":{"_acf_changed":false,"site-sidebar-layout":"default","site-content-layout":"default","ast-global-header-display":"","ast-main-header-display":"","ast-hfb-above-header-display":"","ast-hfb-below-header-display":"","ast-hfb-mobile-header-display":"","site-post-title":"","ast-breadcrumbs-content":"","ast-featured-img":"","footer-sml-layout":"","theme-transparent-header-meta":"default","adv-header-id-meta":"","stick-header-meta":"","header-above-stick-meta":"","header-main-stick-meta":"","header-below-stick-meta":"","_joinchat":[]},"product_brand":[],"product_cat":[33,49,37],"product_tag":[],"class_list":{"0":"post-506","1":"product","2":"type-product","3":"status-publish","4":"has-post-thumbnail","6":"product_cat-grades","7":"product_cat-intermediaria","8":"product_cat-intermediarias","10":"first","11":"instock","12":"shipping-taxable","13":"product-type-simple"},"acf":[],"_links":{"self":[{"href":"https:\/\/eagricola.com.br\/es\/wp-json\/wp\/v2\/product\/506","targetHints":{"allow":["GET"]}}],"collection":[{"href":"https:\/\/eagricola.com.br\/es\/wp-json\/wp\/v2\/product"}],"about":[{"href":"https:\/\/eagricola.com.br\/es\/wp-json\/wp\/v2\/types\/product"}],"replies":[{"embeddable":true,"href":"https:\/\/eagricola.com.br\/es\/wp-json\/wp\/v2\/comments?post=506"}],"wp:featuredmedia":[{"embeddable":true,"href":"https:\/\/eagricola.com.br\/es\/wp-json\/wp\/v2\/media\/1231"}],"wp:attachment":[{"href":"https:\/\/eagricola.com.br\/es\/wp-json\/wp\/v2\/media?parent=506"}],"wp:term":[{"taxonomy":"product_brand","embeddable":true,"href":"https:\/\/eagricola.com.br\/es\/wp-json\/wp\/v2\/product_brand?post=506"},{"taxonomy":"product_cat","embeddable":true,"href":"https:\/\/eagricola.com.br\/es\/wp-json\/wp\/v2\/product_cat?post=506"},{"taxonomy":"product_tag","embeddable":true,"href":"https:\/\/eagricola.com.br\/es\/wp-json\/wp\/v2\/product_tag?post=506"}],"curies":[{"name":"wp","href":"https:\/\/api.w.org\/{rel}","templated":true}]}}