{"id":493,"date":"2022-12-22T12:02:05","date_gmt":"2022-12-22T12:02:05","guid":{"rendered":"https:\/\/eagricola.com.br\/es\/?post_type=product&#038;p=493"},"modified":"2023-04-24T23:36:08","modified_gmt":"2023-04-24T23:36:08","slug":"gnl-grade-niveladora-leve","status":"publish","type":"product","link":"https:\/\/eagricola.com.br\/es\/produto\/gnl-grade-niveladora-leve\/","title":{"rendered":"GNL &#8211; Grade Niveladora Leve"},"content":{"rendered":"<p>A Grade Niveladora GNL, foi desenvolvida para garantir o destorroamento, nivelamento e bom acabamento do ciclo de preparo de solo, permitindo assim que as demais opera\u00e7\u00f5es como o plantio e posteriormente a colheita mecanizada possa ocorrer com o m\u00e1ximo de efi ci\u00eancia. Com discos recortados na se\u00e7\u00e3o dianteira e lisos na se\u00e7\u00e3o traseira (opcional), oferece um melhor acabamento de solo. Este modelo oferece ampla regulagem para ajuste de \u00e2ngulo de corte da grade, com cilindro hidr\u00e1ulico ou mec\u00e2nico. Os equipamentos nos tamanhos 36 a 54 discos, tem em sua confi gura\u00e7\u00e3o os chassis sem articula\u00e7\u00e3o (r\u00edgido).<\/p>\n","protected":false},"excerpt":{"rendered":"<p>A Grade Niveladora GNL, foi desenvolvida para garantir o destorroamento, nivelamento e bom acabamento do ciclo de preparo de solo, permitindo assim que as demais opera\u00e7\u00f5es como o plantio e posteriormente a colheita mecanizada possa ocorrer com o m\u00e1ximo de efi ci\u00eancia. Com discos recortados na se\u00e7\u00e3o dianteira e lisos na se\u00e7\u00e3o traseira (opcional), oferece &hellip;<\/p>\n<p class=\"read-more\"> <a class=\"\" href=\"https:\/\/eagricola.com.br\/es\/produto\/gnl-grade-niveladora-leve\/\"> <span class=\"screen-reader-text\">GNL &#8211; Grade Niveladora Leve<\/span> Leer m\u00e1s &raquo;<\/a><\/p>\n","protected":false},"featured_media":1266,"comment_status":"open","ping_status":"closed","template":"","meta":{"_acf_changed":false,"site-sidebar-layout":"default","site-content-layout":"default","ast-global-header-display":"","ast-main-header-display":"","ast-hfb-above-header-display":"","ast-hfb-below-header-display":"","ast-hfb-mobile-header-display":"","site-post-title":"","ast-breadcrumbs-content":"","ast-featured-img":"","footer-sml-layout":"","theme-transparent-header-meta":"default","adv-header-id-meta":"","stick-header-meta":"","header-above-stick-meta":"","header-main-stick-meta":"","header-below-stick-meta":"","_joinchat":[]},"product_brand":[],"product_cat":[33,48,36],"product_tag":[],"class_list":{"0":"post-493","1":"product","2":"type-product","3":"status-publish","4":"has-post-thumbnail","6":"product_cat-grades","7":"product_cat-niveladora","8":"product_cat-niveladoras","10":"first","11":"instock","12":"shipping-taxable","13":"product-type-simple"},"acf":[],"_links":{"self":[{"href":"https:\/\/eagricola.com.br\/es\/wp-json\/wp\/v2\/product\/493","targetHints":{"allow":["GET"]}}],"collection":[{"href":"https:\/\/eagricola.com.br\/es\/wp-json\/wp\/v2\/product"}],"about":[{"href":"https:\/\/eagricola.com.br\/es\/wp-json\/wp\/v2\/types\/product"}],"replies":[{"embeddable":true,"href":"https:\/\/eagricola.com.br\/es\/wp-json\/wp\/v2\/comments?post=493"}],"wp:featuredmedia":[{"embeddable":true,"href":"https:\/\/eagricola.com.br\/es\/wp-json\/wp\/v2\/media\/1266"}],"wp:attachment":[{"href":"https:\/\/eagricola.com.br\/es\/wp-json\/wp\/v2\/media?parent=493"}],"wp:term":[{"taxonomy":"product_brand","embeddable":true,"href":"https:\/\/eagricola.com.br\/es\/wp-json\/wp\/v2\/product_brand?post=493"},{"taxonomy":"product_cat","embeddable":true,"href":"https:\/\/eagricola.com.br\/es\/wp-json\/wp\/v2\/product_cat?post=493"},{"taxonomy":"product_tag","embeddable":true,"href":"https:\/\/eagricola.com.br\/es\/wp-json\/wp\/v2\/product_tag?post=493"}],"curies":[{"name":"wp","href":"https:\/\/api.w.org\/{rel}","templated":true}]}}