{"id":486,"date":"2022-12-22T11:59:48","date_gmt":"2022-12-22T11:59:48","guid":{"rendered":"https:\/\/eagricola.com.br\/es\/?post_type=product&#038;p=486"},"modified":"2023-04-24T23:35:42","modified_gmt":"2023-04-24T23:35:42","slug":"gnfe-grade-niveladora-especial-flutuante-especial-sem-tandem","status":"publish","type":"product","link":"https:\/\/eagricola.com.br\/es\/produto\/gnfe-grade-niveladora-especial-flutuante-especial-sem-tandem\/","title":{"rendered":"GNFE &#8211; Grade Niveladora Especial Flutuante Especial (sem Tandem)"},"content":{"rendered":"<p>A Grade Niveladora Flutuante \u00e9 fabricada nos tamanhos 36 a 80 discos, sem tandem, com opcional de discos recortados na se\u00e7\u00e3o dianteira e lisos na se\u00e7\u00e3o traseira, que conferem melhor acabamento do solo. A GNFE garante excelente desempenho no destorroamento, nivelamento e bom acabamento do ciclo de preparo do solo, permitindo assim, que as demais opera\u00e7\u00f5es, como plantio e posterior colheita mecanizada, possam ocorrer com o m\u00e1ximo de efici\u00eancia.<\/p>\n","protected":false},"excerpt":{"rendered":"<p>A Grade Niveladora Flutuante \u00e9 fabricada nos tamanhos 36 a 80 discos, sem tandem, com opcional de discos recortados na se\u00e7\u00e3o dianteira e lisos na se\u00e7\u00e3o traseira, que conferem melhor acabamento do solo. A GNFE garante excelente desempenho no destorroamento, nivelamento e bom acabamento do ciclo de preparo do solo, permitindo assim, que as demais &hellip;<\/p>\n<p class=\"read-more\"> <a class=\"\" href=\"https:\/\/eagricola.com.br\/es\/produto\/gnfe-grade-niveladora-especial-flutuante-especial-sem-tandem\/\"> <span class=\"screen-reader-text\">GNFE &#8211; Grade Niveladora Especial Flutuante Especial (sem Tandem)<\/span> Leer m\u00e1s &raquo;<\/a><\/p>\n","protected":false},"featured_media":488,"comment_status":"open","ping_status":"closed","template":"","meta":{"_acf_changed":false,"site-sidebar-layout":"default","site-content-layout":"default","ast-global-header-display":"","ast-main-header-display":"","ast-hfb-above-header-display":"","ast-hfb-below-header-display":"","ast-hfb-mobile-header-display":"","site-post-title":"","ast-breadcrumbs-content":"","ast-featured-img":"","footer-sml-layout":"","theme-transparent-header-meta":"default","adv-header-id-meta":"","stick-header-meta":"","header-above-stick-meta":"","header-main-stick-meta":"","header-below-stick-meta":"","_joinchat":[]},"product_brand":[],"product_cat":[33,48,36],"product_tag":[],"class_list":{"0":"post-486","1":"product","2":"type-product","3":"status-publish","4":"has-post-thumbnail","6":"product_cat-grades","7":"product_cat-niveladora","8":"product_cat-niveladoras","10":"first","11":"instock","12":"shipping-taxable","13":"product-type-simple"},"acf":[],"_links":{"self":[{"href":"https:\/\/eagricola.com.br\/es\/wp-json\/wp\/v2\/product\/486","targetHints":{"allow":["GET"]}}],"collection":[{"href":"https:\/\/eagricola.com.br\/es\/wp-json\/wp\/v2\/product"}],"about":[{"href":"https:\/\/eagricola.com.br\/es\/wp-json\/wp\/v2\/types\/product"}],"replies":[{"embeddable":true,"href":"https:\/\/eagricola.com.br\/es\/wp-json\/wp\/v2\/comments?post=486"}],"wp:featuredmedia":[{"embeddable":true,"href":"https:\/\/eagricola.com.br\/es\/wp-json\/wp\/v2\/media\/488"}],"wp:attachment":[{"href":"https:\/\/eagricola.com.br\/es\/wp-json\/wp\/v2\/media?parent=486"}],"wp:term":[{"taxonomy":"product_brand","embeddable":true,"href":"https:\/\/eagricola.com.br\/es\/wp-json\/wp\/v2\/product_brand?post=486"},{"taxonomy":"product_cat","embeddable":true,"href":"https:\/\/eagricola.com.br\/es\/wp-json\/wp\/v2\/product_cat?post=486"},{"taxonomy":"product_tag","embeddable":true,"href":"https:\/\/eagricola.com.br\/es\/wp-json\/wp\/v2\/product_tag?post=486"}],"curies":[{"name":"wp","href":"https:\/\/api.w.org\/{rel}","templated":true}]}}