{"id":459,"date":"2022-12-19T19:15:28","date_gmt":"2022-12-19T19:15:28","guid":{"rendered":"https:\/\/eagricola.com.br\/es\/?post_type=product&#038;p=459"},"modified":"2023-04-24T23:35:25","modified_gmt":"2023-04-24T23:35:25","slug":"gne-grade-niveladora-ecoagricola","status":"publish","type":"product","link":"https:\/\/eagricola.com.br\/es\/produto\/gne-grade-niveladora-ecoagricola\/","title":{"rendered":"GNE &#8211; Grade Niveladora Ecoagr\u00edcola"},"content":{"rendered":"<p>A Grade Niveladora modelo GNE, foi desenvolvida para garantir o destorroamento, nivelamento e bom acabamento do ciclo de preparo do solo, permitindo assim que as demais opera\u00e7\u00f5es como plantio e posterior colheita mecanizada, possam ocorrer com o m\u00e1ximo de efici\u00eancia. O conjunto do rodado possui 2 pneus 11L15 ou 400\/60 (opcional), acionados via comando hidr\u00e1ulico, direto da cabine do trator (controle remoto), para realizar o transporte com a maior praticidade poss\u00edvel.<\/p>\n","protected":false},"excerpt":{"rendered":"<p>A Grade Niveladora modelo GNE, foi desenvolvida para garantir o destorroamento, nivelamento e bom acabamento do ciclo de preparo do solo, permitindo assim que as demais opera\u00e7\u00f5es como plantio e posterior colheita mecanizada, possam ocorrer com o m\u00e1ximo de efici\u00eancia. O conjunto do rodado possui 2 pneus 11L15 ou 400\/60 (opcional), acionados via comando hidr\u00e1ulico, &hellip;<\/p>\n<p class=\"read-more\"> <a class=\"\" href=\"https:\/\/eagricola.com.br\/es\/produto\/gne-grade-niveladora-ecoagricola\/\"> <span class=\"screen-reader-text\">GNE &#8211; Grade Niveladora Ecoagr\u00edcola<\/span> Leer m\u00e1s &raquo;<\/a><\/p>\n","protected":false},"featured_media":461,"comment_status":"open","ping_status":"closed","template":"","meta":{"_acf_changed":false,"site-sidebar-layout":"default","site-content-layout":"default","ast-global-header-display":"","ast-main-header-display":"","ast-hfb-above-header-display":"","ast-hfb-below-header-display":"","ast-hfb-mobile-header-display":"","site-post-title":"","ast-breadcrumbs-content":"","ast-featured-img":"","footer-sml-layout":"","theme-transparent-header-meta":"default","adv-header-id-meta":"","stick-header-meta":"","header-above-stick-meta":"","header-main-stick-meta":"","header-below-stick-meta":"","_joinchat":[]},"product_brand":[],"product_cat":[33,48,36],"product_tag":[],"class_list":{"0":"post-459","1":"product","2":"type-product","3":"status-publish","4":"has-post-thumbnail","6":"product_cat-grades","7":"product_cat-niveladora","8":"product_cat-niveladoras","10":"first","11":"instock","12":"shipping-taxable","13":"product-type-simple"},"acf":[],"_links":{"self":[{"href":"https:\/\/eagricola.com.br\/es\/wp-json\/wp\/v2\/product\/459","targetHints":{"allow":["GET"]}}],"collection":[{"href":"https:\/\/eagricola.com.br\/es\/wp-json\/wp\/v2\/product"}],"about":[{"href":"https:\/\/eagricola.com.br\/es\/wp-json\/wp\/v2\/types\/product"}],"replies":[{"embeddable":true,"href":"https:\/\/eagricola.com.br\/es\/wp-json\/wp\/v2\/comments?post=459"}],"wp:featuredmedia":[{"embeddable":true,"href":"https:\/\/eagricola.com.br\/es\/wp-json\/wp\/v2\/media\/461"}],"wp:attachment":[{"href":"https:\/\/eagricola.com.br\/es\/wp-json\/wp\/v2\/media?parent=459"}],"wp:term":[{"taxonomy":"product_brand","embeddable":true,"href":"https:\/\/eagricola.com.br\/es\/wp-json\/wp\/v2\/product_brand?post=459"},{"taxonomy":"product_cat","embeddable":true,"href":"https:\/\/eagricola.com.br\/es\/wp-json\/wp\/v2\/product_cat?post=459"},{"taxonomy":"product_tag","embeddable":true,"href":"https:\/\/eagricola.com.br\/es\/wp-json\/wp\/v2\/product_tag?post=459"}],"curies":[{"name":"wp","href":"https:\/\/api.w.org\/{rel}","templated":true}]}}