{"id":440,"date":"2022-12-19T19:07:04","date_gmt":"2022-12-19T19:07:04","guid":{"rendered":"https:\/\/eagricola.com.br\/es\/?post_type=product&#038;p=440"},"modified":"2023-04-24T23:30:17","modified_gmt":"2023-04-24T23:30:17","slug":"gicr-e-grade-intermediaria-especial-controle-remoto","status":"publish","type":"product","link":"https:\/\/eagricola.com.br\/es\/produto\/gicr-e-grade-intermediaria-especial-controle-remoto\/","title":{"rendered":"GICR E &#8211; Grade Intermedi\u00e1ria Especial Controle Remoto"},"content":{"rendered":"<p>A Grade Intermedi\u00e1ria GICR_E, com espa\u00e7amento de 300 mm entre disco, destaca-se pela sua estrutura totalmente refor\u00e7ada, proporcionando maior vida \u00fatil ao equipamento, permitindo efetuar sua atividade com alto desempenho em diversas condi\u00e7\u00f5es de solo. Indicada para preparo em terrenos anteriormente cultivados com cereais e\/ou para utiliza\u00e7\u00e3o p\u00f3s gradagem pesada em novas \u00e1reas ou canaviais. O conjunto do rodado possui 2 pneus 11L15 (12 a 22 discos ) ou 2 pneus 10,5\/80-18 (24 a 30 discos), acionado via comando hidr\u00e1ulico direto da cabine do trator (controle remoto).<\/p>\n","protected":false},"excerpt":{"rendered":"<p>A Grade Intermedi\u00e1ria GICR_E, com espa\u00e7amento de 300 mm entre disco, destaca-se pela sua estrutura totalmente refor\u00e7ada, proporcionando maior vida \u00fatil ao equipamento, permitindo efetuar sua atividade com alto desempenho em diversas condi\u00e7\u00f5es de solo. Indicada para preparo em terrenos anteriormente cultivados com cereais e\/ou para utiliza\u00e7\u00e3o p\u00f3s gradagem pesada em novas \u00e1reas ou canaviais. &hellip;<\/p>\n<p class=\"read-more\"> <a class=\"\" href=\"https:\/\/eagricola.com.br\/es\/produto\/gicr-e-grade-intermediaria-especial-controle-remoto\/\"> <span class=\"screen-reader-text\">GICR E &#8211; Grade Intermedi\u00e1ria Especial Controle Remoto<\/span> Leer m\u00e1s &raquo;<\/a><\/p>\n","protected":false},"featured_media":1226,"comment_status":"open","ping_status":"closed","template":"","meta":{"_acf_changed":false,"site-sidebar-layout":"default","site-content-layout":"default","ast-global-header-display":"","ast-main-header-display":"","ast-hfb-above-header-display":"","ast-hfb-below-header-display":"","ast-hfb-mobile-header-display":"","site-post-title":"","ast-breadcrumbs-content":"","ast-featured-img":"","footer-sml-layout":"","theme-transparent-header-meta":"default","adv-header-id-meta":"","stick-header-meta":"","header-above-stick-meta":"","header-main-stick-meta":"","header-below-stick-meta":"","_joinchat":[]},"product_brand":[],"product_cat":[33,49,37],"product_tag":[],"class_list":{"0":"post-440","1":"product","2":"type-product","3":"status-publish","4":"has-post-thumbnail","6":"product_cat-grades","7":"product_cat-intermediaria","8":"product_cat-intermediarias","10":"first","11":"instock","12":"shipping-taxable","13":"product-type-simple"},"acf":[],"_links":{"self":[{"href":"https:\/\/eagricola.com.br\/es\/wp-json\/wp\/v2\/product\/440","targetHints":{"allow":["GET"]}}],"collection":[{"href":"https:\/\/eagricola.com.br\/es\/wp-json\/wp\/v2\/product"}],"about":[{"href":"https:\/\/eagricola.com.br\/es\/wp-json\/wp\/v2\/types\/product"}],"replies":[{"embeddable":true,"href":"https:\/\/eagricola.com.br\/es\/wp-json\/wp\/v2\/comments?post=440"}],"wp:featuredmedia":[{"embeddable":true,"href":"https:\/\/eagricola.com.br\/es\/wp-json\/wp\/v2\/media\/1226"}],"wp:attachment":[{"href":"https:\/\/eagricola.com.br\/es\/wp-json\/wp\/v2\/media?parent=440"}],"wp:term":[{"taxonomy":"product_brand","embeddable":true,"href":"https:\/\/eagricola.com.br\/es\/wp-json\/wp\/v2\/product_brand?post=440"},{"taxonomy":"product_cat","embeddable":true,"href":"https:\/\/eagricola.com.br\/es\/wp-json\/wp\/v2\/product_cat?post=440"},{"taxonomy":"product_tag","embeddable":true,"href":"https:\/\/eagricola.com.br\/es\/wp-json\/wp\/v2\/product_tag?post=440"}],"curies":[{"name":"wp","href":"https:\/\/api.w.org\/{rel}","templated":true}]}}