{"id":433,"date":"2022-12-19T19:05:06","date_gmt":"2022-12-19T19:05:06","guid":{"rendered":"https:\/\/eagricola.com.br\/es\/?post_type=product&#038;p=433"},"modified":"2023-04-24T23:31:25","modified_gmt":"2023-04-24T23:31:25","slug":"gicr-grade-intermediaria-controle-remoto","status":"publish","type":"product","link":"https:\/\/eagricola.com.br\/es\/produto\/gicr-grade-intermediaria-controle-remoto\/","title":{"rendered":"GICR &#8211; Grade Intermedi\u00e1ria Controle Remoto"},"content":{"rendered":"<p>A Grade Intermedi\u00e1ria modelo GICR, destaca-se por sua estrutura totalmente refor\u00e7ada, proporcionando maior vida \u00fatil ao equipamento, onde permite efetuar sua atividade com alto desempenho em diversas condi\u00e7\u00f5es de solo. Indicada para preparo em terrenos anteriormente cultivados com cereais e\/ou para utiliza\u00e7\u00e3o p\u00f3s gradagem pesada em novas \u00e1reas ou canaviais. O conjunto do rodado possui 2 pneus 11L15 (12 a 26 discos) ou 2 pneus 10,5\/80- 18 (28 a 40 discos), acionados via comando hidr\u00e1ulico direto da cabine do trator (controle remoto). Nos tamanhos de 12, 14, 16 e 18 discos possu\u00ed sistema de barra estabilizadora para acionamento de transporte, j\u00e1 nos tamanhos de 20 a 40 discos possu\u00ed sistema de cilindro no cabe\u00e7alho.<\/p>\n","protected":false},"excerpt":{"rendered":"<p>A Grade Intermedi\u00e1ria modelo GICR, destaca-se por sua estrutura totalmente refor\u00e7ada, proporcionando maior vida \u00fatil ao equipamento, onde permite efetuar sua atividade com alto desempenho em diversas condi\u00e7\u00f5es de solo. Indicada para preparo em terrenos anteriormente cultivados com cereais e\/ou para utiliza\u00e7\u00e3o p\u00f3s gradagem pesada em novas \u00e1reas ou canaviais. O conjunto do rodado possui &hellip;<\/p>\n<p class=\"read-more\"> <a class=\"\" href=\"https:\/\/eagricola.com.br\/es\/produto\/gicr-grade-intermediaria-controle-remoto\/\"> <span class=\"screen-reader-text\">GICR &#8211; Grade Intermedi\u00e1ria Controle Remoto<\/span> Leer m\u00e1s &raquo;<\/a><\/p>\n","protected":false},"featured_media":435,"comment_status":"open","ping_status":"closed","template":"","meta":{"_acf_changed":false,"site-sidebar-layout":"default","site-content-layout":"default","ast-global-header-display":"","ast-main-header-display":"","ast-hfb-above-header-display":"","ast-hfb-below-header-display":"","ast-hfb-mobile-header-display":"","site-post-title":"","ast-breadcrumbs-content":"","ast-featured-img":"","footer-sml-layout":"","theme-transparent-header-meta":"default","adv-header-id-meta":"","stick-header-meta":"","header-above-stick-meta":"","header-main-stick-meta":"","header-below-stick-meta":"","_joinchat":[]},"product_brand":[],"product_cat":[33,49,37],"product_tag":[],"class_list":{"0":"post-433","1":"product","2":"type-product","3":"status-publish","4":"has-post-thumbnail","6":"product_cat-grades","7":"product_cat-intermediaria","8":"product_cat-intermediarias","10":"first","11":"instock","12":"shipping-taxable","13":"product-type-simple"},"acf":[],"_links":{"self":[{"href":"https:\/\/eagricola.com.br\/es\/wp-json\/wp\/v2\/product\/433","targetHints":{"allow":["GET"]}}],"collection":[{"href":"https:\/\/eagricola.com.br\/es\/wp-json\/wp\/v2\/product"}],"about":[{"href":"https:\/\/eagricola.com.br\/es\/wp-json\/wp\/v2\/types\/product"}],"replies":[{"embeddable":true,"href":"https:\/\/eagricola.com.br\/es\/wp-json\/wp\/v2\/comments?post=433"}],"wp:featuredmedia":[{"embeddable":true,"href":"https:\/\/eagricola.com.br\/es\/wp-json\/wp\/v2\/media\/435"}],"wp:attachment":[{"href":"https:\/\/eagricola.com.br\/es\/wp-json\/wp\/v2\/media?parent=433"}],"wp:term":[{"taxonomy":"product_brand","embeddable":true,"href":"https:\/\/eagricola.com.br\/es\/wp-json\/wp\/v2\/product_brand?post=433"},{"taxonomy":"product_cat","embeddable":true,"href":"https:\/\/eagricola.com.br\/es\/wp-json\/wp\/v2\/product_cat?post=433"},{"taxonomy":"product_tag","embeddable":true,"href":"https:\/\/eagricola.com.br\/es\/wp-json\/wp\/v2\/product_tag?post=433"}],"curies":[{"name":"wp","href":"https:\/\/api.w.org\/{rel}","templated":true}]}}