{"id":403,"date":"2022-12-19T18:51:47","date_gmt":"2022-12-19T18:51:47","guid":{"rendered":"https:\/\/eagricola.com.br\/es\/?post_type=product&#038;p=403"},"modified":"2023-04-24T23:27:45","modified_gmt":"2023-04-24T23:27:45","slug":"gapm-h-grade-aradora-pesada-de-arrasto","status":"publish","type":"product","link":"https:\/\/eagricola.com.br\/es\/produto\/gapm-h-grade-aradora-pesada-de-arrasto\/","title":{"rendered":"GAPM H &#8211; Grade Aradora Pesada de Arrasto"},"content":{"rendered":"<p>A\u00a0<b>Grade Aradora Pesada de Arrasto com abertura mec\u00e2nica ou hidr\u00e1ulica (GAPM_H)<\/b>\u00a0foi projetada para ser utilizada no preparo de diferentes tipos de solo previamente cultivados ou abertura de novas terras destinadas ao plantio, fazendo este trabalho com qualidade e perfei\u00e7\u00e3o requeridas pelos agricultores de diversas culturas. Este modelo oferece ampla regulagem para ajuste de \u00e2ngulo de corte da grade, com cilindro hidr\u00e1ulico e mec\u00e2nico.<\/p>\n","protected":false},"excerpt":{"rendered":"<p>A\u00a0Grade Aradora Pesada de Arrasto com abertura mec\u00e2nica ou hidr\u00e1ulica (GAPM_H)\u00a0foi projetada para ser utilizada no preparo de diferentes tipos de solo previamente cultivados ou abertura de novas terras destinadas ao plantio, fazendo este trabalho com qualidade e perfei\u00e7\u00e3o requeridas pelos agricultores de diversas culturas. Este modelo oferece ampla regulagem para ajuste de \u00e2ngulo de &hellip;<\/p>\n<p class=\"read-more\"> <a class=\"\" href=\"https:\/\/eagricola.com.br\/es\/produto\/gapm-h-grade-aradora-pesada-de-arrasto\/\"> <span class=\"screen-reader-text\">GAPM H &#8211; Grade Aradora Pesada de Arrasto<\/span> Leer m\u00e1s &raquo;<\/a><\/p>\n","protected":false},"featured_media":1208,"comment_status":"open","ping_status":"closed","template":"","meta":{"_acf_changed":false,"site-sidebar-layout":"default","site-content-layout":"default","ast-global-header-display":"","ast-main-header-display":"","ast-hfb-above-header-display":"","ast-hfb-below-header-display":"","ast-hfb-mobile-header-display":"","site-post-title":"","ast-breadcrumbs-content":"","ast-featured-img":"","footer-sml-layout":"","theme-transparent-header-meta":"default","adv-header-id-meta":"","stick-header-meta":"","header-above-stick-meta":"","header-main-stick-meta":"","header-below-stick-meta":"","_joinchat":[]},"product_brand":[],"product_cat":[34,33],"product_tag":[],"class_list":{"0":"post-403","1":"product","2":"type-product","3":"status-publish","4":"has-post-thumbnail","6":"product_cat-aradora-pesada","7":"product_cat-grades","9":"first","10":"instock","11":"shipping-taxable","12":"product-type-simple"},"acf":[],"_links":{"self":[{"href":"https:\/\/eagricola.com.br\/es\/wp-json\/wp\/v2\/product\/403","targetHints":{"allow":["GET"]}}],"collection":[{"href":"https:\/\/eagricola.com.br\/es\/wp-json\/wp\/v2\/product"}],"about":[{"href":"https:\/\/eagricola.com.br\/es\/wp-json\/wp\/v2\/types\/product"}],"replies":[{"embeddable":true,"href":"https:\/\/eagricola.com.br\/es\/wp-json\/wp\/v2\/comments?post=403"}],"wp:featuredmedia":[{"embeddable":true,"href":"https:\/\/eagricola.com.br\/es\/wp-json\/wp\/v2\/media\/1208"}],"wp:attachment":[{"href":"https:\/\/eagricola.com.br\/es\/wp-json\/wp\/v2\/media?parent=403"}],"wp:term":[{"taxonomy":"product_brand","embeddable":true,"href":"https:\/\/eagricola.com.br\/es\/wp-json\/wp\/v2\/product_brand?post=403"},{"taxonomy":"product_cat","embeddable":true,"href":"https:\/\/eagricola.com.br\/es\/wp-json\/wp\/v2\/product_cat?post=403"},{"taxonomy":"product_tag","embeddable":true,"href":"https:\/\/eagricola.com.br\/es\/wp-json\/wp\/v2\/product_tag?post=403"}],"curies":[{"name":"wp","href":"https:\/\/api.w.org\/{rel}","templated":true}]}}