{"id":395,"date":"2022-12-19T13:32:04","date_gmt":"2022-12-19T13:32:04","guid":{"rendered":"https:\/\/eagricola.com.br\/es\/?post_type=product&#038;p=395"},"modified":"2023-04-24T23:29:16","modified_gmt":"2023-04-24T23:29:16","slug":"gape-grade-aradora-pesada-especial-controle-remoto","status":"publish","type":"product","link":"https:\/\/eagricola.com.br\/es\/produto\/gape-grade-aradora-pesada-especial-controle-remoto\/","title":{"rendered":"GAPE &#8211; Grade Aradora Pesada Especial (Controle Remoto)"},"content":{"rendered":"<p>A EcoAgr\u00edcola visando o alto crescimento da vinda dos tratores de alta pot\u00eancia em \u00e2mbito nacional, desenvolveu uma linha especial de Grades para atender esta nova tend\u00eancia de preparo de solo.<br \/>\nA Grade Aradora Pesada Especial EcoAgr\u00edcola (GAPE), pertence \u00e0 uma familia especial e inovadora de grades que tem como principais caracter\u00edsticas: Robustez, Qualidade e Alto Desempenho. Suas atividades estende-se para diversos tipos de opera\u00e7\u00f5es, como: Reforma de \u00e1reas, Desbravamento de novas \u00e1reas, Elimina\u00e7\u00e3o de ervas daninhas, Quebras de torr\u00f5es, Incorpora\u00e7\u00e3o de palhada ao solo, entre outras atividades. O Conjunto de rodado \u00e9 composto por quatro Pneus conforme a tabela a baixo, acionados via comando hidr\u00e1ulico direto da cabine do trator (Cont. Remoto).<\/p>\n","protected":false},"excerpt":{"rendered":"<p>A EcoAgr\u00edcola visando o alto crescimento da vinda dos tratores de alta pot\u00eancia em \u00e2mbito nacional, desenvolveu uma linha especial de Grades para atender esta nova tend\u00eancia de preparo de solo. A Grade Aradora Pesada Especial EcoAgr\u00edcola (GAPE), pertence \u00e0 uma familia especial e inovadora de grades que tem como principais caracter\u00edsticas: Robustez, Qualidade e &hellip;<\/p>\n<p class=\"read-more\"> <a class=\"\" href=\"https:\/\/eagricola.com.br\/es\/produto\/gape-grade-aradora-pesada-especial-controle-remoto\/\"> <span class=\"screen-reader-text\">GAPE &#8211; Grade Aradora Pesada Especial (Controle Remoto)<\/span> Leer m\u00e1s &raquo;<\/a><\/p>\n","protected":false},"featured_media":1222,"comment_status":"open","ping_status":"closed","template":"","meta":{"_acf_changed":false,"site-sidebar-layout":"default","site-content-layout":"default","ast-global-header-display":"","ast-main-header-display":"","ast-hfb-above-header-display":"","ast-hfb-below-header-display":"","ast-hfb-mobile-header-display":"","site-post-title":"","ast-breadcrumbs-content":"","ast-featured-img":"","footer-sml-layout":"","theme-transparent-header-meta":"default","adv-header-id-meta":"","stick-header-meta":"","header-above-stick-meta":"","header-main-stick-meta":"","header-below-stick-meta":"","_joinchat":[]},"product_brand":[],"product_cat":[34,33],"product_tag":[],"class_list":{"0":"post-395","1":"product","2":"type-product","3":"status-publish","4":"has-post-thumbnail","6":"product_cat-aradora-pesada","7":"product_cat-grades","9":"first","10":"instock","11":"shipping-taxable","12":"product-type-simple"},"acf":[],"_links":{"self":[{"href":"https:\/\/eagricola.com.br\/es\/wp-json\/wp\/v2\/product\/395","targetHints":{"allow":["GET"]}}],"collection":[{"href":"https:\/\/eagricola.com.br\/es\/wp-json\/wp\/v2\/product"}],"about":[{"href":"https:\/\/eagricola.com.br\/es\/wp-json\/wp\/v2\/types\/product"}],"replies":[{"embeddable":true,"href":"https:\/\/eagricola.com.br\/es\/wp-json\/wp\/v2\/comments?post=395"}],"wp:featuredmedia":[{"embeddable":true,"href":"https:\/\/eagricola.com.br\/es\/wp-json\/wp\/v2\/media\/1222"}],"wp:attachment":[{"href":"https:\/\/eagricola.com.br\/es\/wp-json\/wp\/v2\/media?parent=395"}],"wp:term":[{"taxonomy":"product_brand","embeddable":true,"href":"https:\/\/eagricola.com.br\/es\/wp-json\/wp\/v2\/product_brand?post=395"},{"taxonomy":"product_cat","embeddable":true,"href":"https:\/\/eagricola.com.br\/es\/wp-json\/wp\/v2\/product_cat?post=395"},{"taxonomy":"product_tag","embeddable":true,"href":"https:\/\/eagricola.com.br\/es\/wp-json\/wp\/v2\/product_tag?post=395"}],"curies":[{"name":"wp","href":"https:\/\/api.w.org\/{rel}","templated":true}]}}