{"id":390,"date":"2022-12-19T13:04:41","date_gmt":"2022-12-19T13:04:41","guid":{"rendered":"https:\/\/eagricola.com.br\/es\/?post_type=product&#038;p=390"},"modified":"2023-04-24T23:27:56","modified_gmt":"2023-04-24T23:27:56","slug":"gap-o-grade-aradora-pesada-offset","status":"publish","type":"product","link":"https:\/\/eagricola.com.br\/es\/produto\/gap-o-grade-aradora-pesada-offset\/","title":{"rendered":"GAP O &#8211; Grade Aradora Pesada Offset"},"content":{"rendered":"<p>A Grade Aradora Pesada_Off set (GAP_O) foi projetada para ser utilizada no preparo de diferentes tipos de solo previamente cultivados ou abertura de novas terras destinadas ao plantio, fazendo este trabalho com qualidade e perfei\u00e7\u00e3o requeridas pelos agricultores de diversas culturas. Este modelo oferece ampla regulagem para ajuste de \u00e2ngulo de corte da grade atrav\u00e9s do cilindro hidr\u00e1ulico. A GAP_O pertence a uma fam\u00edlia especial e inovadora de grades que tem como principais caracter\u00edsticas: Robustez, Qualidade e Alto Desempenho. Possui sistema de transporte inteligente com pneus 11L15 (12 e 18 discos), pneus 10,5\/80-18 (20 a 24 discos) e pneus 1.000&#215;20 (26 a 34 discos) acionados via comando hidr\u00e1ulico direto da cabine do trator. O cabe\u00e7alho possui sistema de articula\u00e7\u00e3o para facilitar o transporte. O deslocamento do equipamento \u00e9 feito atrav\u00e9s do 03\u00ba ponto do trator de forma angular, garantindo melhor efi ci\u00eancia e praticidade nas manobras pela propriedade.<\/p>\n","protected":false},"excerpt":{"rendered":"<p>A Grade Aradora Pesada_Off set (GAP_O) foi projetada para ser utilizada no preparo de diferentes tipos de solo previamente cultivados ou abertura de novas terras destinadas ao plantio, fazendo este trabalho com qualidade e perfei\u00e7\u00e3o requeridas pelos agricultores de diversas culturas. Este modelo oferece ampla regulagem para ajuste de \u00e2ngulo de corte da grade atrav\u00e9s &hellip;<\/p>\n<p class=\"read-more\"> <a class=\"\" href=\"https:\/\/eagricola.com.br\/es\/produto\/gap-o-grade-aradora-pesada-offset\/\"> <span class=\"screen-reader-text\">GAP O &#8211; Grade Aradora Pesada Offset<\/span> Leer m\u00e1s &raquo;<\/a><\/p>\n","protected":false},"featured_media":1217,"comment_status":"open","ping_status":"closed","template":"","meta":{"_acf_changed":false,"site-sidebar-layout":"default","site-content-layout":"default","ast-global-header-display":"","ast-main-header-display":"","ast-hfb-above-header-display":"","ast-hfb-below-header-display":"","ast-hfb-mobile-header-display":"","site-post-title":"","ast-breadcrumbs-content":"","ast-featured-img":"","footer-sml-layout":"","theme-transparent-header-meta":"default","adv-header-id-meta":"","stick-header-meta":"","header-above-stick-meta":"","header-main-stick-meta":"","header-below-stick-meta":"","_joinchat":[]},"product_brand":[],"product_cat":[34,33],"product_tag":[],"class_list":{"0":"post-390","1":"product","2":"type-product","3":"status-publish","4":"has-post-thumbnail","6":"product_cat-aradora-pesada","7":"product_cat-grades","9":"first","10":"instock","11":"shipping-taxable","12":"product-type-simple"},"acf":[],"_links":{"self":[{"href":"https:\/\/eagricola.com.br\/es\/wp-json\/wp\/v2\/product\/390","targetHints":{"allow":["GET"]}}],"collection":[{"href":"https:\/\/eagricola.com.br\/es\/wp-json\/wp\/v2\/product"}],"about":[{"href":"https:\/\/eagricola.com.br\/es\/wp-json\/wp\/v2\/types\/product"}],"replies":[{"embeddable":true,"href":"https:\/\/eagricola.com.br\/es\/wp-json\/wp\/v2\/comments?post=390"}],"wp:featuredmedia":[{"embeddable":true,"href":"https:\/\/eagricola.com.br\/es\/wp-json\/wp\/v2\/media\/1217"}],"wp:attachment":[{"href":"https:\/\/eagricola.com.br\/es\/wp-json\/wp\/v2\/media?parent=390"}],"wp:term":[{"taxonomy":"product_brand","embeddable":true,"href":"https:\/\/eagricola.com.br\/es\/wp-json\/wp\/v2\/product_brand?post=390"},{"taxonomy":"product_cat","embeddable":true,"href":"https:\/\/eagricola.com.br\/es\/wp-json\/wp\/v2\/product_cat?post=390"},{"taxonomy":"product_tag","embeddable":true,"href":"https:\/\/eagricola.com.br\/es\/wp-json\/wp\/v2\/product_tag?post=390"}],"curies":[{"name":"wp","href":"https:\/\/api.w.org\/{rel}","templated":true}]}}