{"id":315,"date":"2022-12-19T11:53:30","date_gmt":"2022-12-19T11:53:30","guid":{"rendered":"https:\/\/eagricola.com.br\/es\/?post_type=product&#038;p=315"},"modified":"2023-04-24T23:24:36","modified_gmt":"2023-04-24T23:24:36","slug":"eleva-e-terraceador-de-arrasto-p-construcao-de-terraco-embutido","status":"publish","type":"product","link":"https:\/\/eagricola.com.br\/es\/produto\/eleva-e-terraceador-de-arrasto-p-construcao-de-terraco-embutido\/","title":{"rendered":"Eleva E &#8211; Terraceador de Arrasto p\/ Constru\u00e7\u00e3o de Terra\u00e7o Embutido"},"content":{"rendered":"<p>A Ecoagricola buscando a satisfa\u00e7\u00e3o de seus clientes no setor sucroalcooleiro e agr\u00edcola em geral, lan\u00e7a desta vez o super Terraceador ELEVA E para constru\u00e7\u00e3o de terra\u00e7os embutidos. Equipamento destinado \u00e0 otimiza\u00e7\u00e3o deste tipo de opera\u00e7\u00e3o, uma vez que ao usar este terraceador, o cliente por sua vez ter\u00e1 uma redu\u00e7\u00e3o expressiva em seu custo operacional, pois elimina-se o uso de maquin\u00e1rios de grande porte, como: moto niveladora, tratores de esteira e p\u00e1s-carregadeiras, somente sendo necess\u00e1rio o uso destes equipamentos no acabamento final do terra\u00e7o. Outro fator importante e vantajoso deste equipamento, \u00e9 que al\u00e9m do terra\u00e7o embutido, este equipamento tamb\u00e9m constr\u00f3i TERRA\u00c7OS DE BASE LARGA, e para tal, \u00e9 necess\u00e1rio apenas abaixar os 2 chassis laterais para obter a configura\u00e7\u00e3o desejada. Possui sistema de rodados individuais controlados hidraulicamente, proporcionando agilidade na opera\u00e7\u00e3o. Na vers\u00e3o do ELEVA 30 E &#8211; a dimens\u00e3o do terra\u00e7o de base larga \u00e9 de 12,00 M e no terra\u00e7o de base embutida \u00e9 de 1,30 m x 6,00 m.<\/p>\n","protected":false},"excerpt":{"rendered":"<p>A Ecoagricola buscando a satisfa\u00e7\u00e3o de seus clientes no setor sucroalcooleiro e agr\u00edcola em geral, lan\u00e7a desta vez o super Terraceador ELEVA E para constru\u00e7\u00e3o de terra\u00e7os embutidos. Equipamento destinado \u00e0 otimiza\u00e7\u00e3o deste tipo de opera\u00e7\u00e3o, uma vez que ao usar este terraceador, o cliente por sua vez ter\u00e1 uma redu\u00e7\u00e3o expressiva em seu custo &hellip;<\/p>\n<p class=\"read-more\"> <a class=\"\" href=\"https:\/\/eagricola.com.br\/es\/produto\/eleva-e-terraceador-de-arrasto-p-construcao-de-terraco-embutido\/\"> <span class=\"screen-reader-text\">Eleva E &#8211; Terraceador de Arrasto p\/ Constru\u00e7\u00e3o de Terra\u00e7o Embutido<\/span> Leer m\u00e1s &raquo;<\/a><\/p>\n","protected":false},"featured_media":1187,"comment_status":"open","ping_status":"closed","template":"","meta":{"_acf_changed":false,"site-sidebar-layout":"default","site-content-layout":"default","ast-global-header-display":"","ast-main-header-display":"","ast-hfb-above-header-display":"","ast-hfb-below-header-display":"","ast-hfb-mobile-header-display":"","site-post-title":"","ast-breadcrumbs-content":"","ast-featured-img":"","footer-sml-layout":"","theme-transparent-header-meta":"default","adv-header-id-meta":"","stick-header-meta":"","header-above-stick-meta":"","header-main-stick-meta":"","header-below-stick-meta":"","_joinchat":[]},"product_brand":[],"product_cat":[25],"product_tag":[],"class_list":{"0":"post-315","1":"product","2":"type-product","3":"status-publish","4":"has-post-thumbnail","6":"product_cat-terraceador","8":"first","9":"instock","10":"shipping-taxable","11":"product-type-simple"},"acf":[],"_links":{"self":[{"href":"https:\/\/eagricola.com.br\/es\/wp-json\/wp\/v2\/product\/315","targetHints":{"allow":["GET"]}}],"collection":[{"href":"https:\/\/eagricola.com.br\/es\/wp-json\/wp\/v2\/product"}],"about":[{"href":"https:\/\/eagricola.com.br\/es\/wp-json\/wp\/v2\/types\/product"}],"replies":[{"embeddable":true,"href":"https:\/\/eagricola.com.br\/es\/wp-json\/wp\/v2\/comments?post=315"}],"wp:featuredmedia":[{"embeddable":true,"href":"https:\/\/eagricola.com.br\/es\/wp-json\/wp\/v2\/media\/1187"}],"wp:attachment":[{"href":"https:\/\/eagricola.com.br\/es\/wp-json\/wp\/v2\/media?parent=315"}],"wp:term":[{"taxonomy":"product_brand","embeddable":true,"href":"https:\/\/eagricola.com.br\/es\/wp-json\/wp\/v2\/product_brand?post=315"},{"taxonomy":"product_cat","embeddable":true,"href":"https:\/\/eagricola.com.br\/es\/wp-json\/wp\/v2\/product_cat?post=315"},{"taxonomy":"product_tag","embeddable":true,"href":"https:\/\/eagricola.com.br\/es\/wp-json\/wp\/v2\/product_tag?post=315"}],"curies":[{"name":"wp","href":"https:\/\/api.w.org\/{rel}","templated":true}]}}