{"id":302,"date":"2022-12-19T11:46:51","date_gmt":"2022-12-19T11:46:51","guid":{"rendered":"https:\/\/eagricola.com.br\/es\/?post_type=product&#038;p=302"},"modified":"2023-04-24T23:03:00","modified_gmt":"2023-04-24T23:03:00","slug":"ecotrans-1600-transbordo-de-cerais","status":"publish","type":"product","link":"https:\/\/eagricola.com.br\/es\/produto\/ecotrans-1600-transbordo-de-cerais\/","title":{"rendered":"Ecotrans 1600 &#8211; Transbordo de Cerais"},"content":{"rendered":"<p>Este equipamento foi desenvolvido pensando em atender os produtores de gr\u00e3os de uma maneira geral, proporcionando agilidade na colheita e escoamento dos gr\u00e3os. O equipamento realiza o transporte dos gr\u00e3os da colheitadeira para os caminh\u00f5es que v\u00e3o dar escoamento a safra de soja, milho, feij\u00e3o e etc.<br \/>\nLevantamento e Basculamento: Sistemas independentes para levante e basculamento dotados de 4 cilindros hidr\u00e1ulicos. Conjunto do Rodado: Sistema tandem com eixo central biapoiado. Comporta Lateral: Para efetuar descarregamento da carga.<br \/>\nEscadas: na parte traseira do cesto e na dianteira, e uma escada interna para acesso ao interior do cesto. Capacidade de Carga: 3 vers\u00f5es (ver tabela abaixo). OPCIONAL: Kit Patola para maior estabilidade na descarga sobre a plantadora. OPCIONAL: Kit Pneum\u00e1tico com tubo telesc\u00f3pico para carregamento de adubo nas plantadoras.<\/p>\n","protected":false},"excerpt":{"rendered":"<p>Este equipamento foi desenvolvido pensando em atender os produtores de gr\u00e3os de uma maneira geral, proporcionando agilidade na colheita e escoamento dos gr\u00e3os. O equipamento realiza o transporte dos gr\u00e3os da colheitadeira para os caminh\u00f5es que v\u00e3o dar escoamento a safra de soja, milho, feij\u00e3o e etc. Levantamento e Basculamento: Sistemas independentes para levante e &hellip;<\/p>\n<p class=\"read-more\"> <a class=\"\" href=\"https:\/\/eagricola.com.br\/es\/produto\/ecotrans-1600-transbordo-de-cerais\/\"> <span class=\"screen-reader-text\">Ecotrans 1600 &#8211; Transbordo de Cerais<\/span> Leer m\u00e1s &raquo;<\/a><\/p>\n","protected":false},"featured_media":1140,"comment_status":"open","ping_status":"closed","template":"","meta":{"_acf_changed":false,"site-sidebar-layout":"default","site-content-layout":"default","ast-global-header-display":"","ast-main-header-display":"","ast-hfb-above-header-display":"","ast-hfb-below-header-display":"","ast-hfb-mobile-header-display":"","site-post-title":"","ast-breadcrumbs-content":"","ast-featured-img":"","footer-sml-layout":"","theme-transparent-header-meta":"default","adv-header-id-meta":"","stick-header-meta":"","header-above-stick-meta":"","header-main-stick-meta":"","header-below-stick-meta":"","_joinchat":[]},"product_brand":[],"product_cat":[30],"product_tag":[],"class_list":{"0":"post-302","1":"product","2":"type-product","3":"status-publish","4":"has-post-thumbnail","6":"product_cat-transbordos","8":"first","9":"instock","10":"shipping-taxable","11":"product-type-simple"},"acf":[],"_links":{"self":[{"href":"https:\/\/eagricola.com.br\/es\/wp-json\/wp\/v2\/product\/302","targetHints":{"allow":["GET"]}}],"collection":[{"href":"https:\/\/eagricola.com.br\/es\/wp-json\/wp\/v2\/product"}],"about":[{"href":"https:\/\/eagricola.com.br\/es\/wp-json\/wp\/v2\/types\/product"}],"replies":[{"embeddable":true,"href":"https:\/\/eagricola.com.br\/es\/wp-json\/wp\/v2\/comments?post=302"}],"wp:featuredmedia":[{"embeddable":true,"href":"https:\/\/eagricola.com.br\/es\/wp-json\/wp\/v2\/media\/1140"}],"wp:attachment":[{"href":"https:\/\/eagricola.com.br\/es\/wp-json\/wp\/v2\/media?parent=302"}],"wp:term":[{"taxonomy":"product_brand","embeddable":true,"href":"https:\/\/eagricola.com.br\/es\/wp-json\/wp\/v2\/product_brand?post=302"},{"taxonomy":"product_cat","embeddable":true,"href":"https:\/\/eagricola.com.br\/es\/wp-json\/wp\/v2\/product_cat?post=302"},{"taxonomy":"product_tag","embeddable":true,"href":"https:\/\/eagricola.com.br\/es\/wp-json\/wp\/v2\/product_tag?post=302"}],"curies":[{"name":"wp","href":"https:\/\/api.w.org\/{rel}","templated":true}]}}