{"id":283,"date":"2022-12-19T11:24:25","date_gmt":"2022-12-19T11:24:25","guid":{"rendered":"https:\/\/eagricola.com.br\/es\/?post_type=product&#038;p=283"},"modified":"2023-04-24T23:02:12","modified_gmt":"2023-04-24T23:02:12","slug":"aquaplant-tanque-para-plantio","status":"publish","type":"product","link":"https:\/\/eagricola.com.br\/es\/produto\/aquaplant-tanque-para-plantio\/","title":{"rendered":"Aquaplant &#8211; Tanque para Plantio"},"content":{"rendered":"<p>Este equipamento foi desenvolvido para armazenar \u00e1gua ou gel para uso em plantio de eucalipto, irrigando as plantas ap\u00f3s serem transplantadas para o solo.<\/p>\n<p>Possui plataformas nas laterais e traseira do equipamento para armazenar as mudas a serem plantadas.<\/p>\n<p>Possui tamb\u00e9m bra\u00e7os com acionamento hidr\u00e1ulico nas laterais esquerda e direita com (7) sa\u00eddas onde s\u00e3o engatadas as mangueiras para irrigar as mudas, possui tanque auxiliar para manter as mudas irrigadas nas plataformas do equipamento que est\u00e3o aguardando para serem plantadas. A bomba que aciona todo sistema do tanque \u00e9 acionada atrav\u00e9s de motor hidr\u00e1ulico e possui caixa porta ferramentas.<\/p>\n<p><b>Tanque:<\/b>\u00a0Capacidade \u00fatil de 7.000 litros, com base de 8 pontos de fixa\u00e7\u00e3o refor\u00e7ados, garantindo excelente acomoda\u00e7\u00e3o e seguran\u00e7a estrutural ao conjunto, bordas do tanque possuem dobras, o que confere ao projeto refor\u00e7o estrutural e bom acabamento nas soldas (MIG).<\/p>\n<p><b>Tanden:<\/b>\u00a0Constru\u00eddo com viga de (3\/8\u201d) sem furo central, o que garante integridade estrutural ao conjunto;<\/p>\n<p><b>Barras Laterais:<\/b>Bra\u00e7os separados aparafusados com facilidade para desmontar e reparar\/substituir, parcial ou total. Pivotados sobre luvas de tecnyl.<\/p>\n<p><b>Tanque auxiliar:\u00a0<\/b>Capacidade de 300 litros; Transl\u00facido para visualiza\u00e7\u00e3o da calda; Bomba el\u00e9trica com capacidade de 20 litros\/minuto, com filtro. Esse conjunto fica alojado sobre o pr\u00f3prio tanque.<\/p>\n<p><b>Escadas:<\/b>\u00a0Escada traseira completamente dobr\u00e1vel.<\/p>\n<p><b>Compressor:<\/b>\u00a0Compressor com reservat\u00f3rio adaptado a parte superior do tanque e o compressor em si adaptado ao sistema de motor hidr\u00e1ulico que aciona as bombas d\u2019\u00e1gua.<\/p>\n<p><b>Bombas:<\/b>\u00a002 bombas NAX 51 acionadas por motor hidr\u00e1ulico com kit de entrada e sa\u00edda em 03 vias.<\/p>\n<p><b>Suportes e canaletas:<\/b>\u00a0Disponibiliza\u00e7\u00e3o de entrega do produto j\u00e1 com os suportes e caneletas utilizados no sistema de controle el\u00e9trico pneum\u00e1tico do implemento. Evitando assim adapta\u00e7\u00f5es e retrabalhos de solda e pintura.<\/p>\n","protected":false},"excerpt":{"rendered":"<p>Este equipamento foi desenvolvido para armazenar \u00e1gua ou gel para uso em plantio de eucalipto, irrigando as plantas ap\u00f3s serem transplantadas para o solo. Possui plataformas nas laterais e traseira do equipamento para armazenar as mudas a serem plantadas. Possui tamb\u00e9m bra\u00e7os com acionamento hidr\u00e1ulico nas laterais esquerda e direita com (7) sa\u00eddas onde s\u00e3o &hellip;<\/p>\n<p class=\"read-more\"> <a class=\"\" href=\"https:\/\/eagricola.com.br\/es\/produto\/aquaplant-tanque-para-plantio\/\"> <span class=\"screen-reader-text\">Aquaplant &#8211; Tanque para Plantio<\/span> Leer m\u00e1s &raquo;<\/a><\/p>\n","protected":false},"featured_media":1130,"comment_status":"open","ping_status":"closed","template":"","meta":{"_acf_changed":false,"site-sidebar-layout":"default","site-content-layout":"default","ast-global-header-display":"","ast-main-header-display":"","ast-hfb-above-header-display":"","ast-hfb-below-header-display":"","ast-hfb-mobile-header-display":"","site-post-title":"","ast-breadcrumbs-content":"","ast-featured-img":"","footer-sml-layout":"","theme-transparent-header-meta":"default","adv-header-id-meta":"","stick-header-meta":"","header-above-stick-meta":"","header-main-stick-meta":"","header-below-stick-meta":"","_joinchat":[]},"product_brand":[],"product_cat":[27],"product_tag":[],"class_list":{"0":"post-283","1":"product","2":"type-product","3":"status-publish","4":"has-post-thumbnail","6":"product_cat-linha-florestal","8":"first","9":"instock","10":"shipping-taxable","11":"product-type-simple"},"acf":[],"_links":{"self":[{"href":"https:\/\/eagricola.com.br\/es\/wp-json\/wp\/v2\/product\/283","targetHints":{"allow":["GET"]}}],"collection":[{"href":"https:\/\/eagricola.com.br\/es\/wp-json\/wp\/v2\/product"}],"about":[{"href":"https:\/\/eagricola.com.br\/es\/wp-json\/wp\/v2\/types\/product"}],"replies":[{"embeddable":true,"href":"https:\/\/eagricola.com.br\/es\/wp-json\/wp\/v2\/comments?post=283"}],"wp:featuredmedia":[{"embeddable":true,"href":"https:\/\/eagricola.com.br\/es\/wp-json\/wp\/v2\/media\/1130"}],"wp:attachment":[{"href":"https:\/\/eagricola.com.br\/es\/wp-json\/wp\/v2\/media?parent=283"}],"wp:term":[{"taxonomy":"product_brand","embeddable":true,"href":"https:\/\/eagricola.com.br\/es\/wp-json\/wp\/v2\/product_brand?post=283"},{"taxonomy":"product_cat","embeddable":true,"href":"https:\/\/eagricola.com.br\/es\/wp-json\/wp\/v2\/product_cat?post=283"},{"taxonomy":"product_tag","embeddable":true,"href":"https:\/\/eagricola.com.br\/es\/wp-json\/wp\/v2\/product_tag?post=283"}],"curies":[{"name":"wp","href":"https:\/\/api.w.org\/{rel}","templated":true}]}}