{"id":72,"date":"2022-09-04T18:33:20","date_gmt":"2022-09-04T18:33:20","guid":{"rendered":"https:\/\/eagricola.com.br\/es\/?page_id=72"},"modified":"2023-04-26T10:36:57","modified_gmt":"2023-04-26T10:36:57","slug":"sobre-nos","status":"publish","type":"page","link":"https:\/\/eagricola.com.br\/es\/sobre-nos\/","title":{"rendered":"Sobre nosotros"},"content":{"rendered":"\t\t<div data-elementor-type=\"wp-page\" data-elementor-id=\"72\" class=\"elementor elementor-72\">\n\t\t\t\t\t\t<section class=\"elementor-section elementor-top-section elementor-element elementor-element-2857cfa elementor-section-full_width elementor-section-height-default elementor-section-height-default\" data-id=\"2857cfa\" data-element_type=\"section\" data-settings=\"{&quot;background_background&quot;:&quot;classic&quot;}\">\n\t\t\t\t\t\t<div class=\"elementor-container elementor-column-gap-default\">\n\t\t\t\t\t<div class=\"elementor-column elementor-col-100 elementor-top-column elementor-element elementor-element-036bd1d\" data-id=\"036bd1d\" data-element_type=\"column\">\n\t\t\t<div class=\"elementor-widget-wrap elementor-element-populated\">\n\t\t\t\t\t\t\t<\/div>\n\t\t<\/div>\n\t\t\t\t\t<\/div>\n\t\t<\/section>\n\t\t\t\t<section class=\"elementor-section elementor-top-section elementor-element elementor-element-3f6fb4a elementor-section-boxed elementor-section-height-default elementor-section-height-default\" data-id=\"3f6fb4a\" data-element_type=\"section\">\n\t\t\t\t\t\t<div class=\"elementor-container elementor-column-gap-default\">\n\t\t\t\t\t<div class=\"elementor-column elementor-col-100 elementor-top-column elementor-element elementor-element-c8ab395\" data-id=\"c8ab395\" data-element_type=\"column\">\n\t\t\t<div class=\"elementor-widget-wrap elementor-element-populated\">\n\t\t\t\t\t\t<div class=\"elementor-element elementor-element-0201e0a elementor-widget elementor-widget-heading\" data-id=\"0201e0a\" data-element_type=\"widget\" data-widget_type=\"heading.default\">\n\t\t\t\t<div class=\"elementor-widget-container\">\n\t\t\t\t\t<h2 class=\"elementor-heading-title elementor-size-default\">Un poco de nuestra historia<\/h2>\t\t\t\t<\/div>\n\t\t\t\t<\/div>\n\t\t\t\t<div class=\"elementor-element elementor-element-db57aa8 elementor-widget elementor-widget-spacer\" data-id=\"db57aa8\" data-element_type=\"widget\" data-widget_type=\"spacer.default\">\n\t\t\t\t<div class=\"elementor-widget-container\">\n\t\t\t\t\t\t\t<div class=\"elementor-spacer\">\n\t\t\t<div class=\"elementor-spacer-inner\"><\/div>\n\t\t<\/div>\n\t\t\t\t\t\t<\/div>\n\t\t\t\t<\/div>\n\t\t\t\t<section class=\"elementor-section elementor-inner-section elementor-element elementor-element-71d046d elementor-section-full_width elementor-section-height-default elementor-section-height-default\" data-id=\"71d046d\" data-element_type=\"section\">\n\t\t\t\t\t\t<div class=\"elementor-container elementor-column-gap-default\">\n\t\t\t\t\t<div class=\"elementor-column elementor-col-50 elementor-inner-column elementor-element elementor-element-f8e8e87\" data-id=\"f8e8e87\" data-element_type=\"column\">\n\t\t\t<div class=\"elementor-widget-wrap elementor-element-populated\">\n\t\t\t\t\t\t<div class=\"elementor-element elementor-element-3bc8cbc elementor-widget elementor-widget-text-editor\" data-id=\"3bc8cbc\" data-element_type=\"widget\" data-widget_type=\"text-editor.default\">\n\t\t\t\t<div class=\"elementor-widget-container\">\n\t\t\t\t\t\t\t\t\t<p>EcoAgr\u00edcola naci\u00f3 en 2010, en Araras-SP, con la audaz meta de ser m\u00e1s que una fabricante de equipos agr\u00edcolas, sino de ofrecer al mercado equipos con diferenciales en ingenier\u00eda y tecnolog\u00eda que garanticen desempe\u00f1o y robustez inigualables.<\/p><p>La marca EcoAgr\u00edcola fue nombrada as\u00ed para refrendar su ADN de sustentabilidad, ya que su primer equipo fue un compostador que transforma los residuos org\u00e1nicos en fertilizante, agregando valor a toda la cadena productiva.<\/p>\t\t\t\t\t\t\t\t<\/div>\n\t\t\t\t<\/div>\n\t\t\t\t\t<\/div>\n\t\t<\/div>\n\t\t\t\t<div class=\"elementor-column elementor-col-50 elementor-inner-column elementor-element elementor-element-f04ff8f elementor-hidden-tablet elementor-hidden-mobile\" data-id=\"f04ff8f\" data-element_type=\"column\">\n\t\t\t<div class=\"elementor-widget-wrap elementor-element-populated\">\n\t\t\t\t\t\t<div class=\"elementor-element elementor-element-94afae5 elementor-widget elementor-widget-image\" data-id=\"94afae5\" data-element_type=\"widget\" data-widget_type=\"image.default\">\n\t\t\t\t<div class=\"elementor-widget-container\">\n\t\t\t\t\t\t\t\t\t\t\t\t\t\t\t<img fetchpriority=\"high\" decoding=\"async\" width=\"691\" height=\"390\" src=\"https:\/\/eagricola.com.br\/es\/wp-content\/uploads\/2022\/09\/slider_01_v4.png\" class=\"attachment-large size-large wp-image-73\" alt=\"\" srcset=\"https:\/\/eagricola.com.br\/es\/wp-content\/uploads\/2022\/09\/slider_01_v4.png 691w, https:\/\/eagricola.com.br\/es\/wp-content\/uploads\/2022\/09\/slider_01_v4-500x282.png 500w, https:\/\/eagricola.com.br\/es\/wp-content\/uploads\/2022\/09\/slider_01_v4-300x169.png 300w\" sizes=\"(max-width: 691px) 100vw, 691px\" \/>\t\t\t\t\t\t\t\t\t\t\t\t\t\t\t<\/div>\n\t\t\t\t<\/div>\n\t\t\t\t\t<\/div>\n\t\t<\/div>\n\t\t\t\t\t<\/div>\n\t\t<\/section>\n\t\t\t\t<div class=\"elementor-element elementor-element-4d2ade1 elementor-widget elementor-widget-text-editor\" data-id=\"4d2ade1\" data-element_type=\"widget\" data-widget_type=\"text-editor.default\">\n\t\t\t\t<div class=\"elementor-widget-container\">\n\t\t\t\t\t\t\t\t\t<p>Durante este per\u00edodo, nos convertimos en l\u00edderes en el desarrollo de tecnolog\u00edas y tambi\u00e9n en ventas en el mercado del compostaje. Producimos m\u00e1quinas con rendimiento hasta tres veces superior a otros fabricantes nacionales. Atendemos a varios sectores y clientes de diferentes tama\u00f1os, desde peque\u00f1os productores hasta ingenios, haciendas, cebaderos y ciudades.<\/p><p>Adem\u00e1s de la producci\u00f3n de compostadores, la inversi\u00f3n en ingenier\u00eda y tecnolog\u00eda combinada con nuestra experiencia ha dado como resultado una amplia gama de productos que van desde gradas de diferentes tama\u00f1os: bancales, escarificadores, subsoladores, plantadores y distribuidores de ca\u00f1a de az\u00facar, distribuidores de caliza y torta de filtraci\u00f3n\/org\u00e1nica fertilizantes, transferencias, subsoladores forestales y otros productos complementarios.<\/p><p>EcoAgr\u00edcola opera desde la preparaci\u00f3n del suelo hasta la cosecha en los m\u00e1s variados cultivos y procesos agr\u00edcolas. Ofrece soluciones innovadoras en todas las \u00e1reas de actividad, ya que cuenta con un equipo con d\u00e9cadas de experiencia en el mercado agr\u00edcola e invierte fuertemente en innovaci\u00f3n.<\/p><p>Pensamos en grande, asumimos riesgos, actuamos r\u00e1pido, respetamos las dificultades y buscamos continuamente la excelencia en las peque\u00f1as y grandes cosas.<\/p><p>Estamos orgullosos, celebrados y reconocidos por nuestro liderazgo en el mercado del compostaje, por nuestros resultados y nuestras entregas de calidad.<\/p><p>Actuamos guiados por un alto nivel de responsabilidad, poniendo siempre la \u00e9tica al frente de todas las decisiones.<\/p>\t\t\t\t\t\t\t\t<\/div>\n\t\t\t\t<\/div>\n\t\t\t\t\t<\/div>\n\t\t<\/div>\n\t\t\t\t\t<\/div>\n\t\t<\/section>\n\t\t\t\t<section class=\"elementor-section elementor-top-section elementor-element elementor-element-8357d5f elementor-section-boxed elementor-section-height-default elementor-section-height-default\" data-id=\"8357d5f\" data-element_type=\"section\">\n\t\t\t\t\t\t<div class=\"elementor-container elementor-column-gap-default\">\n\t\t\t\t\t<div class=\"elementor-column elementor-col-100 elementor-top-column elementor-element elementor-element-9cb1435\" data-id=\"9cb1435\" data-element_type=\"column\">\n\t\t\t<div class=\"elementor-widget-wrap elementor-element-populated\">\n\t\t\t\t\t\t<div class=\"elementor-element elementor-element-15114ef elementor-widget elementor-widget-image\" data-id=\"15114ef\" data-element_type=\"widget\" data-widget_type=\"image.default\">\n\t\t\t\t<div class=\"elementor-widget-container\">\n\t\t\t\t\t\t\t\t\t\t\t\t\t\t\t<img decoding=\"async\" width=\"1024\" height=\"683\" src=\"https:\/\/eagricola.com.br\/es\/wp-content\/uploads\/2022\/09\/AdobeStock_457332892-1024x683.jpg\" class=\"attachment-large size-large wp-image-192\" alt=\"\" srcset=\"https:\/\/eagricola.com.br\/es\/wp-content\/uploads\/2022\/09\/AdobeStock_457332892-1024x683.jpg 1024w, https:\/\/eagricola.com.br\/es\/wp-content\/uploads\/2022\/09\/AdobeStock_457332892-500x333.jpg 500w, https:\/\/eagricola.com.br\/es\/wp-content\/uploads\/2022\/09\/AdobeStock_457332892-300x200.jpg 300w, https:\/\/eagricola.com.br\/es\/wp-content\/uploads\/2022\/09\/AdobeStock_457332892-768x512.jpg 768w, https:\/\/eagricola.com.br\/es\/wp-content\/uploads\/2022\/09\/AdobeStock_457332892-1536x1024.jpg 1536w, https:\/\/eagricola.com.br\/es\/wp-content\/uploads\/2022\/09\/AdobeStock_457332892.jpg 1920w\" sizes=\"(max-width: 1024px) 100vw, 1024px\" \/>\t\t\t\t\t\t\t\t\t\t\t\t\t\t\t<\/div>\n\t\t\t\t<\/div>\n\t\t\t\t<div class=\"elementor-element elementor-element-e96fa5f elementor-widget__width-inherit elementor-widget elementor-widget-heading\" data-id=\"e96fa5f\" data-element_type=\"widget\" data-widget_type=\"heading.default\">\n\t\t\t\t<div class=\"elementor-widget-container\">\n\t\t\t\t\t<h2 class=\"elementor-heading-title elementor-size-default\">POL\u00cdTICA DE DESARROLLO SOSTENIBLE<\/h2>\t\t\t\t<\/div>\n\t\t\t\t<\/div>\n\t\t\t\t<div class=\"elementor-element elementor-element-c052851 elementor-widget elementor-widget-spacer\" data-id=\"c052851\" data-element_type=\"widget\" data-widget_type=\"spacer.default\">\n\t\t\t\t<div class=\"elementor-widget-container\">\n\t\t\t\t\t\t\t<div class=\"elementor-spacer\">\n\t\t\t<div class=\"elementor-spacer-inner\"><\/div>\n\t\t<\/div>\n\t\t\t\t\t\t<\/div>\n\t\t\t\t<\/div>\n\t\t\t\t<section class=\"elementor-section elementor-inner-section elementor-element elementor-element-f252cb3 elementor-section-boxed elementor-section-height-default elementor-section-height-default\" data-id=\"f252cb3\" data-element_type=\"section\">\n\t\t\t\t\t\t<div class=\"elementor-container elementor-column-gap-default\">\n\t\t\t\t\t<div class=\"elementor-column elementor-col-33 elementor-inner-column elementor-element elementor-element-ec0bbbb\" data-id=\"ec0bbbb\" data-element_type=\"column\">\n\t\t\t<div class=\"elementor-widget-wrap elementor-element-populated\">\n\t\t\t\t\t\t<div class=\"elementor-element elementor-element-f564f46 elementor-flip-box--effect-flip elementor-flip-box--direction-up elementor-widget elementor-widget-flip-box\" data-id=\"f564f46\" data-element_type=\"widget\" data-widget_type=\"flip-box.default\">\n\t\t\t\t<div class=\"elementor-widget-container\">\n\t\t\t\t\t\t\t<div class=\"elementor-flip-box\" tabindex=\"0\">\n\t\t\t<div class=\"elementor-flip-box__layer elementor-flip-box__front\">\n\t\t\t\t<div class=\"elementor-flip-box__layer__overlay\">\n\t\t\t\t\t<div class=\"elementor-flip-box__layer__inner\">\n\t\t\t\t\t\t\t\t\t\t\t\t\t<div class=\"elementor-icon-wrapper elementor-view-default\">\n\t\t\t\t\t\t\t\t<div class=\"elementor-icon\">\n\t\t\t\t\t\t\t\t\t<i class=\"far fa-flag\"><\/i>\t\t\t\t\t\t\t\t<\/div>\n\t\t\t\t\t\t\t<\/div>\n\t\t\t\t\t\t\n\t\t\t\t\t\t\t\t\t\t\t\t\t<h3 class=\"elementor-flip-box__layer__title\">\n\t\t\t\t\t\t\t\tMisi\u00f3n\t\t\t\t\t\t\t<\/h3>\n\t\t\t\t\t\t\n\t\t\t\t\t\t\t\t\t\t\t<\/div>\n\t\t\t\t<\/div>\n\t\t\t<\/div>\n\t\t\t<div class=\"elementor-flip-box__layer elementor-flip-box__back\">\n\t\t\t<div class=\"elementor-flip-box__layer__overlay\">\n\t\t\t\t<div class=\"elementor-flip-box__layer__inner\">\n\t\t\t\t\t\n\t\t\t\t\t\t\t\t\t\t\t<div class=\"elementor-flip-box__layer__description\">\n\t\t\t\t\t\t\tPromoviendo soluciones en equipos e implementos agr\u00edcolas y forestales, agregando valor a los negocios de nuestros clientes con versatilidad, eficiencia y econom\u00eda operativa, impulsando la sustentabilidad en toda la cadena productiva.\t\t\t\t\t\t<\/div>\n\t\t\t\t\t\n\t\t\t\t\t\t\t\t<\/div>\n\t\t<\/div>\n\t\t<\/div>\n\t\t<\/div>\n\t\t\t\t\t\t<\/div>\n\t\t\t\t<\/div>\n\t\t\t\t\t<\/div>\n\t\t<\/div>\n\t\t\t\t<div class=\"elementor-column elementor-col-33 elementor-inner-column elementor-element elementor-element-9fe8902\" data-id=\"9fe8902\" data-element_type=\"column\">\n\t\t\t<div class=\"elementor-widget-wrap elementor-element-populated\">\n\t\t\t\t\t\t<div class=\"elementor-element elementor-element-dd26090 elementor-flip-box--effect-flip elementor-flip-box--direction-up elementor-widget elementor-widget-flip-box\" data-id=\"dd26090\" data-element_type=\"widget\" data-widget_type=\"flip-box.default\">\n\t\t\t\t<div class=\"elementor-widget-container\">\n\t\t\t\t\t\t\t<div class=\"elementor-flip-box\" tabindex=\"0\">\n\t\t\t<div class=\"elementor-flip-box__layer elementor-flip-box__front\">\n\t\t\t\t<div class=\"elementor-flip-box__layer__overlay\">\n\t\t\t\t\t<div class=\"elementor-flip-box__layer__inner\">\n\t\t\t\t\t\t\t\t\t\t\t\t\t<div class=\"elementor-icon-wrapper elementor-view-default\">\n\t\t\t\t\t\t\t\t<div class=\"elementor-icon\">\n\t\t\t\t\t\t\t\t\t<i class=\"far fa-eye\"><\/i>\t\t\t\t\t\t\t\t<\/div>\n\t\t\t\t\t\t\t<\/div>\n\t\t\t\t\t\t\n\t\t\t\t\t\t\t\t\t\t\t\t\t<h3 class=\"elementor-flip-box__layer__title\">\n\t\t\t\t\t\t\t\tVisi\u00f3n\t\t\t\t\t\t\t<\/h3>\n\t\t\t\t\t\t\n\t\t\t\t\t\t\t\t\t\t\t<\/div>\n\t\t\t\t<\/div>\n\t\t\t<\/div>\n\t\t\t<div class=\"elementor-flip-box__layer elementor-flip-box__back\">\n\t\t\t<div class=\"elementor-flip-box__layer__overlay\">\n\t\t\t\t<div class=\"elementor-flip-box__layer__inner\">\n\t\t\t\t\t\n\t\t\t\t\t\t\t\t\t\t\t<div class=\"elementor-flip-box__layer__description\">\n\t\t\t\t\t\t\tTrabajar con excelencia y ser referencia en el mercado, consolidando alianzas, proactividad, innovaci\u00f3n.\nDesarrollar soluciones tecnol\u00f3gicas innovadoras que contribuyan a procesos productivos cada vez m\u00e1s eficientes.\nGanar el respeto de la comunidad a trav\u00e9s del crecimiento sostenible y la innovaci\u00f3n tecnol\u00f3gica.\nPromoviendo el crecimiento sustentable de nuestros negocios en l\u00ednea con principios \u00e9ticos en las relaciones con empleados, socios y clientes, reflejando la excelencia en los procesos y actividades del negocio.\t\t\t\t\t\t<\/div>\n\t\t\t\t\t\n\t\t\t\t\t\t\t\t<\/div>\n\t\t<\/div>\n\t\t<\/div>\n\t\t<\/div>\n\t\t\t\t\t\t<\/div>\n\t\t\t\t<\/div>\n\t\t\t\t\t<\/div>\n\t\t<\/div>\n\t\t\t\t<div class=\"elementor-column elementor-col-33 elementor-inner-column elementor-element elementor-element-6d6fef6\" data-id=\"6d6fef6\" data-element_type=\"column\">\n\t\t\t<div class=\"elementor-widget-wrap elementor-element-populated\">\n\t\t\t\t\t\t<div class=\"elementor-element elementor-element-120536b elementor-flip-box--effect-flip elementor-flip-box--direction-up elementor-widget elementor-widget-flip-box\" data-id=\"120536b\" data-element_type=\"widget\" data-widget_type=\"flip-box.default\">\n\t\t\t\t<div class=\"elementor-widget-container\">\n\t\t\t\t\t\t\t<div class=\"elementor-flip-box\" tabindex=\"0\">\n\t\t\t<div class=\"elementor-flip-box__layer elementor-flip-box__front\">\n\t\t\t\t<div class=\"elementor-flip-box__layer__overlay\">\n\t\t\t\t\t<div class=\"elementor-flip-box__layer__inner\">\n\t\t\t\t\t\t\t\t\t\t\t\t\t<div class=\"elementor-icon-wrapper elementor-view-default\">\n\t\t\t\t\t\t\t\t<div class=\"elementor-icon\">\n\t\t\t\t\t\t\t\t\t<i class=\"far fa-heart\"><\/i>\t\t\t\t\t\t\t\t<\/div>\n\t\t\t\t\t\t\t<\/div>\n\t\t\t\t\t\t\n\t\t\t\t\t\t\t\t\t\t\t\t\t<h3 class=\"elementor-flip-box__layer__title\">\n\t\t\t\t\t\t\t\tValores\t\t\t\t\t\t\t<\/h3>\n\t\t\t\t\t\t\n\t\t\t\t\t\t\t\t\t\t\t<\/div>\n\t\t\t\t<\/div>\n\t\t\t<\/div>\n\t\t\t<div class=\"elementor-flip-box__layer elementor-flip-box__back\">\n\t\t\t<div class=\"elementor-flip-box__layer__overlay\">\n\t\t\t\t<div class=\"elementor-flip-box__layer__inner\">\n\t\t\t\t\t\n\t\t\t\t\t\t\t\t\t\t\t<div class=\"elementor-flip-box__layer__description\">\n\t\t\t\t\t\t\tTransparencia y honestidad en la relaci\u00f3n con clientes, socios, socios y colaboradores.\nRespeto a las personas en cualquier circunstancia.\nValorando el trabajo en equipo.\nResponsabilidad social, organizaci\u00f3n, dinamismo, innovaci\u00f3n tecnol\u00f3gica y \u00e9tica empresarial.\t\t\t\t\t\t<\/div>\n\t\t\t\t\t\n\t\t\t\t\t\t\t\t<\/div>\n\t\t<\/div>\n\t\t<\/div>\n\t\t<\/div>\n\t\t\t\t\t\t<\/div>\n\t\t\t\t<\/div>\n\t\t\t\t\t<\/div>\n\t\t<\/div>\n\t\t\t\t\t<\/div>\n\t\t<\/section>\n\t\t\t\t\t<\/div>\n\t\t<\/div>\n\t\t\t\t\t<\/div>\n\t\t<\/section>\n\t\t\t\t<\/div>\n\t\t","protected":false},"excerpt":{"rendered":"<p>Un poco de nuestra historia EcoAgr\u00edcola naci\u00f3 en 2010, en Araras-SP, con la audaz meta de ser m\u00e1s que una fabricante de equipos agr\u00edcolas, sino de ofrecer al mercado equipos con diferenciales en ingenier\u00eda y tecnolog\u00eda que garanticen desempe\u00f1o y robustez inigualables. La marca EcoAgr\u00edcola fue nombrada as\u00ed para refrendar su ADN de sustentabilidad, ya &hellip;<\/p>\n<p class=\"read-more\"> <a class=\"\" href=\"https:\/\/eagricola.com.br\/es\/sobre-nos\/\"> <span class=\"screen-reader-text\">Sobre nosotros<\/span> Leer m\u00e1s &raquo;<\/a><\/p>\n","protected":false},"author":1,"featured_media":0,"parent":0,"menu_order":0,"comment_status":"closed","ping_status":"closed","template":"","meta":{"_acf_changed":false,"site-sidebar-layout":"no-sidebar","site-content-layout":"page-builder","ast-global-header-display":"","ast-main-header-display":"","ast-hfb-above-header-display":"","ast-hfb-below-header-display":"","ast-hfb-mobile-header-display":"","site-post-title":"disabled","ast-breadcrumbs-content":"","ast-featured-img":"disabled","footer-sml-layout":"","theme-transparent-header-meta":"","adv-header-id-meta":"","stick-header-meta":"","header-above-stick-meta":"","header-main-stick-meta":"","header-below-stick-meta":"","_joinchat":[],"footnotes":""},"class_list":["post-72","page","type-page","status-publish","hentry"],"acf":[],"_links":{"self":[{"href":"https:\/\/eagricola.com.br\/es\/wp-json\/wp\/v2\/pages\/72","targetHints":{"allow":["GET"]}}],"collection":[{"href":"https:\/\/eagricola.com.br\/es\/wp-json\/wp\/v2\/pages"}],"about":[{"href":"https:\/\/eagricola.com.br\/es\/wp-json\/wp\/v2\/types\/page"}],"author":[{"embeddable":true,"href":"https:\/\/eagricola.com.br\/es\/wp-json\/wp\/v2\/users\/1"}],"replies":[{"embeddable":true,"href":"https:\/\/eagricola.com.br\/es\/wp-json\/wp\/v2\/comments?post=72"}],"version-history":[{"count":21,"href":"https:\/\/eagricola.com.br\/es\/wp-json\/wp\/v2\/pages\/72\/revisions"}],"predecessor-version":[{"id":1320,"href":"https:\/\/eagricola.com.br\/es\/wp-json\/wp\/v2\/pages\/72\/revisions\/1320"}],"wp:attachment":[{"href":"https:\/\/eagricola.com.br\/es\/wp-json\/wp\/v2\/media?parent=72"}],"curies":[{"name":"wp","href":"https:\/\/api.w.org\/{rel}","templated":true}]}}