{"id":678,"date":"2022-12-22T15:39:31","date_gmt":"2022-12-22T15:39:31","guid":{"rendered":"https:\/\/eagricola.com.br\/en\/?post_type=product&#038;p=678"},"modified":"2023-04-24T23:08:22","modified_gmt":"2023-04-24T23:08:22","slug":"terras-p-subsolador-pesado","status":"publish","type":"product","link":"https:\/\/eagricola.com.br\/en\/produto\/terras-p-subsolador-pesado\/","title":{"rendered":"Terras P &#8211; Subsolador Pesado"},"content":{"rendered":"<p>O Subsolador modelo Terras P \u00e9 indicado para trabalhar em diversas culturas, tais como: Cana-de-a\u00e7\u00facar, Cereais e outras, onde s\u00e3o respons\u00e1veis pela quebra da camada compactada, em decorr\u00eancia da utiliza\u00e7\u00e3o e preparo do solo agr\u00edcola, valendo-se de m\u00e1quinas, implementos e tratores cada vez maiores e mais pesados. &#8211; Conjunto de disco na medida de 24\u201d x 6,00 mm com an\u00e9is retentores dupla veda\u00e7\u00e3o para evitar a entrada de impurezas no cubo; &#8211; As barras dos Rolos Destorroadores s\u00e3o inclinadas e chatas, proporcionando o destorroamento com um \u00f3timo nivelamento do solo, podendo ser articulado para efetuar o transporte do implemento; &#8211; Conjunto de hastes onde o desarme autom\u00e1tico \u00e9 feito atrav\u00e9s de mola Helicoidal, o sistema rearma autom\u00e1ticamente com simples levantamento do implemento.<\/p>\n","protected":false},"excerpt":{"rendered":"<p>O Subsolador modelo Terras P \u00e9 indicado para trabalhar em diversas culturas, tais como: Cana-de-a\u00e7\u00facar, Cereais e outras, onde s\u00e3o respons\u00e1veis pela quebra da camada compactada, em decorr\u00eancia da utiliza\u00e7\u00e3o e preparo do solo agr\u00edcola, valendo-se de m\u00e1quinas, implementos e tratores cada vez maiores e mais pesados. &#8211; Conjunto de disco na medida de 24\u201d &hellip;<\/p>\n<p class=\"read-more\"> <a class=\"\" href=\"https:\/\/eagricola.com.br\/en\/produto\/terras-p-subsolador-pesado\/\"> <span class=\"screen-reader-text\">Terras P &#8211; Subsolador Pesado<\/span> Read More &raquo;<\/a><\/p>\n","protected":false},"featured_media":1177,"comment_status":"open","ping_status":"closed","template":"","meta":{"_acf_changed":false,"site-sidebar-layout":"default","site-content-layout":"default","ast-global-header-display":"","ast-main-header-display":"","ast-hfb-above-header-display":"","ast-hfb-below-header-display":"","ast-hfb-mobile-header-display":"","site-post-title":"","ast-breadcrumbs-content":"","ast-featured-img":"","footer-sml-layout":"","theme-transparent-header-meta":"default","adv-header-id-meta":"","stick-header-meta":"","header-above-stick-meta":"","header-main-stick-meta":"","header-below-stick-meta":"","_joinchat":[]},"product_brand":[],"product_cat":[32,44],"product_tag":[],"class_list":{"0":"post-678","1":"product","2":"type-product","3":"status-publish","4":"has-post-thumbnail","6":"product_cat-escarificador-subsolador","7":"product_cat-subsoladores","9":"first","10":"instock","11":"shipping-taxable","12":"product-type-simple"},"acf":[],"_links":{"self":[{"href":"https:\/\/eagricola.com.br\/en\/wp-json\/wp\/v2\/product\/678","targetHints":{"allow":["GET"]}}],"collection":[{"href":"https:\/\/eagricola.com.br\/en\/wp-json\/wp\/v2\/product"}],"about":[{"href":"https:\/\/eagricola.com.br\/en\/wp-json\/wp\/v2\/types\/product"}],"replies":[{"embeddable":true,"href":"https:\/\/eagricola.com.br\/en\/wp-json\/wp\/v2\/comments?post=678"}],"wp:featuredmedia":[{"embeddable":true,"href":"https:\/\/eagricola.com.br\/en\/wp-json\/wp\/v2\/media\/1177"}],"wp:attachment":[{"href":"https:\/\/eagricola.com.br\/en\/wp-json\/wp\/v2\/media?parent=678"}],"wp:term":[{"taxonomy":"product_brand","embeddable":true,"href":"https:\/\/eagricola.com.br\/en\/wp-json\/wp\/v2\/product_brand?post=678"},{"taxonomy":"product_cat","embeddable":true,"href":"https:\/\/eagricola.com.br\/en\/wp-json\/wp\/v2\/product_cat?post=678"},{"taxonomy":"product_tag","embeddable":true,"href":"https:\/\/eagricola.com.br\/en\/wp-json\/wp\/v2\/product_tag?post=678"}],"curies":[{"name":"wp","href":"https:\/\/api.w.org\/{rel}","templated":true}]}}