{"id":653,"date":"2022-12-22T15:20:54","date_gmt":"2022-12-22T15:20:54","guid":{"rendered":"https:\/\/eagricola.com.br\/en\/?post_type=product&#038;p=653"},"modified":"2023-04-24T23:02:29","modified_gmt":"2023-04-24T23:02:29","slug":"terras-f-sp-subsolador-florestal-super-pesado","status":"publish","type":"product","link":"https:\/\/eagricola.com.br\/en\/produto\/terras-f-sp-subsolador-florestal-super-pesado\/","title":{"rendered":"TERRAS FSP &#8211; Subsolador Florestal Super Pesado"},"content":{"rendered":"<p>A EcoAgr\u00edcola visando o desenvolvimento de tecnologias direcionadas para a linha florestal, e sabendo das adversidades do trabalho em campo que s\u00e3o encontradas neste segmento, a EcoAgr\u00edcola desenvolveu o Subsolador TERRAS F, com padr\u00e3o de estrutura totalmente refor\u00e7ado. O equipamento possui as seguintes fun\u00e7\u00f5es operacionais: Realiza a limpeza do trilho onde ser\u00e1 trabalhado, executa a subsolagem a uma profundidade de at\u00e9 900 mm, realiza a gradagem do solo ap\u00f3s a subsolagem, faz a marca\u00e7\u00e3o de onde ser\u00e1 feito o plantio das mudas, e por \u00faltimo a aplica\u00e7\u00e3o do herbicida pr\u00e9-emergente.<\/p>\n","protected":false},"excerpt":{"rendered":"<p>A EcoAgr\u00edcola visando o desenvolvimento de tecnologias direcionadas para a linha florestal, e sabendo das adversidades do trabalho em campo que s\u00e3o encontradas neste segmento, a EcoAgr\u00edcola desenvolveu o Subsolador TERRAS F, com padr\u00e3o de estrutura totalmente refor\u00e7ado. O equipamento possui as seguintes fun\u00e7\u00f5es operacionais: Realiza a limpeza do trilho onde ser\u00e1 trabalhado, executa a &hellip;<\/p>\n<p class=\"read-more\"> <a class=\"\" href=\"https:\/\/eagricola.com.br\/en\/produto\/terras-f-sp-subsolador-florestal-super-pesado\/\"> <span class=\"screen-reader-text\">TERRAS FSP &#8211; Subsolador Florestal Super Pesado<\/span> Read More &raquo;<\/a><\/p>\n","protected":false},"featured_media":1132,"comment_status":"open","ping_status":"closed","template":"","meta":{"_acf_changed":false,"site-sidebar-layout":"default","site-content-layout":"default","ast-global-header-display":"","ast-main-header-display":"","ast-hfb-above-header-display":"","ast-hfb-below-header-display":"","ast-hfb-mobile-header-display":"","site-post-title":"","ast-breadcrumbs-content":"","ast-featured-img":"","footer-sml-layout":"","theme-transparent-header-meta":"default","adv-header-id-meta":"","stick-header-meta":"","header-above-stick-meta":"","header-main-stick-meta":"","header-below-stick-meta":"","_joinchat":[]},"product_brand":[],"product_cat":[27],"product_tag":[],"class_list":{"0":"post-653","1":"product","2":"type-product","3":"status-publish","4":"has-post-thumbnail","6":"product_cat-linha-florestal","8":"first","9":"instock","10":"shipping-taxable","11":"product-type-simple"},"acf":[],"_links":{"self":[{"href":"https:\/\/eagricola.com.br\/en\/wp-json\/wp\/v2\/product\/653","targetHints":{"allow":["GET"]}}],"collection":[{"href":"https:\/\/eagricola.com.br\/en\/wp-json\/wp\/v2\/product"}],"about":[{"href":"https:\/\/eagricola.com.br\/en\/wp-json\/wp\/v2\/types\/product"}],"replies":[{"embeddable":true,"href":"https:\/\/eagricola.com.br\/en\/wp-json\/wp\/v2\/comments?post=653"}],"wp:featuredmedia":[{"embeddable":true,"href":"https:\/\/eagricola.com.br\/en\/wp-json\/wp\/v2\/media\/1132"}],"wp:attachment":[{"href":"https:\/\/eagricola.com.br\/en\/wp-json\/wp\/v2\/media?parent=653"}],"wp:term":[{"taxonomy":"product_brand","embeddable":true,"href":"https:\/\/eagricola.com.br\/en\/wp-json\/wp\/v2\/product_brand?post=653"},{"taxonomy":"product_cat","embeddable":true,"href":"https:\/\/eagricola.com.br\/en\/wp-json\/wp\/v2\/product_cat?post=653"},{"taxonomy":"product_tag","embeddable":true,"href":"https:\/\/eagricola.com.br\/en\/wp-json\/wp\/v2\/product_tag?post=653"}],"curies":[{"name":"wp","href":"https:\/\/api.w.org\/{rel}","templated":true}]}}