{"id":638,"date":"2022-12-22T14:47:14","date_gmt":"2022-12-22T14:47:14","guid":{"rendered":"https:\/\/eagricola.com.br\/en\/?post_type=product&#038;p=638"},"modified":"2023-04-24T23:28:28","modified_gmt":"2023-04-24T23:28:28","slug":"sgap-super-grade-aradora-pesada","status":"publish","type":"product","link":"https:\/\/eagricola.com.br\/en\/produto\/sgap-super-grade-aradora-pesada\/","title":{"rendered":"SGAP &#8211; Super Grade Aradora Pesada"},"content":{"rendered":"<p>A Super Grade Aradora Pesada EcoAgr\u00edcola (SGAP), foi projetada para ser utilizada na reforma de diferentes tipos de solo previamente j\u00e1 cultivados ou abertura de novas terras destinadas a plantio, fazendo este trabalho com qualidade e perfei\u00e7\u00e3o requeridas pelos agricultores de diversas culturas. Conjunto de rodado com dois pneus 400&#215;60 nas grades de 20, 22 e 24 discos e quatro pneus 10.5 80-18 para a grade de vinte e oito discos, acionado via comando hidr\u00e1ulico direto da cabine do trator (Controle Remoto).<\/p>\n","protected":false},"excerpt":{"rendered":"<p>A Super Grade Aradora Pesada EcoAgr\u00edcola (SGAP), foi projetada para ser utilizada na reforma de diferentes tipos de solo previamente j\u00e1 cultivados ou abertura de novas terras destinadas a plantio, fazendo este trabalho com qualidade e perfei\u00e7\u00e3o requeridas pelos agricultores de diversas culturas. Conjunto de rodado com dois pneus 400&#215;60 nas grades de 20, 22 &hellip;<\/p>\n<p class=\"read-more\"> <a class=\"\" href=\"https:\/\/eagricola.com.br\/en\/produto\/sgap-super-grade-aradora-pesada\/\"> <span class=\"screen-reader-text\">SGAP &#8211; Super Grade Aradora Pesada<\/span> Read More &raquo;<\/a><\/p>\n","protected":false},"featured_media":1219,"comment_status":"open","ping_status":"closed","template":"","meta":{"_acf_changed":false,"site-sidebar-layout":"default","site-content-layout":"default","ast-global-header-display":"","ast-main-header-display":"","ast-hfb-above-header-display":"","ast-hfb-below-header-display":"","ast-hfb-mobile-header-display":"","site-post-title":"","ast-breadcrumbs-content":"","ast-featured-img":"","footer-sml-layout":"","theme-transparent-header-meta":"default","adv-header-id-meta":"","stick-header-meta":"","header-above-stick-meta":"","header-main-stick-meta":"","header-below-stick-meta":"","_joinchat":[]},"product_brand":[],"product_cat":[34,33],"product_tag":[],"class_list":{"0":"post-638","1":"product","2":"type-product","3":"status-publish","4":"has-post-thumbnail","6":"product_cat-aradora-pesada","7":"product_cat-grades","9":"first","10":"instock","11":"shipping-taxable","12":"product-type-simple"},"acf":[],"_links":{"self":[{"href":"https:\/\/eagricola.com.br\/en\/wp-json\/wp\/v2\/product\/638","targetHints":{"allow":["GET"]}}],"collection":[{"href":"https:\/\/eagricola.com.br\/en\/wp-json\/wp\/v2\/product"}],"about":[{"href":"https:\/\/eagricola.com.br\/en\/wp-json\/wp\/v2\/types\/product"}],"replies":[{"embeddable":true,"href":"https:\/\/eagricola.com.br\/en\/wp-json\/wp\/v2\/comments?post=638"}],"wp:featuredmedia":[{"embeddable":true,"href":"https:\/\/eagricola.com.br\/en\/wp-json\/wp\/v2\/media\/1219"}],"wp:attachment":[{"href":"https:\/\/eagricola.com.br\/en\/wp-json\/wp\/v2\/media?parent=638"}],"wp:term":[{"taxonomy":"product_brand","embeddable":true,"href":"https:\/\/eagricola.com.br\/en\/wp-json\/wp\/v2\/product_brand?post=638"},{"taxonomy":"product_cat","embeddable":true,"href":"https:\/\/eagricola.com.br\/en\/wp-json\/wp\/v2\/product_cat?post=638"},{"taxonomy":"product_tag","embeddable":true,"href":"https:\/\/eagricola.com.br\/en\/wp-json\/wp\/v2\/product_tag?post=638"}],"curies":[{"name":"wp","href":"https:\/\/api.w.org\/{rel}","templated":true}]}}