{"id":630,"date":"2022-12-22T14:16:28","date_gmt":"2022-12-22T14:16:28","guid":{"rendered":"https:\/\/eagricola.com.br\/en\/?post_type=product&#038;p=630"},"modified":"2023-04-24T23:31:00","modified_gmt":"2023-04-24T23:31:00","slug":"sgai-super-grade-aradora-intermediaria-ecoagricola","status":"publish","type":"product","link":"https:\/\/eagricola.com.br\/en\/produto\/sgai-super-grade-aradora-intermediaria-ecoagricola\/","title":{"rendered":"SGAI &#8211; Super Grade Aradora Intermedi\u00e1ria EcoAgr\u00edcola"},"content":{"rendered":"<p>A Grade Intermedi\u00e1ria modelo SGAI, destaca-se pela sua estrutura totalmente refor\u00e7ada, proporcionando maior vida \u00fatil ao produto, onde permite efetuar sua atividade com alto desempenho em diversas condi\u00e7\u00f5es de solo. Indicada para preparo em terrenos anteriormente cultivados com cereais e\/ou para utiliza\u00e7\u00e3o p\u00f3s gradagem pesada em novas \u00e1reas ou canaviais, fazendo este trabalho com qualidade e perfei\u00e7\u00e3o requeridas pelos agricultores de diversas culturas. Conjunto de rodado acionado via comando hidr\u00e1ulico direto da cabine do trator (Controle Remoto) para realizar o transporte com maior praticidade poss\u00edvel.<\/p>\n","protected":false},"excerpt":{"rendered":"<p>A Grade Intermedi\u00e1ria modelo SGAI, destaca-se pela sua estrutura totalmente refor\u00e7ada, proporcionando maior vida \u00fatil ao produto, onde permite efetuar sua atividade com alto desempenho em diversas condi\u00e7\u00f5es de solo. Indicada para preparo em terrenos anteriormente cultivados com cereais e\/ou para utiliza\u00e7\u00e3o p\u00f3s gradagem pesada em novas \u00e1reas ou canaviais, fazendo este trabalho com qualidade &hellip;<\/p>\n<p class=\"read-more\"> <a class=\"\" href=\"https:\/\/eagricola.com.br\/en\/produto\/sgai-super-grade-aradora-intermediaria-ecoagricola\/\"> <span class=\"screen-reader-text\">SGAI &#8211; Super Grade Aradora Intermedi\u00e1ria EcoAgr\u00edcola<\/span> Read More &raquo;<\/a><\/p>\n","protected":false},"featured_media":1233,"comment_status":"open","ping_status":"closed","template":"","meta":{"_acf_changed":false,"site-sidebar-layout":"default","site-content-layout":"default","ast-global-header-display":"","ast-main-header-display":"","ast-hfb-above-header-display":"","ast-hfb-below-header-display":"","ast-hfb-mobile-header-display":"","site-post-title":"","ast-breadcrumbs-content":"","ast-featured-img":"","footer-sml-layout":"","theme-transparent-header-meta":"default","adv-header-id-meta":"","stick-header-meta":"","header-above-stick-meta":"","header-main-stick-meta":"","header-below-stick-meta":"","_joinchat":[]},"product_brand":[],"product_cat":[33,49,37],"product_tag":[],"class_list":{"0":"post-630","1":"product","2":"type-product","3":"status-publish","4":"has-post-thumbnail","6":"product_cat-grades","7":"product_cat-intermediaria","8":"product_cat-intermediarias","10":"first","11":"instock","12":"shipping-taxable","13":"product-type-simple"},"acf":[],"_links":{"self":[{"href":"https:\/\/eagricola.com.br\/en\/wp-json\/wp\/v2\/product\/630","targetHints":{"allow":["GET"]}}],"collection":[{"href":"https:\/\/eagricola.com.br\/en\/wp-json\/wp\/v2\/product"}],"about":[{"href":"https:\/\/eagricola.com.br\/en\/wp-json\/wp\/v2\/types\/product"}],"replies":[{"embeddable":true,"href":"https:\/\/eagricola.com.br\/en\/wp-json\/wp\/v2\/comments?post=630"}],"wp:featuredmedia":[{"embeddable":true,"href":"https:\/\/eagricola.com.br\/en\/wp-json\/wp\/v2\/media\/1233"}],"wp:attachment":[{"href":"https:\/\/eagricola.com.br\/en\/wp-json\/wp\/v2\/media?parent=630"}],"wp:term":[{"taxonomy":"product_brand","embeddable":true,"href":"https:\/\/eagricola.com.br\/en\/wp-json\/wp\/v2\/product_brand?post=630"},{"taxonomy":"product_cat","embeddable":true,"href":"https:\/\/eagricola.com.br\/en\/wp-json\/wp\/v2\/product_cat?post=630"},{"taxonomy":"product_tag","embeddable":true,"href":"https:\/\/eagricola.com.br\/en\/wp-json\/wp\/v2\/product_tag?post=630"}],"curies":[{"name":"wp","href":"https:\/\/api.w.org\/{rel}","templated":true}]}}