{"id":613,"date":"2022-12-22T13:59:47","date_gmt":"2022-12-22T13:59:47","guid":{"rendered":"https:\/\/eagricola.com.br\/en\/?post_type=product&#038;p=613"},"modified":"2023-04-24T22:57:16","modified_gmt":"2023-04-24T22:57:16","slug":"reversus-arado-de-aiveca-reversivel","status":"publish","type":"product","link":"https:\/\/eagricola.com.br\/en\/produto\/reversus-arado-de-aiveca-reversivel\/","title":{"rendered":"Reversus &#8211; Arado de Aiveca Revers\u00edvel"},"content":{"rendered":"<p>O arado de aiveca revers\u00edvel Ecoagr\u00edcola Reversus, possui estrutura refor\u00e7ada e resistente para suportar o esfor\u00e7o de seu trabalho de maneira din\u00e2mica e eficaz. O nivelamento do equipamento e sua revers\u00e3o lateral s\u00e3o feitos atrav\u00e9s de cilindros hidr\u00e1ulicos. Equipamento engatado ao trator pelo terceiro ponto possui \u00f3tima entrada no solo realizada pela sua aiveca revestida com placa da UHMW, material muito resistente ao desgaste, aivecas que devido seu formato, permitem que facilmente seja incorporado res\u00edduos de cultivos anteriores ao solo para que seja efetuado novo plantio. As aivecas possuem sistema de desarme autom\u00e1tico.<\/p>\n","protected":false},"excerpt":{"rendered":"<p>O arado de aiveca revers\u00edvel Ecoagr\u00edcola Reversus, possui estrutura refor\u00e7ada e resistente para suportar o esfor\u00e7o de seu trabalho de maneira din\u00e2mica e eficaz. O nivelamento do equipamento e sua revers\u00e3o lateral s\u00e3o feitos atrav\u00e9s de cilindros hidr\u00e1ulicos. Equipamento engatado ao trator pelo terceiro ponto possui \u00f3tima entrada no solo realizada pela sua aiveca revestida &hellip;<\/p>\n<p class=\"read-more\"> <a class=\"\" href=\"https:\/\/eagricola.com.br\/en\/produto\/reversus-arado-de-aiveca-reversivel\/\"> <span class=\"screen-reader-text\">Reversus &#8211; Arado de Aiveca Revers\u00edvel<\/span> Read More &raquo;<\/a><\/p>\n","protected":false},"featured_media":1112,"comment_status":"open","ping_status":"closed","template":"","meta":{"_acf_changed":false,"site-sidebar-layout":"default","site-content-layout":"default","ast-global-header-display":"","ast-main-header-display":"","ast-hfb-above-header-display":"","ast-hfb-below-header-display":"","ast-hfb-mobile-header-display":"","site-post-title":"","ast-breadcrumbs-content":"","ast-featured-img":"","footer-sml-layout":"","theme-transparent-header-meta":"default","adv-header-id-meta":"","stick-header-meta":"","header-above-stick-meta":"","header-main-stick-meta":"","header-below-stick-meta":"","_joinchat":[]},"product_brand":[],"product_cat":[19],"product_tag":[],"class_list":{"0":"post-613","1":"product","2":"type-product","3":"status-publish","4":"has-post-thumbnail","6":"product_cat-linha-canavieira-utilitarios","8":"first","9":"instock","10":"shipping-taxable","11":"product-type-simple"},"acf":[],"_links":{"self":[{"href":"https:\/\/eagricola.com.br\/en\/wp-json\/wp\/v2\/product\/613","targetHints":{"allow":["GET"]}}],"collection":[{"href":"https:\/\/eagricola.com.br\/en\/wp-json\/wp\/v2\/product"}],"about":[{"href":"https:\/\/eagricola.com.br\/en\/wp-json\/wp\/v2\/types\/product"}],"replies":[{"embeddable":true,"href":"https:\/\/eagricola.com.br\/en\/wp-json\/wp\/v2\/comments?post=613"}],"wp:featuredmedia":[{"embeddable":true,"href":"https:\/\/eagricola.com.br\/en\/wp-json\/wp\/v2\/media\/1112"}],"wp:attachment":[{"href":"https:\/\/eagricola.com.br\/en\/wp-json\/wp\/v2\/media?parent=613"}],"wp:term":[{"taxonomy":"product_brand","embeddable":true,"href":"https:\/\/eagricola.com.br\/en\/wp-json\/wp\/v2\/product_brand?post=613"},{"taxonomy":"product_cat","embeddable":true,"href":"https:\/\/eagricola.com.br\/en\/wp-json\/wp\/v2\/product_cat?post=613"},{"taxonomy":"product_tag","embeddable":true,"href":"https:\/\/eagricola.com.br\/en\/wp-json\/wp\/v2\/product_tag?post=613"}],"curies":[{"name":"wp","href":"https:\/\/api.w.org\/{rel}","templated":true}]}}