{"id":602,"date":"2022-12-22T13:19:56","date_gmt":"2022-12-22T13:19:56","guid":{"rendered":"https:\/\/eagricola.com.br\/en\/?post_type=product&#038;p=602"},"modified":"2023-04-24T23:04:37","modified_gmt":"2023-04-24T23:04:37","slug":"renova-4-5-compostador-de-residuos-organicos","status":"publish","type":"product","link":"https:\/\/eagricola.com.br\/en\/produto\/renova-4-5-compostador-de-residuos-organicos\/","title":{"rendered":"Renova 4.5 &#8211; Compostador de Res\u00edduos Org\u00e2nicos"},"content":{"rendered":"<p>\u2022 T\u00fanel com 4,5 metros de largura &#8211; Possibilidade de trabalhar com leiras em dimens\u00f5es aproximadas de 4,50m L x 1,80m A. resultando em maior produtividade; Sa\u00edda em \u00e2ngulo para melhor vaz\u00e3o para o material revolvido.<br \/>\n\u2022 02 rotores \u201caletados\u201d em \u201caspiral\u201d, sendo o rotor principal acionado por cardan\/redutor e o rotor auxiliar superior acionado por motor hidr\u00e1ulico, proporcionando maior velocidade de deslocamento e maior produtividade, operando em conjunto (rotor inferior e rotor superior) n\u00e3o permitindo sobrecarga na transmiss\u00e3o e preservando a vida \u00fatil do conjunto de embreagem;<br \/>\n\u2022 Tracionado por trator 4&#215;4 com pot\u00eancia sugerida acima 140cv (vari\u00e1vel para + ou para &#8211; de acordo com as condi\u00e7\u00f5es do p\u00e1tio), equipado super-redutor e com 02 comandos hidr\u00e1ulicos, sendo 01 com fl uxo continuo (motor\/Cilindro).<br \/>\n\u2022 Opcional Kit aletas MAXXCORTE: especialmente desenhadas para aumentar o desempenho e melhorar a performance do equipamento. Opcional: TDP 540RPM ou 1.000RPM<\/p>\n","protected":false},"excerpt":{"rendered":"<p>\u2022 T\u00fanel com 4,5 metros de largura &#8211; Possibilidade de trabalhar com leiras em dimens\u00f5es aproximadas de 4,50m L x 1,80m A. resultando em maior produtividade; Sa\u00edda em \u00e2ngulo para melhor vaz\u00e3o para o material revolvido. \u2022 02 rotores \u201caletados\u201d em \u201caspiral\u201d, sendo o rotor principal acionado por cardan\/redutor e o rotor auxiliar superior acionado &hellip;<\/p>\n<p class=\"read-more\"> <a class=\"\" href=\"https:\/\/eagricola.com.br\/en\/produto\/renova-4-5-compostador-de-residuos-organicos\/\"> <span class=\"screen-reader-text\">Renova 4.5 &#8211; Compostador de Res\u00edduos Org\u00e2nicos<\/span> Read More &raquo;<\/a><\/p>\n","protected":false},"featured_media":1157,"comment_status":"open","ping_status":"closed","template":"","meta":{"_acf_changed":false,"site-sidebar-layout":"default","site-content-layout":"default","ast-global-header-display":"","ast-main-header-display":"","ast-hfb-above-header-display":"","ast-hfb-below-header-display":"","ast-hfb-mobile-header-display":"","site-post-title":"","ast-breadcrumbs-content":"","ast-featured-img":"","footer-sml-layout":"","theme-transparent-header-meta":"default","adv-header-id-meta":"","stick-header-meta":"","header-above-stick-meta":"","header-main-stick-meta":"","header-below-stick-meta":"","_joinchat":[]},"product_brand":[],"product_cat":[40,47],"product_tag":[],"class_list":{"0":"post-602","1":"product","2":"type-product","3":"status-publish","4":"has-post-thumbnail","6":"product_cat-compostadores","7":"product_cat-destaque","9":"first","10":"instock","11":"shipping-taxable","12":"product-type-simple"},"acf":[],"_links":{"self":[{"href":"https:\/\/eagricola.com.br\/en\/wp-json\/wp\/v2\/product\/602","targetHints":{"allow":["GET"]}}],"collection":[{"href":"https:\/\/eagricola.com.br\/en\/wp-json\/wp\/v2\/product"}],"about":[{"href":"https:\/\/eagricola.com.br\/en\/wp-json\/wp\/v2\/types\/product"}],"replies":[{"embeddable":true,"href":"https:\/\/eagricola.com.br\/en\/wp-json\/wp\/v2\/comments?post=602"}],"wp:featuredmedia":[{"embeddable":true,"href":"https:\/\/eagricola.com.br\/en\/wp-json\/wp\/v2\/media\/1157"}],"wp:attachment":[{"href":"https:\/\/eagricola.com.br\/en\/wp-json\/wp\/v2\/media?parent=602"}],"wp:term":[{"taxonomy":"product_brand","embeddable":true,"href":"https:\/\/eagricola.com.br\/en\/wp-json\/wp\/v2\/product_brand?post=602"},{"taxonomy":"product_cat","embeddable":true,"href":"https:\/\/eagricola.com.br\/en\/wp-json\/wp\/v2\/product_cat?post=602"},{"taxonomy":"product_tag","embeddable":true,"href":"https:\/\/eagricola.com.br\/en\/wp-json\/wp\/v2\/product_tag?post=602"}],"curies":[{"name":"wp","href":"https:\/\/api.w.org\/{rel}","templated":true}]}}