{"id":595,"date":"2022-12-22T13:17:25","date_gmt":"2022-12-22T13:17:25","guid":{"rendered":"https:\/\/eagricola.com.br\/en\/?post_type=product&#038;p=595"},"modified":"2023-04-24T23:04:42","modified_gmt":"2023-04-24T23:04:42","slug":"renova-4-0-compostador-de-residuos-organicos","status":"publish","type":"product","link":"https:\/\/eagricola.com.br\/en\/produto\/renova-4-0-compostador-de-residuos-organicos\/","title":{"rendered":"Renova 4.0 &#8211; Compostador de Res\u00edduos Org\u00e2nicos"},"content":{"rendered":"<p>Os compostadores de res\u00edduos org\u00e2nicos EcoAgr\u00edcola, foram desenvolvidos para realizar o processo de compostagem de materiais nas mais diversas modalidades e formas, equipamento este que vive em plena tend\u00eancia, onde atrav\u00e9s deste as empresas buscam dar a destina\u00e7\u00e3o correta para os res\u00edduos gerados em seus neg\u00f3cios, como por exemplo: Torta de filtro em usinas de cana de a\u00e7\u00facar, esterco de gado em confinamentos, esterco e cama de frango em avicultura, res\u00edduos org\u00e2nicos e vegetais, industrias de alimentos e de celulose, industrias de substratos vegetais e adubos, esta\u00e7\u00e3o de tratamento de \u00e1gua e esgoto (Lodo) e tamb\u00e9m em esterco de su\u00ednos. Como podem ver este equipamento \u00e9 muito vers\u00e1til em seu campo de atua\u00e7\u00e3o, sendo que tamb\u00e9m depois destes materiais trabalhados, agrega-se valor ao produto e obt\u00e9m uma melhor distribui\u00e7\u00e3o pelo fato do processo realizar aera\u00e7\u00e3o e desagrega\u00e7\u00e3o do material trabalhado, h\u00e1 tamb\u00e9m um ganho em tempo para aplica\u00e7\u00e3o do produto, pois este m\u00e9todo acelera o processo de decomposi\u00e7\u00e3o do material trabalhado.<\/p>\n<p>&#8211; T\u00fanel 4,0 metros &#8211; possibilidade de trabalhar com leiras em dimens\u00f5es aproximadas de 4,0m L x 1,50 m A. &#8211; Tracionado por trator 4&#215;4 com pot\u00eancia sugerida acima de 90 a 110 cv (vari\u00e1vel para + ou para &#8211; de acordo com as condi\u00e7\u00f5es do p\u00e1tio), equipado com super-redutor e com 01 comando hidr\u00e1ulico (Cilindro).<\/p>\n","protected":false},"excerpt":{"rendered":"<p>Os compostadores de res\u00edduos org\u00e2nicos EcoAgr\u00edcola, foram desenvolvidos para realizar o processo de compostagem de materiais nas mais diversas modalidades e formas, equipamento este que vive em plena tend\u00eancia, onde atrav\u00e9s deste as empresas buscam dar a destina\u00e7\u00e3o correta para os res\u00edduos gerados em seus neg\u00f3cios, como por exemplo: Torta de filtro em usinas de &hellip;<\/p>\n<p class=\"read-more\"> <a class=\"\" href=\"https:\/\/eagricola.com.br\/en\/produto\/renova-4-0-compostador-de-residuos-organicos\/\"> <span class=\"screen-reader-text\">Renova 4.0 &#8211; Compostador de Res\u00edduos Org\u00e2nicos<\/span> Read More &raquo;<\/a><\/p>\n","protected":false},"featured_media":1161,"comment_status":"open","ping_status":"closed","template":"","meta":{"_acf_changed":false,"site-sidebar-layout":"default","site-content-layout":"default","ast-global-header-display":"","ast-main-header-display":"","ast-hfb-above-header-display":"","ast-hfb-below-header-display":"","ast-hfb-mobile-header-display":"","site-post-title":"","ast-breadcrumbs-content":"","ast-featured-img":"","footer-sml-layout":"","theme-transparent-header-meta":"default","adv-header-id-meta":"","stick-header-meta":"","header-above-stick-meta":"","header-main-stick-meta":"","header-below-stick-meta":"","_joinchat":[]},"product_brand":[],"product_cat":[40],"product_tag":[],"class_list":{"0":"post-595","1":"product","2":"type-product","3":"status-publish","4":"has-post-thumbnail","6":"product_cat-compostadores","8":"first","9":"instock","10":"shipping-taxable","11":"product-type-simple"},"acf":[],"_links":{"self":[{"href":"https:\/\/eagricola.com.br\/en\/wp-json\/wp\/v2\/product\/595","targetHints":{"allow":["GET"]}}],"collection":[{"href":"https:\/\/eagricola.com.br\/en\/wp-json\/wp\/v2\/product"}],"about":[{"href":"https:\/\/eagricola.com.br\/en\/wp-json\/wp\/v2\/types\/product"}],"replies":[{"embeddable":true,"href":"https:\/\/eagricola.com.br\/en\/wp-json\/wp\/v2\/comments?post=595"}],"wp:featuredmedia":[{"embeddable":true,"href":"https:\/\/eagricola.com.br\/en\/wp-json\/wp\/v2\/media\/1161"}],"wp:attachment":[{"href":"https:\/\/eagricola.com.br\/en\/wp-json\/wp\/v2\/media?parent=595"}],"wp:term":[{"taxonomy":"product_brand","embeddable":true,"href":"https:\/\/eagricola.com.br\/en\/wp-json\/wp\/v2\/product_brand?post=595"},{"taxonomy":"product_cat","embeddable":true,"href":"https:\/\/eagricola.com.br\/en\/wp-json\/wp\/v2\/product_cat?post=595"},{"taxonomy":"product_tag","embeddable":true,"href":"https:\/\/eagricola.com.br\/en\/wp-json\/wp\/v2\/product_tag?post=595"}],"curies":[{"name":"wp","href":"https:\/\/api.w.org\/{rel}","templated":true}]}}