{"id":575,"date":"2022-12-22T13:04:26","date_gmt":"2022-12-22T13:04:26","guid":{"rendered":"https:\/\/eagricola.com.br\/en\/?post_type=product&#038;p=575"},"modified":"2023-04-24T22:58:36","modified_gmt":"2023-04-24T22:58:36","slug":"planus-cultivador-quebra-lombo-ecoagricola","status":"publish","type":"product","link":"https:\/\/eagricola.com.br\/en\/produto\/planus-cultivador-quebra-lombo-ecoagricola\/","title":{"rendered":"Planus &#8211; Cultivador Quebra Lombo Ecoagr\u00edcola"},"content":{"rendered":"<p><b>Planus, Cultivador Quebra Lombo Ecoagricola<\/b>, foi desenvolvido para realizar o cultivo da cana planta ou soca em 2 ou 3 linhas. Equipamento realiza um processo de escarifica\u00e7\u00e3o sob a superf\u00edcie do solo e faz o cultivo deixando-o destorroado e nivelado. Possui 6 hastes e 2 conjuntos com 16 discos recortados e 3 niveladores traseiros. Equipamento possui as seguintes op\u00e7\u00f5es de espa\u00e7amentos: Nos convencionais, como 1,30m, 1,40m, 1,50m ou 1,80m e tamb\u00e9m nos espa\u00e7amentos m\u00faltiplos, tais como 0,90m x 1,50m, 0,60m x 1,30m etc. Com engate no terceiro ponto do trator, sua estrutura de chassis e conjunto de hastes s\u00e3o fabricados com grande robustez para suportar a din\u00e2mica do trabalho. Possui tambem, como opcional, um conjunto aplicador de inseticidas ou herbicidas, formado por 1 tanque de polietileno com capacidade de at\u00e9 600 litros com visor de n\u00edvel, filtro auto-vedante, bomba de pressuriza\u00e7\u00e3o e bomba agitadora el\u00e9trica, bicos de pulveriza\u00e7\u00e3o com sistema anti-gotas, que possibilitam a aplica\u00e7\u00e3o uniforme. Esta combina\u00e7\u00e3o de fatores garante maior durabilidade do equipamento juntamente com excelente resultado no solo.<\/p>\n","protected":false},"excerpt":{"rendered":"<p>Planus, Cultivador Quebra Lombo Ecoagricola, foi desenvolvido para realizar o cultivo da cana planta ou soca em 2 ou 3 linhas. Equipamento realiza um processo de escarifica\u00e7\u00e3o sob a superf\u00edcie do solo e faz o cultivo deixando-o destorroado e nivelado. Possui 6 hastes e 2 conjuntos com 16 discos recortados e 3 niveladores traseiros. Equipamento &hellip;<\/p>\n<p class=\"read-more\"> <a class=\"\" href=\"https:\/\/eagricola.com.br\/en\/produto\/planus-cultivador-quebra-lombo-ecoagricola\/\"> <span class=\"screen-reader-text\">Planus &#8211; Cultivador Quebra Lombo Ecoagr\u00edcola<\/span> Read More &raquo;<\/a><\/p>\n","protected":false},"featured_media":1118,"comment_status":"open","ping_status":"closed","template":"","meta":{"_acf_changed":false,"site-sidebar-layout":"default","site-content-layout":"default","ast-global-header-display":"","ast-main-header-display":"","ast-hfb-above-header-display":"","ast-hfb-below-header-display":"","ast-hfb-mobile-header-display":"","site-post-title":"","ast-breadcrumbs-content":"","ast-featured-img":"","footer-sml-layout":"","theme-transparent-header-meta":"default","adv-header-id-meta":"","stick-header-meta":"","header-above-stick-meta":"","header-main-stick-meta":"","header-below-stick-meta":"","_joinchat":[]},"product_brand":[],"product_cat":[19],"product_tag":[],"class_list":{"0":"post-575","1":"product","2":"type-product","3":"status-publish","4":"has-post-thumbnail","6":"product_cat-linha-canavieira-utilitarios","8":"first","9":"instock","10":"shipping-taxable","11":"product-type-simple"},"acf":[],"_links":{"self":[{"href":"https:\/\/eagricola.com.br\/en\/wp-json\/wp\/v2\/product\/575","targetHints":{"allow":["GET"]}}],"collection":[{"href":"https:\/\/eagricola.com.br\/en\/wp-json\/wp\/v2\/product"}],"about":[{"href":"https:\/\/eagricola.com.br\/en\/wp-json\/wp\/v2\/types\/product"}],"replies":[{"embeddable":true,"href":"https:\/\/eagricola.com.br\/en\/wp-json\/wp\/v2\/comments?post=575"}],"wp:featuredmedia":[{"embeddable":true,"href":"https:\/\/eagricola.com.br\/en\/wp-json\/wp\/v2\/media\/1118"}],"wp:attachment":[{"href":"https:\/\/eagricola.com.br\/en\/wp-json\/wp\/v2\/media?parent=575"}],"wp:term":[{"taxonomy":"product_brand","embeddable":true,"href":"https:\/\/eagricola.com.br\/en\/wp-json\/wp\/v2\/product_brand?post=575"},{"taxonomy":"product_cat","embeddable":true,"href":"https:\/\/eagricola.com.br\/en\/wp-json\/wp\/v2\/product_cat?post=575"},{"taxonomy":"product_tag","embeddable":true,"href":"https:\/\/eagricola.com.br\/en\/wp-json\/wp\/v2\/product_tag?post=575"}],"curies":[{"name":"wp","href":"https:\/\/api.w.org\/{rel}","templated":true}]}}