{"id":568,"date":"2022-12-22T12:59:44","date_gmt":"2022-12-22T12:59:44","guid":{"rendered":"https:\/\/eagricola.com.br\/en\/?post_type=product&#038;p=568"},"modified":"2023-04-24T22:57:52","modified_gmt":"2023-04-24T22:57:52","slug":"plant-plantadora-de-compostos-e-fertilizantes","status":"publish","type":"product","link":"https:\/\/eagricola.com.br\/en\/produto\/plant-plantadora-de-compostos-e-fertilizantes\/","title":{"rendered":"Plant &#8211; Plantadora de Compostos e Fertilizantes"},"content":{"rendered":"<p>Equipamento desenvolvido pensando em agregar o maior n\u00famero de fun\u00e7\u00f5es em uma s\u00f3 opera\u00e7\u00e3o, como: sulca\u00e7\u00e3o, distribui\u00e7\u00e3o de composto org\u00e2nico, distribui\u00e7\u00e3o de aduba\u00e7\u00e3o qu\u00edmica e cobri\u00e7\u00e3o do sulco. Com a otimiza\u00e7\u00e3o, o objetivo \u00e9 reduzir os custos operacionais e agilizar o trabalho, justificando sua utiliza\u00e7\u00e3o cada vez mais requisitada entre os produtores do setor sulcroalcooleiro e outros afins.<br \/>\nUtilizado geralmente para plantio de inverno, \u00e9poca que e mais comum utilizar composto org\u00e2nico no sulco de plantio. O equipamento possui capacidade de carga para composto de 12 m\u00b3 (coroada), dois hastes sulcadores, quatro discos cobridores de 18\u201d com mancais banhados a \u00f3leo com an\u00e9is de dupla veda\u00e7\u00e3o. Os dep\u00f3sitos de adubo qu\u00edmico tem capacidade de 300 kg cada um, possui um motor hidr\u00e1ulico para cada esteira de distribui\u00e7\u00e3o e outro motor individual para o adubo. As comportas de regulagem de distribui\u00e7\u00e3o do composto s\u00e3o feitos por um fuso tensor proporcionando uma regulagem mais precisa, o equipamento tamb\u00e9m possui comportas em suas laterais para facilitar a limpeza e manuten\u00e7\u00e3o.<br \/>\nO equipamento possui pneus de controle de profundidade na medida 11L15 e no tanden tem pneus 400- 55-22,5. Um diferencial \u00e9 a v\u00e1lvula solen\u00f3ide instalada no cilindro do cabe\u00e7alho que quando acionada libera a fun\u00e7\u00e3o de dupla a\u00e7\u00e3o do cilindro ficando assim o implemento livre, sendo tracionado copiando o solo e mantendo a profundidade do sulco mesmo em terrenos com ondula\u00e7\u00f5es.<\/p>\n","protected":false},"excerpt":{"rendered":"<p>Equipamento desenvolvido pensando em agregar o maior n\u00famero de fun\u00e7\u00f5es em uma s\u00f3 opera\u00e7\u00e3o, como: sulca\u00e7\u00e3o, distribui\u00e7\u00e3o de composto org\u00e2nico, distribui\u00e7\u00e3o de aduba\u00e7\u00e3o qu\u00edmica e cobri\u00e7\u00e3o do sulco. Com a otimiza\u00e7\u00e3o, o objetivo \u00e9 reduzir os custos operacionais e agilizar o trabalho, justificando sua utiliza\u00e7\u00e3o cada vez mais requisitada entre os produtores do setor sulcroalcooleiro &hellip;<\/p>\n<p class=\"read-more\"> <a class=\"\" href=\"https:\/\/eagricola.com.br\/en\/produto\/plant-plantadora-de-compostos-e-fertilizantes\/\"> <span class=\"screen-reader-text\">Plant &#8211; Plantadora de Compostos e Fertilizantes<\/span> Read More &raquo;<\/a><\/p>\n","protected":false},"featured_media":1114,"comment_status":"open","ping_status":"closed","template":"","meta":{"_acf_changed":false,"site-sidebar-layout":"default","site-content-layout":"default","ast-global-header-display":"","ast-main-header-display":"","ast-hfb-above-header-display":"","ast-hfb-below-header-display":"","ast-hfb-mobile-header-display":"","site-post-title":"","ast-breadcrumbs-content":"","ast-featured-img":"","footer-sml-layout":"","theme-transparent-header-meta":"default","adv-header-id-meta":"","stick-header-meta":"","header-above-stick-meta":"","header-main-stick-meta":"","header-below-stick-meta":"","_joinchat":[]},"product_brand":[],"product_cat":[19],"product_tag":[],"class_list":{"0":"post-568","1":"product","2":"type-product","3":"status-publish","4":"has-post-thumbnail","6":"product_cat-linha-canavieira-utilitarios","8":"first","9":"instock","10":"shipping-taxable","11":"product-type-simple"},"acf":[],"_links":{"self":[{"href":"https:\/\/eagricola.com.br\/en\/wp-json\/wp\/v2\/product\/568","targetHints":{"allow":["GET"]}}],"collection":[{"href":"https:\/\/eagricola.com.br\/en\/wp-json\/wp\/v2\/product"}],"about":[{"href":"https:\/\/eagricola.com.br\/en\/wp-json\/wp\/v2\/types\/product"}],"replies":[{"embeddable":true,"href":"https:\/\/eagricola.com.br\/en\/wp-json\/wp\/v2\/comments?post=568"}],"wp:featuredmedia":[{"embeddable":true,"href":"https:\/\/eagricola.com.br\/en\/wp-json\/wp\/v2\/media\/1114"}],"wp:attachment":[{"href":"https:\/\/eagricola.com.br\/en\/wp-json\/wp\/v2\/media?parent=568"}],"wp:term":[{"taxonomy":"product_brand","embeddable":true,"href":"https:\/\/eagricola.com.br\/en\/wp-json\/wp\/v2\/product_brand?post=568"},{"taxonomy":"product_cat","embeddable":true,"href":"https:\/\/eagricola.com.br\/en\/wp-json\/wp\/v2\/product_cat?post=568"},{"taxonomy":"product_tag","embeddable":true,"href":"https:\/\/eagricola.com.br\/en\/wp-json\/wp\/v2\/product_tag?post=568"}],"curies":[{"name":"wp","href":"https:\/\/api.w.org\/{rel}","templated":true}]}}