{"id":563,"date":"2022-12-22T12:41:10","date_gmt":"2022-12-22T12:41:10","guid":{"rendered":"https:\/\/eagricola.com.br\/en\/?post_type=product&#038;p=563"},"modified":"2023-04-24T22:58:12","modified_gmt":"2023-04-24T22:58:12","slug":"perfecto-cobridor-de-cana-ecoagricola","status":"publish","type":"product","link":"https:\/\/eagricola.com.br\/en\/produto\/perfecto-cobridor-de-cana-ecoagricola\/","title":{"rendered":"Perfecto &#8211; Cobridor de Cana Ecoagr\u00edcola"},"content":{"rendered":"<p>O Cobridor de Cana Ecoagr\u00edcola,\u00a0<b>PERFECTO<\/b>\u00a0foi desenvolvido para realizar a cobertura dos toletes da cana-de-a\u00e7\u00facar em 2 ou 3 linhas nos espa\u00e7amentos, como: 1,30m, 1,40m, 1,50m ou 1,80m, e tamb\u00e9m nos espa\u00e7amentos m\u00faltiplos, tais como 0,90m x 1,50m, 0,60m x 1,30m etc. Equipamento aplica, simultaneamente, o inseticida de solo. Possui 4 ou 6 discos de 18\u201d com regulagem de angula\u00e7\u00e3o e 2 ou 3 rolos compactadores formando um sistema pantogr\u00e1fico oscilante independente para cada uma das 2 ou 3 linhas, o que possibilitam uma perfeita cobertura dos sulcos. O cobridor PERFECTO possui tamb\u00e9m um conjunto aplicador de inseticidas, formado por 1 tanque de polietileno com capacidade de at\u00e9 300 litros com visor de n\u00edvel, filtro autovedante, bomba de pressuriza\u00e7\u00e3o e bomba agitadora el\u00e9trica, bicos de pulveriza\u00e7\u00e3o com sistema anti-gotas, que possibilitam a aplica\u00e7\u00e3o uniforme do inseticida na \u00e1rea de solo que ficar\u00e1 em contato com os toletes da cana-de-a\u00e7ucar.<\/p>\n","protected":false},"excerpt":{"rendered":"<p>O Cobridor de Cana Ecoagr\u00edcola,\u00a0PERFECTO\u00a0foi desenvolvido para realizar a cobertura dos toletes da cana-de-a\u00e7\u00facar em 2 ou 3 linhas nos espa\u00e7amentos, como: 1,30m, 1,40m, 1,50m ou 1,80m, e tamb\u00e9m nos espa\u00e7amentos m\u00faltiplos, tais como 0,90m x 1,50m, 0,60m x 1,30m etc. Equipamento aplica, simultaneamente, o inseticida de solo. Possui 4 ou 6 discos de 18\u201d &hellip;<\/p>\n<p class=\"read-more\"> <a class=\"\" href=\"https:\/\/eagricola.com.br\/en\/produto\/perfecto-cobridor-de-cana-ecoagricola\/\"> <span class=\"screen-reader-text\">Perfecto &#8211; Cobridor de Cana Ecoagr\u00edcola<\/span> Read More &raquo;<\/a><\/p>\n","protected":false},"featured_media":1117,"comment_status":"open","ping_status":"closed","template":"","meta":{"_acf_changed":false,"site-sidebar-layout":"default","site-content-layout":"default","ast-global-header-display":"","ast-main-header-display":"","ast-hfb-above-header-display":"","ast-hfb-below-header-display":"","ast-hfb-mobile-header-display":"","site-post-title":"","ast-breadcrumbs-content":"","ast-featured-img":"","footer-sml-layout":"","theme-transparent-header-meta":"default","adv-header-id-meta":"","stick-header-meta":"","header-above-stick-meta":"","header-main-stick-meta":"","header-below-stick-meta":"","_joinchat":[]},"product_brand":[],"product_cat":[19],"product_tag":[],"class_list":{"0":"post-563","1":"product","2":"type-product","3":"status-publish","4":"has-post-thumbnail","6":"product_cat-linha-canavieira-utilitarios","8":"first","9":"instock","10":"shipping-taxable","11":"product-type-simple"},"acf":[],"_links":{"self":[{"href":"https:\/\/eagricola.com.br\/en\/wp-json\/wp\/v2\/product\/563","targetHints":{"allow":["GET"]}}],"collection":[{"href":"https:\/\/eagricola.com.br\/en\/wp-json\/wp\/v2\/product"}],"about":[{"href":"https:\/\/eagricola.com.br\/en\/wp-json\/wp\/v2\/types\/product"}],"replies":[{"embeddable":true,"href":"https:\/\/eagricola.com.br\/en\/wp-json\/wp\/v2\/comments?post=563"}],"wp:featuredmedia":[{"embeddable":true,"href":"https:\/\/eagricola.com.br\/en\/wp-json\/wp\/v2\/media\/1117"}],"wp:attachment":[{"href":"https:\/\/eagricola.com.br\/en\/wp-json\/wp\/v2\/media?parent=563"}],"wp:term":[{"taxonomy":"product_brand","embeddable":true,"href":"https:\/\/eagricola.com.br\/en\/wp-json\/wp\/v2\/product_brand?post=563"},{"taxonomy":"product_cat","embeddable":true,"href":"https:\/\/eagricola.com.br\/en\/wp-json\/wp\/v2\/product_cat?post=563"},{"taxonomy":"product_tag","embeddable":true,"href":"https:\/\/eagricola.com.br\/en\/wp-json\/wp\/v2\/product_tag?post=563"}],"curies":[{"name":"wp","href":"https:\/\/api.w.org\/{rel}","templated":true}]}}