{"id":556,"date":"2022-12-22T12:37:31","date_gmt":"2022-12-22T12:37:31","guid":{"rendered":"https:\/\/eagricola.com.br\/en\/?post_type=product&#038;p=556"},"modified":"2023-04-24T23:05:39","modified_gmt":"2023-04-24T23:05:39","slug":"modullus-p-plantadora-de-cana-eco-agricola","status":"publish","type":"product","link":"https:\/\/eagricola.com.br\/en\/produto\/modullus-p-plantadora-de-cana-eco-agricola\/","title":{"rendered":"Modullus P &#8211; Plantadora de Cana Eco Agr\u00edcola"},"content":{"rendered":"<p>A Plantadora Modullus EcoAgr\u00cdcola foi desenvolvida para atender o processo de mecaniza\u00e7\u00e3o do plantio de cana-dea\u00e7\u00facar, o equipamento destaca-se pela sua funcionalidade e alto desempenho operacional. Visando a otimiza\u00e7\u00e3o e redu\u00e7\u00e3o de custos no plantio, o equipamento realiza as opera\u00e7\u00f5es do plantio da cultura de uma s\u00f3 vez: Abertura dos sulcos, Distribui\u00e7\u00e3o do adubo, das mudas, aplica o inseticida, faz a cobertura dos sulcos e por \u00faltimo o acabamento do solo. A EcoAgr\u00edcola pensando em atender as diversas op\u00e7\u00f5es de espa\u00e7amentos de plantio existentes no setor sucroalcooleiro, oferece duas op\u00e7\u00f5es de plantadora: com duas linhas ou quatro linhas, conforme dados na tabela abaixo:<\/p>\n","protected":false},"excerpt":{"rendered":"<p>A Plantadora Modullus EcoAgr\u00cdcola foi desenvolvida para atender o processo de mecaniza\u00e7\u00e3o do plantio de cana-dea\u00e7\u00facar, o equipamento destaca-se pela sua funcionalidade e alto desempenho operacional. Visando a otimiza\u00e7\u00e3o e redu\u00e7\u00e3o de custos no plantio, o equipamento realiza as opera\u00e7\u00f5es do plantio da cultura de uma s\u00f3 vez: Abertura dos sulcos, Distribui\u00e7\u00e3o do adubo, das &hellip;<\/p>\n<p class=\"read-more\"> <a class=\"\" href=\"https:\/\/eagricola.com.br\/en\/produto\/modullus-p-plantadora-de-cana-eco-agricola\/\"> <span class=\"screen-reader-text\">Modullus P &#8211; Plantadora de Cana Eco Agr\u00edcola<\/span> Read More &raquo;<\/a><\/p>\n","protected":false},"featured_media":1167,"comment_status":"open","ping_status":"closed","template":"","meta":{"_acf_changed":false,"site-sidebar-layout":"default","site-content-layout":"default","ast-global-header-display":"","ast-main-header-display":"","ast-hfb-above-header-display":"","ast-hfb-below-header-display":"","ast-hfb-mobile-header-display":"","site-post-title":"","ast-breadcrumbs-content":"","ast-featured-img":"","footer-sml-layout":"","theme-transparent-header-meta":"default","adv-header-id-meta":"","stick-header-meta":"","header-above-stick-meta":"","header-main-stick-meta":"","header-below-stick-meta":"","_joinchat":[]},"product_brand":[],"product_cat":[39],"product_tag":[],"class_list":{"0":"post-556","1":"product","2":"type-product","3":"status-publish","4":"has-post-thumbnail","6":"product_cat-plantadora-distribuidora","8":"first","9":"instock","10":"shipping-taxable","11":"product-type-simple"},"acf":[],"_links":{"self":[{"href":"https:\/\/eagricola.com.br\/en\/wp-json\/wp\/v2\/product\/556","targetHints":{"allow":["GET"]}}],"collection":[{"href":"https:\/\/eagricola.com.br\/en\/wp-json\/wp\/v2\/product"}],"about":[{"href":"https:\/\/eagricola.com.br\/en\/wp-json\/wp\/v2\/types\/product"}],"replies":[{"embeddable":true,"href":"https:\/\/eagricola.com.br\/en\/wp-json\/wp\/v2\/comments?post=556"}],"wp:featuredmedia":[{"embeddable":true,"href":"https:\/\/eagricola.com.br\/en\/wp-json\/wp\/v2\/media\/1167"}],"wp:attachment":[{"href":"https:\/\/eagricola.com.br\/en\/wp-json\/wp\/v2\/media?parent=556"}],"wp:term":[{"taxonomy":"product_brand","embeddable":true,"href":"https:\/\/eagricola.com.br\/en\/wp-json\/wp\/v2\/product_brand?post=556"},{"taxonomy":"product_cat","embeddable":true,"href":"https:\/\/eagricola.com.br\/en\/wp-json\/wp\/v2\/product_cat?post=556"},{"taxonomy":"product_tag","embeddable":true,"href":"https:\/\/eagricola.com.br\/en\/wp-json\/wp\/v2\/product_tag?post=556"}],"curies":[{"name":"wp","href":"https:\/\/api.w.org\/{rel}","templated":true}]}}