{"id":543,"date":"2022-12-22T12:29:19","date_gmt":"2022-12-22T12:29:19","guid":{"rendered":"https:\/\/eagricola.com.br\/en\/?post_type=product&#038;p=543"},"modified":"2023-04-24T23:27:07","modified_gmt":"2023-04-24T23:27:07","slug":"gspm_h-grade-super-pesada-com-abertura-mecanica-ou-hidraulica","status":"publish","type":"product","link":"https:\/\/eagricola.com.br\/en\/produto\/gspm_h-grade-super-pesada-com-abertura-mecanica-ou-hidraulica\/","title":{"rendered":"GSPM_H &#8211; Grade Super Pesada com Abertura Mec\u00e2nica ou Hidr\u00e1ulica"},"content":{"rendered":"<p>A Grade Super Pesada com Abertura Mec\u00e2nica ou Hidr\u00e1ulica (GSPM_H), foi projetada para ser utilizada no primeiro est\u00e1gio da prepara\u00e7\u00e3o do solo, abertura de novas \u00e1reas e ou erradica\u00e7\u00e3o de cana-de-a\u00e7\u00facar. Devido as condi\u00e7\u00f5es severas e pesadas de trabalho as quais s\u00e3o destinadas, este modelo oferece duas op\u00e7\u00f5es para ajuste de \u00e2ngulo de corte da grade, com cilindro hidr\u00e1ulico ou mec\u00e2nica.<\/p>\n","protected":false},"excerpt":{"rendered":"<p>A Grade Super Pesada com Abertura Mec\u00e2nica ou Hidr\u00e1ulica (GSPM_H), foi projetada para ser utilizada no primeiro est\u00e1gio da prepara\u00e7\u00e3o do solo, abertura de novas \u00e1reas e ou erradica\u00e7\u00e3o de cana-de-a\u00e7\u00facar. Devido as condi\u00e7\u00f5es severas e pesadas de trabalho as quais s\u00e3o destinadas, este modelo oferece duas op\u00e7\u00f5es para ajuste de \u00e2ngulo de corte da &hellip;<\/p>\n<p class=\"read-more\"> <a class=\"\" href=\"https:\/\/eagricola.com.br\/en\/produto\/gspm_h-grade-super-pesada-com-abertura-mecanica-ou-hidraulica\/\"> <span class=\"screen-reader-text\">GSPM_H &#8211; Grade Super Pesada com Abertura Mec\u00e2nica ou Hidr\u00e1ulica<\/span> Read More &raquo;<\/a><\/p>\n","protected":false},"featured_media":1203,"comment_status":"open","ping_status":"closed","template":"","meta":{"_acf_changed":false,"site-sidebar-layout":"default","site-content-layout":"default","ast-global-header-display":"","ast-main-header-display":"","ast-hfb-above-header-display":"","ast-hfb-below-header-display":"","ast-hfb-mobile-header-display":"","site-post-title":"","ast-breadcrumbs-content":"","ast-featured-img":"","footer-sml-layout":"","theme-transparent-header-meta":"default","adv-header-id-meta":"","stick-header-meta":"","header-above-stick-meta":"","header-main-stick-meta":"","header-below-stick-meta":"","_joinchat":[]},"product_brand":[],"product_cat":[51,33],"product_tag":[],"class_list":{"0":"post-543","1":"product","2":"type-product","3":"status-publish","4":"has-post-thumbnail","6":"product_cat-aradora-super-pesada","7":"product_cat-grades","9":"first","10":"instock","11":"shipping-taxable","12":"product-type-simple"},"acf":[],"_links":{"self":[{"href":"https:\/\/eagricola.com.br\/en\/wp-json\/wp\/v2\/product\/543","targetHints":{"allow":["GET"]}}],"collection":[{"href":"https:\/\/eagricola.com.br\/en\/wp-json\/wp\/v2\/product"}],"about":[{"href":"https:\/\/eagricola.com.br\/en\/wp-json\/wp\/v2\/types\/product"}],"replies":[{"embeddable":true,"href":"https:\/\/eagricola.com.br\/en\/wp-json\/wp\/v2\/comments?post=543"}],"wp:featuredmedia":[{"embeddable":true,"href":"https:\/\/eagricola.com.br\/en\/wp-json\/wp\/v2\/media\/1203"}],"wp:attachment":[{"href":"https:\/\/eagricola.com.br\/en\/wp-json\/wp\/v2\/media?parent=543"}],"wp:term":[{"taxonomy":"product_brand","embeddable":true,"href":"https:\/\/eagricola.com.br\/en\/wp-json\/wp\/v2\/product_brand?post=543"},{"taxonomy":"product_cat","embeddable":true,"href":"https:\/\/eagricola.com.br\/en\/wp-json\/wp\/v2\/product_cat?post=543"},{"taxonomy":"product_tag","embeddable":true,"href":"https:\/\/eagricola.com.br\/en\/wp-json\/wp\/v2\/product_tag?post=543"}],"curies":[{"name":"wp","href":"https:\/\/api.w.org\/{rel}","templated":true}]}}