{"id":538,"date":"2022-12-22T12:24:22","date_gmt":"2022-12-22T12:24:22","guid":{"rendered":"https:\/\/eagricola.com.br\/en\/?post_type=product&#038;p=538"},"modified":"2023-04-24T23:26:54","modified_gmt":"2023-04-24T23:26:54","slug":"gsph-e-grade-super-pesada-com-abertura-mecanica-ou-hidraulica-especial","status":"publish","type":"product","link":"https:\/\/eagricola.com.br\/en\/produto\/gsph-e-grade-super-pesada-com-abertura-mecanica-ou-hidraulica-especial\/","title":{"rendered":"GSPH E &#8211; Grade Super Pesada com Abertura Mec\u00e2nica ou Hidr\u00e1ulica Especial"},"content":{"rendered":"<p><b>A Grade Super Pesada com Abertura Mec\u00e2nica ou Hidr\u00e1ulica Especial (GSPM_H E)<\/b>\u00a0foi projetada para ser utilizada no primeiro est\u00e1gio da prepara\u00e7\u00e3o do solo, abertura de novas \u00e1reas e\/ou erradica\u00e7\u00e3o de cana-de-a\u00e7\u00facar. Devido \u00e0s condi\u00e7\u00f5es severas e pesadas de trabalho as quais s\u00e3o destinadas, este modelo oferece ampla regulagem para ajuste de \u00e2ngulo de corte da grade: com cilindro hidr\u00e1ulico ou mec\u00e2nico. Possui sistema de transporte inteligente com 2 pneus 11L15 (28 e 32 discos), 2 pneus 10,5\/80-18 (36 a 44 discos), 2 pneus 400\/60 (48 a 56 discos) de alta flutua\u00e7\u00e3o, e 2 pneus 12.5\/80-18 (58 a 76 discos) acionados via comando hidr\u00e1ulico direto da cabine do trator. O cabe\u00e7alho possui sistema de articula\u00e7\u00e3o para facilitar o transporte. O deslocamento do equipamento \u00e9 feito atrav\u00e9s do 3\u00b0 ponto de forma angular, garantindo melhor efici\u00eancia e praticidade nas manobras pela propriedade.<\/p>\n","protected":false},"excerpt":{"rendered":"<p>A Grade Super Pesada com Abertura Mec\u00e2nica ou Hidr\u00e1ulica Especial (GSPM_H E)\u00a0foi projetada para ser utilizada no primeiro est\u00e1gio da prepara\u00e7\u00e3o do solo, abertura de novas \u00e1reas e\/ou erradica\u00e7\u00e3o de cana-de-a\u00e7\u00facar. Devido \u00e0s condi\u00e7\u00f5es severas e pesadas de trabalho as quais s\u00e3o destinadas, este modelo oferece ampla regulagem para ajuste de \u00e2ngulo de corte da &hellip;<\/p>\n<p class=\"read-more\"> <a class=\"\" href=\"https:\/\/eagricola.com.br\/en\/produto\/gsph-e-grade-super-pesada-com-abertura-mecanica-ou-hidraulica-especial\/\"> <span class=\"screen-reader-text\">GSPH E &#8211; Grade Super Pesada com Abertura Mec\u00e2nica ou Hidr\u00e1ulica Especial<\/span> Read More &raquo;<\/a><\/p>\n","protected":false},"featured_media":1200,"comment_status":"open","ping_status":"closed","template":"","meta":{"_acf_changed":false,"site-sidebar-layout":"default","site-content-layout":"default","ast-global-header-display":"","ast-main-header-display":"","ast-hfb-above-header-display":"","ast-hfb-below-header-display":"","ast-hfb-mobile-header-display":"","site-post-title":"","ast-breadcrumbs-content":"","ast-featured-img":"","footer-sml-layout":"","theme-transparent-header-meta":"default","adv-header-id-meta":"","stick-header-meta":"","header-above-stick-meta":"","header-main-stick-meta":"","header-below-stick-meta":"","_joinchat":[]},"product_brand":[],"product_cat":[51,33],"product_tag":[],"class_list":{"0":"post-538","1":"product","2":"type-product","3":"status-publish","4":"has-post-thumbnail","6":"product_cat-aradora-super-pesada","7":"product_cat-grades","9":"first","10":"instock","11":"shipping-taxable","12":"product-type-simple"},"acf":[],"_links":{"self":[{"href":"https:\/\/eagricola.com.br\/en\/wp-json\/wp\/v2\/product\/538","targetHints":{"allow":["GET"]}}],"collection":[{"href":"https:\/\/eagricola.com.br\/en\/wp-json\/wp\/v2\/product"}],"about":[{"href":"https:\/\/eagricola.com.br\/en\/wp-json\/wp\/v2\/types\/product"}],"replies":[{"embeddable":true,"href":"https:\/\/eagricola.com.br\/en\/wp-json\/wp\/v2\/comments?post=538"}],"wp:featuredmedia":[{"embeddable":true,"href":"https:\/\/eagricola.com.br\/en\/wp-json\/wp\/v2\/media\/1200"}],"wp:attachment":[{"href":"https:\/\/eagricola.com.br\/en\/wp-json\/wp\/v2\/media?parent=538"}],"wp:term":[{"taxonomy":"product_brand","embeddable":true,"href":"https:\/\/eagricola.com.br\/en\/wp-json\/wp\/v2\/product_brand?post=538"},{"taxonomy":"product_cat","embeddable":true,"href":"https:\/\/eagricola.com.br\/en\/wp-json\/wp\/v2\/product_cat?post=538"},{"taxonomy":"product_tag","embeddable":true,"href":"https:\/\/eagricola.com.br\/en\/wp-json\/wp\/v2\/product_tag?post=538"}],"curies":[{"name":"wp","href":"https:\/\/api.w.org\/{rel}","templated":true}]}}