{"id":532,"date":"2022-12-22T12:22:08","date_gmt":"2022-12-22T12:22:08","guid":{"rendered":"https:\/\/eagricola.com.br\/en\/?post_type=product&#038;p=532"},"modified":"2023-04-24T23:26:16","modified_gmt":"2023-04-24T23:26:16","slug":"gsp_e-grade-super-pesada-especial","status":"publish","type":"product","link":"https:\/\/eagricola.com.br\/en\/produto\/gsp_e-grade-super-pesada-especial\/","title":{"rendered":"GSP_E &#8211; Grade Super Pesada Especial"},"content":{"rendered":"<p>A Ecoagr\u00edcola visando o alto crescimento da vinda dos tratores de alta pot\u00eancia em \u00e2mbito nacional desenvolveu uma linha especial de grades para atender esta nova tend\u00eancia de preparo de solo. A\u00a0<b>Grade Super Pesada Especial<\/b>, GSP_E, pertence a uma fam\u00edlia especial e inovadora de grades que t\u00eam como principais caracter\u00edsticas: Robustez, Qualidade e Alto Desempenho. Suas atividades estendem-se para diversos tipos de opera\u00e7\u00e3o, como: reforma e abertura de novas \u00e1reas, elimina\u00e7\u00e3o de ervas daninhas, quebra de torr\u00f5es, incorpora\u00e7\u00e3o de palhada ao solo, entre outras atividades. O conjunto de rodado \u00e9 composto por 4 pneus acionados por comando hidr\u00e1ulico direto da cabine do trator (controle remoto).<\/p>\n","protected":false},"excerpt":{"rendered":"<p>A Ecoagr\u00edcola visando o alto crescimento da vinda dos tratores de alta pot\u00eancia em \u00e2mbito nacional desenvolveu uma linha especial de grades para atender esta nova tend\u00eancia de preparo de solo. A\u00a0Grade Super Pesada Especial, GSP_E, pertence a uma fam\u00edlia especial e inovadora de grades que t\u00eam como principais caracter\u00edsticas: Robustez, Qualidade e Alto Desempenho. &hellip;<\/p>\n<p class=\"read-more\"> <a class=\"\" href=\"https:\/\/eagricola.com.br\/en\/produto\/gsp_e-grade-super-pesada-especial\/\"> <span class=\"screen-reader-text\">GSP_E &#8211; Grade Super Pesada Especial<\/span> Read More &raquo;<\/a><\/p>\n","protected":false},"featured_media":1194,"comment_status":"open","ping_status":"closed","template":"","meta":{"_acf_changed":false,"site-sidebar-layout":"default","site-content-layout":"default","ast-global-header-display":"","ast-main-header-display":"","ast-hfb-above-header-display":"","ast-hfb-below-header-display":"","ast-hfb-mobile-header-display":"","site-post-title":"","ast-breadcrumbs-content":"","ast-featured-img":"","footer-sml-layout":"","theme-transparent-header-meta":"default","adv-header-id-meta":"","stick-header-meta":"","header-above-stick-meta":"","header-main-stick-meta":"","header-below-stick-meta":"","_joinchat":[]},"product_brand":[],"product_cat":[51,33],"product_tag":[],"class_list":{"0":"post-532","1":"product","2":"type-product","3":"status-publish","4":"has-post-thumbnail","6":"product_cat-aradora-super-pesada","7":"product_cat-grades","9":"first","10":"instock","11":"shipping-taxable","12":"product-type-simple"},"acf":[],"_links":{"self":[{"href":"https:\/\/eagricola.com.br\/en\/wp-json\/wp\/v2\/product\/532","targetHints":{"allow":["GET"]}}],"collection":[{"href":"https:\/\/eagricola.com.br\/en\/wp-json\/wp\/v2\/product"}],"about":[{"href":"https:\/\/eagricola.com.br\/en\/wp-json\/wp\/v2\/types\/product"}],"replies":[{"embeddable":true,"href":"https:\/\/eagricola.com.br\/en\/wp-json\/wp\/v2\/comments?post=532"}],"wp:featuredmedia":[{"embeddable":true,"href":"https:\/\/eagricola.com.br\/en\/wp-json\/wp\/v2\/media\/1194"}],"wp:attachment":[{"href":"https:\/\/eagricola.com.br\/en\/wp-json\/wp\/v2\/media?parent=532"}],"wp:term":[{"taxonomy":"product_brand","embeddable":true,"href":"https:\/\/eagricola.com.br\/en\/wp-json\/wp\/v2\/product_brand?post=532"},{"taxonomy":"product_cat","embeddable":true,"href":"https:\/\/eagricola.com.br\/en\/wp-json\/wp\/v2\/product_cat?post=532"},{"taxonomy":"product_tag","embeddable":true,"href":"https:\/\/eagricola.com.br\/en\/wp-json\/wp\/v2\/product_tag?post=532"}],"curies":[{"name":"wp","href":"https:\/\/api.w.org\/{rel}","templated":true}]}}