{"id":525,"date":"2022-12-22T12:20:04","date_gmt":"2022-12-22T12:20:04","guid":{"rendered":"https:\/\/eagricola.com.br\/en\/?post_type=product&#038;p=525"},"modified":"2023-04-24T23:26:36","modified_gmt":"2023-04-24T23:26:36","slug":"gsp-grade-super-pesada-controle-remoto","status":"publish","type":"product","link":"https:\/\/eagricola.com.br\/en\/produto\/gsp-grade-super-pesada-controle-remoto\/","title":{"rendered":"GSP &#8211; Grade Super Pesada (Controle Remoto)"},"content":{"rendered":"<p>A Grade Super Pesada EcoAgr\u00edcola (GSP), foi projetada para ser utilizada no primeiro est\u00e1gio da prepara\u00e7\u00e3o do solo, abertura de novas \u00e1reas e ou erradica\u00e7\u00e3o de cana-dea\u00e7\u00facar. Devido as condi\u00e7\u00f5es severas e pesadas de trabalho as quais s\u00e3o destinadas, Conjunto de rodado duplo, com 2 pneus 400&#215;60 nos modelos GSP 10, 12, 14, 16 e 18 ou 4 pneus 10.5\/80-18 nos modelos GSP 20 e 22, acionado via comando hidr\u00e1ulico direto da cabine do trator (Controle Remoto).<\/p>\n","protected":false},"excerpt":{"rendered":"<p>A Grade Super Pesada EcoAgr\u00edcola (GSP), foi projetada para ser utilizada no primeiro est\u00e1gio da prepara\u00e7\u00e3o do solo, abertura de novas \u00e1reas e ou erradica\u00e7\u00e3o de cana-dea\u00e7\u00facar. Devido as condi\u00e7\u00f5es severas e pesadas de trabalho as quais s\u00e3o destinadas, Conjunto de rodado duplo, com 2 pneus 400&#215;60 nos modelos GSP 10, 12, 14, 16 e &hellip;<\/p>\n<p class=\"read-more\"> <a class=\"\" href=\"https:\/\/eagricola.com.br\/en\/produto\/gsp-grade-super-pesada-controle-remoto\/\"> <span class=\"screen-reader-text\">GSP &#8211; Grade Super Pesada (Controle Remoto)<\/span> Read More &raquo;<\/a><\/p>\n","protected":false},"featured_media":1197,"comment_status":"open","ping_status":"closed","template":"","meta":{"_acf_changed":false,"site-sidebar-layout":"default","site-content-layout":"default","ast-global-header-display":"","ast-main-header-display":"","ast-hfb-above-header-display":"","ast-hfb-below-header-display":"","ast-hfb-mobile-header-display":"","site-post-title":"","ast-breadcrumbs-content":"","ast-featured-img":"","footer-sml-layout":"","theme-transparent-header-meta":"default","adv-header-id-meta":"","stick-header-meta":"","header-above-stick-meta":"","header-main-stick-meta":"","header-below-stick-meta":"","_joinchat":[]},"product_brand":[],"product_cat":[51,47,33],"product_tag":[46],"class_list":{"0":"post-525","1":"product","2":"type-product","3":"status-publish","4":"has-post-thumbnail","6":"product_cat-aradora-super-pesada","7":"product_cat-destaque","8":"product_cat-grades","9":"product_tag-destaque","11":"first","12":"instock","13":"shipping-taxable","14":"product-type-simple"},"acf":[],"_links":{"self":[{"href":"https:\/\/eagricola.com.br\/en\/wp-json\/wp\/v2\/product\/525","targetHints":{"allow":["GET"]}}],"collection":[{"href":"https:\/\/eagricola.com.br\/en\/wp-json\/wp\/v2\/product"}],"about":[{"href":"https:\/\/eagricola.com.br\/en\/wp-json\/wp\/v2\/types\/product"}],"replies":[{"embeddable":true,"href":"https:\/\/eagricola.com.br\/en\/wp-json\/wp\/v2\/comments?post=525"}],"wp:featuredmedia":[{"embeddable":true,"href":"https:\/\/eagricola.com.br\/en\/wp-json\/wp\/v2\/media\/1197"}],"wp:attachment":[{"href":"https:\/\/eagricola.com.br\/en\/wp-json\/wp\/v2\/media?parent=525"}],"wp:term":[{"taxonomy":"product_brand","embeddable":true,"href":"https:\/\/eagricola.com.br\/en\/wp-json\/wp\/v2\/product_brand?post=525"},{"taxonomy":"product_cat","embeddable":true,"href":"https:\/\/eagricola.com.br\/en\/wp-json\/wp\/v2\/product_cat?post=525"},{"taxonomy":"product_tag","embeddable":true,"href":"https:\/\/eagricola.com.br\/en\/wp-json\/wp\/v2\/product_tag?post=525"}],"curies":[{"name":"wp","href":"https:\/\/api.w.org\/{rel}","templated":true}]}}