{"id":499,"date":"2022-12-22T12:04:45","date_gmt":"2022-12-22T12:04:45","guid":{"rendered":"https:\/\/eagricola.com.br\/en\/?post_type=product&#038;p=499"},"modified":"2023-04-17T09:09:25","modified_gmt":"2023-04-17T09:09:25","slug":"gnlp-grade-niveladora-leve-com-pneus","status":"publish","type":"product","link":"https:\/\/eagricola.com.br\/en\/produto\/gnlp-grade-niveladora-leve-com-pneus\/","title":{"rendered":"GNLP &#8211; Grade Niveladora Leve com Pneus"},"content":{"rendered":"<p>A Grade Niveladora GNLP com pneus foi desenvolvida para garantir o destorroamento, nivelamento e bom acabamento do ciclo de preparo de solo. Com discos recortados na se\u00e7\u00e3o dianteira e lisos na se\u00e7\u00e3o traseira (Opcional). Seu sistema de transporte \u00e9 feito atrav\u00e9s de pneus 7,50 x 16, sendo acionados hidr\u00e1ulica ou manualmente, com isso facilita o deslocamento da grade pela propriedade. Conjunto do rodado mancalizado em Tecnil (Super resistente). Possui bucha \u00fanica com possibilidade de manuten\u00e7\u00e3o trocando apenas a bucha. Este modelo oferece ampla regulagem para ajuste de \u00e2ngulo de corte da grade, com cilindro hidr\u00e1ulico ou mec\u00e2nico. Este conjunto de a\u00e7\u00f5es confere um melhor acabamento do solo.<\/p>\n","protected":false},"excerpt":{"rendered":"<p>A Grade Niveladora GNLP com pneus foi desenvolvida para garantir o destorroamento, nivelamento e bom acabamento do ciclo de preparo de solo. Com discos recortados na se\u00e7\u00e3o dianteira e lisos na se\u00e7\u00e3o traseira (Opcional). Seu sistema de transporte \u00e9 feito atrav\u00e9s de pneus 7,50 x 16, sendo acionados hidr\u00e1ulica ou manualmente, com isso facilita o &hellip;<\/p>\n<p class=\"read-more\"> <a class=\"\" href=\"https:\/\/eagricola.com.br\/en\/produto\/gnlp-grade-niveladora-leve-com-pneus\/\"> <span class=\"screen-reader-text\">GNLP &#8211; Grade Niveladora Leve com Pneus<\/span> Read More &raquo;<\/a><\/p>\n","protected":false},"featured_media":1264,"comment_status":"open","ping_status":"closed","template":"","meta":{"_acf_changed":false,"site-sidebar-layout":"default","site-content-layout":"default","ast-global-header-display":"","ast-main-header-display":"","ast-hfb-above-header-display":"","ast-hfb-below-header-display":"","ast-hfb-mobile-header-display":"","site-post-title":"","ast-breadcrumbs-content":"","ast-featured-img":"","footer-sml-layout":"","theme-transparent-header-meta":"default","adv-header-id-meta":"","stick-header-meta":"","header-above-stick-meta":"","header-main-stick-meta":"","header-below-stick-meta":"","_joinchat":[]},"product_brand":[],"product_cat":[33,48,36],"product_tag":[],"class_list":{"0":"post-499","1":"product","2":"type-product","3":"status-publish","4":"has-post-thumbnail","6":"product_cat-grades","7":"product_cat-niveladora","8":"product_cat-niveladoras","10":"first","11":"instock","12":"shipping-taxable","13":"product-type-simple"},"acf":[],"_links":{"self":[{"href":"https:\/\/eagricola.com.br\/en\/wp-json\/wp\/v2\/product\/499","targetHints":{"allow":["GET"]}}],"collection":[{"href":"https:\/\/eagricola.com.br\/en\/wp-json\/wp\/v2\/product"}],"about":[{"href":"https:\/\/eagricola.com.br\/en\/wp-json\/wp\/v2\/types\/product"}],"replies":[{"embeddable":true,"href":"https:\/\/eagricola.com.br\/en\/wp-json\/wp\/v2\/comments?post=499"}],"wp:featuredmedia":[{"embeddable":true,"href":"https:\/\/eagricola.com.br\/en\/wp-json\/wp\/v2\/media\/1264"}],"wp:attachment":[{"href":"https:\/\/eagricola.com.br\/en\/wp-json\/wp\/v2\/media?parent=499"}],"wp:term":[{"taxonomy":"product_brand","embeddable":true,"href":"https:\/\/eagricola.com.br\/en\/wp-json\/wp\/v2\/product_brand?post=499"},{"taxonomy":"product_cat","embeddable":true,"href":"https:\/\/eagricola.com.br\/en\/wp-json\/wp\/v2\/product_cat?post=499"},{"taxonomy":"product_tag","embeddable":true,"href":"https:\/\/eagricola.com.br\/en\/wp-json\/wp\/v2\/product_tag?post=499"}],"curies":[{"name":"wp","href":"https:\/\/api.w.org\/{rel}","templated":true}]}}