{"id":476,"date":"2022-12-19T19:20:54","date_gmt":"2022-12-19T19:20:54","guid":{"rendered":"https:\/\/eagricola.com.br\/en\/?post_type=product&#038;p=476"},"modified":"2023-04-24T23:35:37","modified_gmt":"2023-04-24T23:35:37","slug":"gnfe-grande-neveladora-flutuante-especial-com-tandem","status":"publish","type":"product","link":"https:\/\/eagricola.com.br\/en\/produto\/gnfe-grande-neveladora-flutuante-especial-com-tandem\/","title":{"rendered":"GNFE &#8211; Grande Neveladora Flutuante Especial (com Tandem)"},"content":{"rendered":"<p>A Grade Niveladora modelo GNFE oferece 96 a 160 discos (Com Tandem). Com grande largura de corte este equipamento proporciona um alto rendimento e din\u00e2mica na opera\u00e7\u00e3o, onde sua estrutura \u00e9 fabricada atrav\u00e9s de cantoneiras que proporcionam uma maior resist\u00eancia em seu conjunto por completo. A GNFE garante excelente desempenho no destorroamento, nivelamento e bom acabamento do ciclo de preparo do solo, permitindo, assim, que as demais opera\u00e7\u00f5es, como plantio e posteriormente a colheita mecanizada possam ocorrer com o m\u00e1ximo de efici\u00eancia. Com discos recortados na se\u00e7\u00e3o dianteira e lisos na se\u00e7\u00e3o traseira (Opcional), confere um melhor acabamento do solo.<\/p>\n","protected":false},"excerpt":{"rendered":"<p>A Grade Niveladora modelo GNFE oferece 96 a 160 discos (Com Tandem). Com grande largura de corte este equipamento proporciona um alto rendimento e din\u00e2mica na opera\u00e7\u00e3o, onde sua estrutura \u00e9 fabricada atrav\u00e9s de cantoneiras que proporcionam uma maior resist\u00eancia em seu conjunto por completo. A GNFE garante excelente desempenho no destorroamento, nivelamento e bom &hellip;<\/p>\n<p class=\"read-more\"> <a class=\"\" href=\"https:\/\/eagricola.com.br\/en\/produto\/gnfe-grande-neveladora-flutuante-especial-com-tandem\/\"> <span class=\"screen-reader-text\">GNFE &#8211; Grande Neveladora Flutuante Especial (com Tandem)<\/span> Read More &raquo;<\/a><\/p>\n","protected":false},"featured_media":478,"comment_status":"open","ping_status":"closed","template":"","meta":{"_acf_changed":false,"site-sidebar-layout":"default","site-content-layout":"default","ast-global-header-display":"","ast-main-header-display":"","ast-hfb-above-header-display":"","ast-hfb-below-header-display":"","ast-hfb-mobile-header-display":"","site-post-title":"","ast-breadcrumbs-content":"","ast-featured-img":"","footer-sml-layout":"","theme-transparent-header-meta":"default","adv-header-id-meta":"","stick-header-meta":"","header-above-stick-meta":"","header-main-stick-meta":"","header-below-stick-meta":"","_joinchat":[]},"product_brand":[],"product_cat":[33,48,36],"product_tag":[],"class_list":{"0":"post-476","1":"product","2":"type-product","3":"status-publish","4":"has-post-thumbnail","6":"product_cat-grades","7":"product_cat-niveladora","8":"product_cat-niveladoras","10":"first","11":"instock","12":"shipping-taxable","13":"product-type-simple"},"acf":[],"_links":{"self":[{"href":"https:\/\/eagricola.com.br\/en\/wp-json\/wp\/v2\/product\/476","targetHints":{"allow":["GET"]}}],"collection":[{"href":"https:\/\/eagricola.com.br\/en\/wp-json\/wp\/v2\/product"}],"about":[{"href":"https:\/\/eagricola.com.br\/en\/wp-json\/wp\/v2\/types\/product"}],"replies":[{"embeddable":true,"href":"https:\/\/eagricola.com.br\/en\/wp-json\/wp\/v2\/comments?post=476"}],"wp:featuredmedia":[{"embeddable":true,"href":"https:\/\/eagricola.com.br\/en\/wp-json\/wp\/v2\/media\/478"}],"wp:attachment":[{"href":"https:\/\/eagricola.com.br\/en\/wp-json\/wp\/v2\/media?parent=476"}],"wp:term":[{"taxonomy":"product_brand","embeddable":true,"href":"https:\/\/eagricola.com.br\/en\/wp-json\/wp\/v2\/product_brand?post=476"},{"taxonomy":"product_cat","embeddable":true,"href":"https:\/\/eagricola.com.br\/en\/wp-json\/wp\/v2\/product_cat?post=476"},{"taxonomy":"product_tag","embeddable":true,"href":"https:\/\/eagricola.com.br\/en\/wp-json\/wp\/v2\/product_tag?post=476"}],"curies":[{"name":"wp","href":"https:\/\/api.w.org\/{rel}","templated":true}]}}