{"id":469,"date":"2022-12-19T19:17:48","date_gmt":"2022-12-19T19:17:48","guid":{"rendered":"https:\/\/eagricola.com.br\/en\/?post_type=product&#038;p=469"},"modified":"2023-04-24T23:35:18","modified_gmt":"2023-04-24T23:35:18","slug":"gne-a-grade-niveladora-ecoagricola-arroz","status":"publish","type":"product","link":"https:\/\/eagricola.com.br\/en\/produto\/gne-a-grade-niveladora-ecoagricola-arroz\/","title":{"rendered":"GNE A &#8211; Grade Niveladora EcoAgr\u00edcola (Arroz)"},"content":{"rendered":"<p>A Ecoagr\u00edcola visando o desenvolvimento de tecnologias direcionadas para a cultura de arroz (orizicultura), e sabendo das adversidades do trabalho em campo que s\u00e3o encontradas neste segmento, projetou a Grade Niveladora GNE A, equipamento este que se destaca pela sua estrutura totalmente refor\u00e7ada, proporcionando maior vida \u00fatil ao produto, onde permite efetuar sua atividade com alto desempenho em diversas condi\u00e7\u00f5es de solo. O equipamento foi desenvolvido para trabalhar na elimina\u00e7\u00e3o da soqueira do arroz, onde suas se\u00e7\u00f5es de discos recebem uma confi gura\u00e7\u00e3o especial, entre mancais, eixo e separadores. A estrutura do chassi possui refor\u00e7os extras para suportar as severas condi\u00e7\u00f5es encontradas no campo. O conjunto de rodado \u00e9 dimensionado em cubos maiores para receber o conjunto de rodas e pneus nas medidas 11L15 ou 10,5\/80-18 ou 12,5\/80-18.<\/p>\n","protected":false},"excerpt":{"rendered":"<p>A Ecoagr\u00edcola visando o desenvolvimento de tecnologias direcionadas para a cultura de arroz (orizicultura), e sabendo das adversidades do trabalho em campo que s\u00e3o encontradas neste segmento, projetou a Grade Niveladora GNE A, equipamento este que se destaca pela sua estrutura totalmente refor\u00e7ada, proporcionando maior vida \u00fatil ao produto, onde permite efetuar sua atividade com &hellip;<\/p>\n<p class=\"read-more\"> <a class=\"\" href=\"https:\/\/eagricola.com.br\/en\/produto\/gne-a-grade-niveladora-ecoagricola-arroz\/\"> <span class=\"screen-reader-text\">GNE A &#8211; Grade Niveladora EcoAgr\u00edcola (Arroz)<\/span> Read More &raquo;<\/a><\/p>\n","protected":false},"featured_media":1252,"comment_status":"open","ping_status":"closed","template":"","meta":{"_acf_changed":false,"site-sidebar-layout":"default","site-content-layout":"default","ast-global-header-display":"","ast-main-header-display":"","ast-hfb-above-header-display":"","ast-hfb-below-header-display":"","ast-hfb-mobile-header-display":"","site-post-title":"","ast-breadcrumbs-content":"","ast-featured-img":"","footer-sml-layout":"","theme-transparent-header-meta":"default","adv-header-id-meta":"","stick-header-meta":"","header-above-stick-meta":"","header-main-stick-meta":"","header-below-stick-meta":"","_joinchat":[]},"product_brand":[],"product_cat":[33,48,36],"product_tag":[],"class_list":{"0":"post-469","1":"product","2":"type-product","3":"status-publish","4":"has-post-thumbnail","6":"product_cat-grades","7":"product_cat-niveladora","8":"product_cat-niveladoras","10":"first","11":"instock","12":"shipping-taxable","13":"product-type-simple"},"acf":[],"_links":{"self":[{"href":"https:\/\/eagricola.com.br\/en\/wp-json\/wp\/v2\/product\/469","targetHints":{"allow":["GET"]}}],"collection":[{"href":"https:\/\/eagricola.com.br\/en\/wp-json\/wp\/v2\/product"}],"about":[{"href":"https:\/\/eagricola.com.br\/en\/wp-json\/wp\/v2\/types\/product"}],"replies":[{"embeddable":true,"href":"https:\/\/eagricola.com.br\/en\/wp-json\/wp\/v2\/comments?post=469"}],"wp:featuredmedia":[{"embeddable":true,"href":"https:\/\/eagricola.com.br\/en\/wp-json\/wp\/v2\/media\/1252"}],"wp:attachment":[{"href":"https:\/\/eagricola.com.br\/en\/wp-json\/wp\/v2\/media?parent=469"}],"wp:term":[{"taxonomy":"product_brand","embeddable":true,"href":"https:\/\/eagricola.com.br\/en\/wp-json\/wp\/v2\/product_brand?post=469"},{"taxonomy":"product_cat","embeddable":true,"href":"https:\/\/eagricola.com.br\/en\/wp-json\/wp\/v2\/product_cat?post=469"},{"taxonomy":"product_tag","embeddable":true,"href":"https:\/\/eagricola.com.br\/en\/wp-json\/wp\/v2\/product_tag?post=469"}],"curies":[{"name":"wp","href":"https:\/\/api.w.org\/{rel}","templated":true}]}}