{"id":454,"date":"2022-12-19T19:12:42","date_gmt":"2022-12-19T19:12:42","guid":{"rendered":"https:\/\/eagricola.com.br\/en\/?post_type=product&#038;p=454"},"modified":"2023-04-24T23:35:08","modified_gmt":"2023-04-24T23:35:08","slug":"gncr-a-grade-niveladora-controle-remoto-articulada","status":"publish","type":"product","link":"https:\/\/eagricola.com.br\/en\/produto\/gncr-a-grade-niveladora-controle-remoto-articulada\/","title":{"rendered":"GNCR A &#8211; Grade Niveladora Controle Remoto Articulada"},"content":{"rendered":"<p>A Ecoagr\u00edcola novamente buscando atender os anseios de seus clientes, lan\u00e7a desta vez a grade modelo GNCR_A, equipamento este que proporciona a otimiza\u00e7\u00e3o em v\u00e1rios aspectos: Alto rendimento, desempenho na opera\u00e7\u00e3o e praticidade no transporte. Equipamento \u00e9 indicado para realizar o destorroamento, nivelamento e bom acabamento do ciclo de preparo do solo, permitindo assim que as demais opera\u00e7\u00f5es como plantio e posterior colheita mecanizada, possam ocorrer com o m\u00e1ximo de efi ci\u00eancia. Essa grade oferece op\u00e7\u00f5es de tamanhos de 44 a 68 discos, com grande largura de corte e uma estrutura extremamente refor\u00e7ada. Este modelo possui 2 quadros e 4 chassis de se\u00e7\u00e3o de discos. Outro diferencial desse produto \u00e9 a sua largura de transporte, devido \u00e0 possibilidade de articula\u00e7\u00e3o do seu quadro lateral direito, diminuindo assim a largura de transporte do equipamento. O Mecanismo de levante do quadro lateral \u00e9 realizado atrav\u00e9s de um bra\u00e7o acionado atrav\u00e9s de cilindro hidr\u00e1ulico independente, o que confere seguran\u00e7a e simplicidade operacional, al\u00e9m de eliminar a necessidade de manuten\u00e7\u00e3o do mecanismo. O conjunto de rodado conta com pneus 11L15 e 400&#215;60 no quadro lateral direito e 1 pneu 11L15 no quadro lateral esquerdo.<\/p>\n","protected":false},"excerpt":{"rendered":"<p>A Ecoagr\u00edcola novamente buscando atender os anseios de seus clientes, lan\u00e7a desta vez a grade modelo GNCR_A, equipamento este que proporciona a otimiza\u00e7\u00e3o em v\u00e1rios aspectos: Alto rendimento, desempenho na opera\u00e7\u00e3o e praticidade no transporte. Equipamento \u00e9 indicado para realizar o destorroamento, nivelamento e bom acabamento do ciclo de preparo do solo, permitindo assim que &hellip;<\/p>\n<p class=\"read-more\"> <a class=\"\" href=\"https:\/\/eagricola.com.br\/en\/produto\/gncr-a-grade-niveladora-controle-remoto-articulada\/\"> <span class=\"screen-reader-text\">GNCR A &#8211; Grade Niveladora Controle Remoto Articulada<\/span> Read More &raquo;<\/a><\/p>\n","protected":false},"featured_media":1250,"comment_status":"open","ping_status":"closed","template":"","meta":{"_acf_changed":false,"site-sidebar-layout":"default","site-content-layout":"default","ast-global-header-display":"","ast-main-header-display":"","ast-hfb-above-header-display":"","ast-hfb-below-header-display":"","ast-hfb-mobile-header-display":"","site-post-title":"","ast-breadcrumbs-content":"","ast-featured-img":"","footer-sml-layout":"","theme-transparent-header-meta":"default","adv-header-id-meta":"","stick-header-meta":"","header-above-stick-meta":"","header-main-stick-meta":"","header-below-stick-meta":"","_joinchat":[]},"product_brand":[],"product_cat":[33,48,36],"product_tag":[],"class_list":{"0":"post-454","1":"product","2":"type-product","3":"status-publish","4":"has-post-thumbnail","6":"product_cat-grades","7":"product_cat-niveladora","8":"product_cat-niveladoras","10":"first","11":"instock","12":"shipping-taxable","13":"product-type-simple"},"acf":[],"_links":{"self":[{"href":"https:\/\/eagricola.com.br\/en\/wp-json\/wp\/v2\/product\/454","targetHints":{"allow":["GET"]}}],"collection":[{"href":"https:\/\/eagricola.com.br\/en\/wp-json\/wp\/v2\/product"}],"about":[{"href":"https:\/\/eagricola.com.br\/en\/wp-json\/wp\/v2\/types\/product"}],"replies":[{"embeddable":true,"href":"https:\/\/eagricola.com.br\/en\/wp-json\/wp\/v2\/comments?post=454"}],"wp:featuredmedia":[{"embeddable":true,"href":"https:\/\/eagricola.com.br\/en\/wp-json\/wp\/v2\/media\/1250"}],"wp:attachment":[{"href":"https:\/\/eagricola.com.br\/en\/wp-json\/wp\/v2\/media?parent=454"}],"wp:term":[{"taxonomy":"product_brand","embeddable":true,"href":"https:\/\/eagricola.com.br\/en\/wp-json\/wp\/v2\/product_brand?post=454"},{"taxonomy":"product_cat","embeddable":true,"href":"https:\/\/eagricola.com.br\/en\/wp-json\/wp\/v2\/product_cat?post=454"},{"taxonomy":"product_tag","embeddable":true,"href":"https:\/\/eagricola.com.br\/en\/wp-json\/wp\/v2\/product_tag?post=454"}],"curies":[{"name":"wp","href":"https:\/\/api.w.org\/{rel}","templated":true}]}}