{"id":446,"date":"2022-12-19T19:10:04","date_gmt":"2022-12-19T19:10:04","guid":{"rendered":"https:\/\/eagricola.com.br\/en\/?post_type=product&#038;p=446"},"modified":"2023-04-24T23:31:55","modified_gmt":"2023-04-24T23:31:55","slug":"gie-grade-intermediaria-ecoagricola","status":"publish","type":"product","link":"https:\/\/eagricola.com.br\/en\/produto\/gie-grade-intermediaria-ecoagricola\/","title":{"rendered":"GIE &#8211; Grade Intermedi\u00e1ria EcoAgr\u00edcola"},"content":{"rendered":"<p>A Grade Intermedi\u00e1ria Ecoagr\u00edcola (GIE), foi projetada para preparo em terrenos anteriormente cultivados com cereais e\/ou para utiliza\u00e7\u00e3o p\u00f3s gradagem pesada em novas \u00e1reas ou canaviais, fazendo este trabalho com a qualidade e perfei\u00e7\u00e3o requeridas pelos agricultores de diversas culturas. O conjunto do rodado \u00e9 composto por 2 pneus 6,50-16 ou 11L15, acionado por comando hidr\u00e1ulico direto da cabine do trator (controle remoto), para realizar o transporte com a maior praticidade poss\u00edvel. Nos tamanhos de 12, 14, 16 e 18 possui sistema de barra estabilizadora para acionamento de transporte, j\u00e1 nos tamanhos de 20 a 30 discos possui sistema de cilindro no cabe\u00e7alho.<\/p>\n","protected":false},"excerpt":{"rendered":"<p>A Grade Intermedi\u00e1ria Ecoagr\u00edcola (GIE), foi projetada para preparo em terrenos anteriormente cultivados com cereais e\/ou para utiliza\u00e7\u00e3o p\u00f3s gradagem pesada em novas \u00e1reas ou canaviais, fazendo este trabalho com a qualidade e perfei\u00e7\u00e3o requeridas pelos agricultores de diversas culturas. O conjunto do rodado \u00e9 composto por 2 pneus 6,50-16 ou 11L15, acionado por comando &hellip;<\/p>\n<p class=\"read-more\"> <a class=\"\" href=\"https:\/\/eagricola.com.br\/en\/produto\/gie-grade-intermediaria-ecoagricola\/\"> <span class=\"screen-reader-text\">GIE &#8211; Grade Intermedi\u00e1ria EcoAgr\u00edcola<\/span> Read More &raquo;<\/a><\/p>\n","protected":false},"featured_media":1237,"comment_status":"open","ping_status":"closed","template":"","meta":{"_acf_changed":false,"site-sidebar-layout":"default","site-content-layout":"default","ast-global-header-display":"","ast-main-header-display":"","ast-hfb-above-header-display":"","ast-hfb-below-header-display":"","ast-hfb-mobile-header-display":"","site-post-title":"","ast-breadcrumbs-content":"","ast-featured-img":"","footer-sml-layout":"","theme-transparent-header-meta":"default","adv-header-id-meta":"","stick-header-meta":"","header-above-stick-meta":"","header-main-stick-meta":"","header-below-stick-meta":"","_joinchat":[]},"product_brand":[],"product_cat":[33,49,37],"product_tag":[],"class_list":{"0":"post-446","1":"product","2":"type-product","3":"status-publish","4":"has-post-thumbnail","6":"product_cat-grades","7":"product_cat-intermediaria","8":"product_cat-intermediarias","10":"first","11":"instock","12":"shipping-taxable","13":"product-type-simple"},"acf":[],"_links":{"self":[{"href":"https:\/\/eagricola.com.br\/en\/wp-json\/wp\/v2\/product\/446","targetHints":{"allow":["GET"]}}],"collection":[{"href":"https:\/\/eagricola.com.br\/en\/wp-json\/wp\/v2\/product"}],"about":[{"href":"https:\/\/eagricola.com.br\/en\/wp-json\/wp\/v2\/types\/product"}],"replies":[{"embeddable":true,"href":"https:\/\/eagricola.com.br\/en\/wp-json\/wp\/v2\/comments?post=446"}],"wp:featuredmedia":[{"embeddable":true,"href":"https:\/\/eagricola.com.br\/en\/wp-json\/wp\/v2\/media\/1237"}],"wp:attachment":[{"href":"https:\/\/eagricola.com.br\/en\/wp-json\/wp\/v2\/media?parent=446"}],"wp:term":[{"taxonomy":"product_brand","embeddable":true,"href":"https:\/\/eagricola.com.br\/en\/wp-json\/wp\/v2\/product_brand?post=446"},{"taxonomy":"product_cat","embeddable":true,"href":"https:\/\/eagricola.com.br\/en\/wp-json\/wp\/v2\/product_cat?post=446"},{"taxonomy":"product_tag","embeddable":true,"href":"https:\/\/eagricola.com.br\/en\/wp-json\/wp\/v2\/product_tag?post=446"}],"curies":[{"name":"wp","href":"https:\/\/api.w.org\/{rel}","templated":true}]}}