{"id":427,"date":"2022-12-19T19:02:14","date_gmt":"2022-12-19T19:02:14","guid":{"rendered":"https:\/\/eagricola.com.br\/en\/?post_type=product&#038;p=427"},"modified":"2023-04-24T23:34:42","modified_gmt":"2023-04-24T23:34:42","slug":"gene-grade-especial-niveladora-ecoagricola","status":"publish","type":"product","link":"https:\/\/eagricola.com.br\/en\/produto\/gene-grade-especial-niveladora-ecoagricola\/","title":{"rendered":"GENE &#8211; Grade Especial Niveladora EcoAgr\u00edcola"},"content":{"rendered":"<p>Visando a otimiza\u00e7\u00e3o, alto rendimento e desempenho na opera\u00e7\u00e3o, a Ecoagr\u00edcola desenvolveu a GENE, Grade Especial Niveladora. Equipamento que oferece op\u00e7\u00f5es de tamanhos de 56 a 108 discos, com grande largura de corte e uma estrutura extremamente refor\u00e7ada. Este modelo possui 3 quadros, sendo 2 laterais e 1 central, 6 chassis de se\u00e7\u00e3o de discos, que oferece maior longevidade em sua estrutura por completo. Este equipamento conta tamb\u00e9m como diferencial a sua largura de transporte, devido \u00e0 possibilidade de articula\u00e7\u00e3o dos seus quadros laterais para efetuar o transporte do equipamento. O Mecanismo de levante dos quadros laterais \u00e9 realizado atrav\u00e9s de bra\u00e7os e cilindros hidr\u00e1ulicos independentes, o que confere seguran\u00e7a e simplicidade operacional, al\u00e9m de praticamente eliminar a necessidade de manuten\u00e7\u00e3o do mecanismo. O conjunto de rodado conta com 2 pneus 400&#215;60 no quadro central e mais 2 pneus 6,50-16 nos quadros laterais (56 a 64), j\u00e1 nos tamahos de 72 a 108 discos posuem 2 pneus 11L15 nos quadros laterais.<\/p>\n","protected":false},"excerpt":{"rendered":"<p>Visando a otimiza\u00e7\u00e3o, alto rendimento e desempenho na opera\u00e7\u00e3o, a Ecoagr\u00edcola desenvolveu a GENE, Grade Especial Niveladora. Equipamento que oferece op\u00e7\u00f5es de tamanhos de 56 a 108 discos, com grande largura de corte e uma estrutura extremamente refor\u00e7ada. Este modelo possui 3 quadros, sendo 2 laterais e 1 central, 6 chassis de se\u00e7\u00e3o de discos, &hellip;<\/p>\n<p class=\"read-more\"> <a class=\"\" href=\"https:\/\/eagricola.com.br\/en\/produto\/gene-grade-especial-niveladora-ecoagricola\/\"> <span class=\"screen-reader-text\">GENE &#8211; Grade Especial Niveladora EcoAgr\u00edcola<\/span> Read More &raquo;<\/a><\/p>\n","protected":false},"featured_media":428,"comment_status":"open","ping_status":"closed","template":"","meta":{"_acf_changed":false,"site-sidebar-layout":"default","site-content-layout":"default","ast-global-header-display":"","ast-main-header-display":"","ast-hfb-above-header-display":"","ast-hfb-below-header-display":"","ast-hfb-mobile-header-display":"","site-post-title":"","ast-breadcrumbs-content":"","ast-featured-img":"","footer-sml-layout":"","theme-transparent-header-meta":"default","adv-header-id-meta":"","stick-header-meta":"","header-above-stick-meta":"","header-main-stick-meta":"","header-below-stick-meta":"","_joinchat":[]},"product_brand":[],"product_cat":[33,48,36],"product_tag":[],"class_list":{"0":"post-427","1":"product","2":"type-product","3":"status-publish","4":"has-post-thumbnail","6":"product_cat-grades","7":"product_cat-niveladora","8":"product_cat-niveladoras","10":"first","11":"instock","12":"shipping-taxable","13":"product-type-simple"},"acf":[],"_links":{"self":[{"href":"https:\/\/eagricola.com.br\/en\/wp-json\/wp\/v2\/product\/427","targetHints":{"allow":["GET"]}}],"collection":[{"href":"https:\/\/eagricola.com.br\/en\/wp-json\/wp\/v2\/product"}],"about":[{"href":"https:\/\/eagricola.com.br\/en\/wp-json\/wp\/v2\/types\/product"}],"replies":[{"embeddable":true,"href":"https:\/\/eagricola.com.br\/en\/wp-json\/wp\/v2\/comments?post=427"}],"wp:featuredmedia":[{"embeddable":true,"href":"https:\/\/eagricola.com.br\/en\/wp-json\/wp\/v2\/media\/428"}],"wp:attachment":[{"href":"https:\/\/eagricola.com.br\/en\/wp-json\/wp\/v2\/media?parent=427"}],"wp:term":[{"taxonomy":"product_brand","embeddable":true,"href":"https:\/\/eagricola.com.br\/en\/wp-json\/wp\/v2\/product_brand?post=427"},{"taxonomy":"product_cat","embeddable":true,"href":"https:\/\/eagricola.com.br\/en\/wp-json\/wp\/v2\/product_cat?post=427"},{"taxonomy":"product_tag","embeddable":true,"href":"https:\/\/eagricola.com.br\/en\/wp-json\/wp\/v2\/product_tag?post=427"}],"curies":[{"name":"wp","href":"https:\/\/api.w.org\/{rel}","templated":true}]}}