{"id":422,"date":"2022-12-19T18:59:25","date_gmt":"2022-12-19T18:59:25","guid":{"rendered":"https:\/\/eagricola.com.br\/en\/?post_type=product&#038;p=422"},"modified":"2023-04-24T23:32:35","modified_gmt":"2023-04-24T23:32:35","slug":"gdo-grade-destorroadora-orchard-pomar","status":"publish","type":"product","link":"https:\/\/eagricola.com.br\/en\/produto\/gdo-grade-destorroadora-orchard-pomar\/","title":{"rendered":"GDO &#8211; Grade Destorroadora Orchard (Pomar)"},"content":{"rendered":"<p>A Grade Destorroadora Ecoagr\u00edcola, \u00e9 especialmente indicada no ciclo final de preparo de solo para o plantio de cereais em terrenos j\u00e1 cultivados, aonde foram utilizados anteriormente, grades intermediarias e aradoras pesadas, promovendo a gradagem e o destorroamento. Equipamento tamb\u00e9m \u00e9 utilizado em diversos tipos de culturas quando almeja-se uma aplica\u00e7\u00e3o apenas na superf\u00edcie do solo. O conjunto de rodas acionados hidr\u00e1ulicamente, facilitam o transporte e auxiliam no controle de profundidade de trabalho.<br \/>\nEquipamento foi projetado com materiais de excelente qualidade, para dar resist\u00eancia e robustez ao equipamento, e trabalhar nos mais variados tipos de terrenos. O equil\u00edbrio perfeito do conjunto, proporciona a este equipamento, excelente desempenho e din\u00e2mica na opera\u00e7\u00e3o.<\/p>\n","protected":false},"excerpt":{"rendered":"<p>A Grade Destorroadora Ecoagr\u00edcola, \u00e9 especialmente indicada no ciclo final de preparo de solo para o plantio de cereais em terrenos j\u00e1 cultivados, aonde foram utilizados anteriormente, grades intermediarias e aradoras pesadas, promovendo a gradagem e o destorroamento. Equipamento tamb\u00e9m \u00e9 utilizado em diversos tipos de culturas quando almeja-se uma aplica\u00e7\u00e3o apenas na superf\u00edcie do &hellip;<\/p>\n<p class=\"read-more\"> <a class=\"\" href=\"https:\/\/eagricola.com.br\/en\/produto\/gdo-grade-destorroadora-orchard-pomar\/\"> <span class=\"screen-reader-text\">GDO &#8211; Grade Destorroadora Orchard (Pomar)<\/span> Read More &raquo;<\/a><\/p>\n","protected":false},"featured_media":1242,"comment_status":"open","ping_status":"closed","template":"","meta":{"_acf_changed":false,"site-sidebar-layout":"default","site-content-layout":"default","ast-global-header-display":"","ast-main-header-display":"","ast-hfb-above-header-display":"","ast-hfb-below-header-display":"","ast-hfb-mobile-header-display":"","site-post-title":"","ast-breadcrumbs-content":"","ast-featured-img":"","footer-sml-layout":"","theme-transparent-header-meta":"default","adv-header-id-meta":"","stick-header-meta":"","header-above-stick-meta":"","header-main-stick-meta":"","header-below-stick-meta":"","_joinchat":[]},"product_brand":[],"product_cat":[35,50,33],"product_tag":[],"class_list":{"0":"post-422","1":"product","2":"type-product","3":"status-publish","4":"has-post-thumbnail","6":"product_cat-destorroadora","7":"product_cat-destorroadora-grades","8":"product_cat-grades","10":"first","11":"instock","12":"shipping-taxable","13":"product-type-simple"},"acf":[],"_links":{"self":[{"href":"https:\/\/eagricola.com.br\/en\/wp-json\/wp\/v2\/product\/422","targetHints":{"allow":["GET"]}}],"collection":[{"href":"https:\/\/eagricola.com.br\/en\/wp-json\/wp\/v2\/product"}],"about":[{"href":"https:\/\/eagricola.com.br\/en\/wp-json\/wp\/v2\/types\/product"}],"replies":[{"embeddable":true,"href":"https:\/\/eagricola.com.br\/en\/wp-json\/wp\/v2\/comments?post=422"}],"wp:featuredmedia":[{"embeddable":true,"href":"https:\/\/eagricola.com.br\/en\/wp-json\/wp\/v2\/media\/1242"}],"wp:attachment":[{"href":"https:\/\/eagricola.com.br\/en\/wp-json\/wp\/v2\/media?parent=422"}],"wp:term":[{"taxonomy":"product_brand","embeddable":true,"href":"https:\/\/eagricola.com.br\/en\/wp-json\/wp\/v2\/product_brand?post=422"},{"taxonomy":"product_cat","embeddable":true,"href":"https:\/\/eagricola.com.br\/en\/wp-json\/wp\/v2\/product_cat?post=422"},{"taxonomy":"product_tag","embeddable":true,"href":"https:\/\/eagricola.com.br\/en\/wp-json\/wp\/v2\/product_tag?post=422"}],"curies":[{"name":"wp","href":"https:\/\/api.w.org\/{rel}","templated":true}]}}