{"id":417,"date":"2022-12-19T18:55:50","date_gmt":"2022-12-19T18:55:50","guid":{"rendered":"https:\/\/eagricola.com.br\/en\/?post_type=product&#038;p=417"},"modified":"2023-04-24T23:33:35","modified_gmt":"2023-04-24T23:33:35","slug":"gde-grade-destorroadora-especial-controle-remoto","status":"publish","type":"product","link":"https:\/\/eagricola.com.br\/en\/produto\/gde-grade-destorroadora-especial-controle-remoto\/","title":{"rendered":"GDE &#8211; Grade Destorroadora Especial (Controle Remoto)"},"content":{"rendered":"<p>A Grade Destorroadora Especial trata-se de mais um lan\u00e7amento da linha de preparo de solo da Ecoagr\u00edcola, atualmente utilizada na lavoura de arroz e tamb\u00e9m indicada no preparo de solo para o plantio de cereais em terrenos j\u00e1 cultivados, aonde foram utilizados arados e grades pesadas, promovendo a gradagem e o destorroamento.<br \/>\nSeu conjunto de rodas s\u00e3o acionados hidr\u00e1ulicamente, o que facilita o transporte e auxilia no controle de profundidade de trabalho. O equipamento possui espa\u00e7amento de 230mm entre discos, mancais com lubrifica\u00e7\u00e3o a \u00f3leo de Dupla veda\u00e7\u00e3o, Cilindro no cabe\u00e7alho e conjunto do rodado especial, nas op\u00e7\u00f5es: 10.5\/80-18 e\/ou 12.5\/80-18.<\/p>\n","protected":false},"excerpt":{"rendered":"<p>A Grade Destorroadora Especial trata-se de mais um lan\u00e7amento da linha de preparo de solo da Ecoagr\u00edcola, atualmente utilizada na lavoura de arroz e tamb\u00e9m indicada no preparo de solo para o plantio de cereais em terrenos j\u00e1 cultivados, aonde foram utilizados arados e grades pesadas, promovendo a gradagem e o destorroamento. Seu conjunto de &hellip;<\/p>\n<p class=\"read-more\"> <a class=\"\" href=\"https:\/\/eagricola.com.br\/en\/produto\/gde-grade-destorroadora-especial-controle-remoto\/\"> <span class=\"screen-reader-text\">GDE &#8211; Grade Destorroadora Especial (Controle Remoto)<\/span> Read More &raquo;<\/a><\/p>\n","protected":false},"featured_media":1246,"comment_status":"open","ping_status":"closed","template":"","meta":{"_acf_changed":false,"site-sidebar-layout":"default","site-content-layout":"default","ast-global-header-display":"","ast-main-header-display":"","ast-hfb-above-header-display":"","ast-hfb-below-header-display":"","ast-hfb-mobile-header-display":"","site-post-title":"","ast-breadcrumbs-content":"","ast-featured-img":"","footer-sml-layout":"","theme-transparent-header-meta":"default","adv-header-id-meta":"","stick-header-meta":"","header-above-stick-meta":"","header-main-stick-meta":"","header-below-stick-meta":"","_joinchat":[]},"product_brand":[],"product_cat":[50,33],"product_tag":[],"class_list":{"0":"post-417","1":"product","2":"type-product","3":"status-publish","4":"has-post-thumbnail","6":"product_cat-destorroadora-grades","7":"product_cat-grades","9":"first","10":"instock","11":"shipping-taxable","12":"product-type-simple"},"acf":[],"_links":{"self":[{"href":"https:\/\/eagricola.com.br\/en\/wp-json\/wp\/v2\/product\/417","targetHints":{"allow":["GET"]}}],"collection":[{"href":"https:\/\/eagricola.com.br\/en\/wp-json\/wp\/v2\/product"}],"about":[{"href":"https:\/\/eagricola.com.br\/en\/wp-json\/wp\/v2\/types\/product"}],"replies":[{"embeddable":true,"href":"https:\/\/eagricola.com.br\/en\/wp-json\/wp\/v2\/comments?post=417"}],"wp:featuredmedia":[{"embeddable":true,"href":"https:\/\/eagricola.com.br\/en\/wp-json\/wp\/v2\/media\/1246"}],"wp:attachment":[{"href":"https:\/\/eagricola.com.br\/en\/wp-json\/wp\/v2\/media?parent=417"}],"wp:term":[{"taxonomy":"product_brand","embeddable":true,"href":"https:\/\/eagricola.com.br\/en\/wp-json\/wp\/v2\/product_brand?post=417"},{"taxonomy":"product_cat","embeddable":true,"href":"https:\/\/eagricola.com.br\/en\/wp-json\/wp\/v2\/product_cat?post=417"},{"taxonomy":"product_tag","embeddable":true,"href":"https:\/\/eagricola.com.br\/en\/wp-json\/wp\/v2\/product_tag?post=417"}],"curies":[{"name":"wp","href":"https:\/\/api.w.org\/{rel}","templated":true}]}}