{"id":370,"date":"2022-12-19T12:18:41","date_gmt":"2022-12-19T12:18:41","guid":{"rendered":"https:\/\/eagricola.com.br\/en\/?post_type=product&#038;p=370"},"modified":"2023-04-24T23:25:52","modified_gmt":"2023-04-24T23:25:52","slug":"gaep-h-grade-aradora-extra-pesada-com-abertura-hidraulica","status":"publish","type":"product","link":"https:\/\/eagricola.com.br\/en\/produto\/gaep-h-grade-aradora-extra-pesada-com-abertura-hidraulica\/","title":{"rendered":"GAEP H &#8211; Grade Aradora Extra Pesada com Abertura Hidr\u00e1ulica"},"content":{"rendered":"<p>A Ecoagr\u00edcola visando o alto crescimento da vinda dos tratores de alta pot\u00eancia em \u00e2mbito nacional desenvolveu uma linha especial de grades para atender esta nova tend\u00eancia de preparo de solo. A\u00a0<b>Grade Aradora Extra Pesada com Abertura Hidr\u00e1ulica<\/b>\u00a0(GAEP_H), pertence a uma fam\u00edlia especial e inovadora de grades que tem como principais caracter\u00edsticas: Robustez, Qualidade e Alto Desempenho. Suas atividades estendem-se para diversos tipos de opera\u00e7\u00e3o, como: reforma de \u00e1reas, desbravamento de novas \u00e1reas, elimina\u00e7\u00e3o de ervas daninhas, quebras de torr\u00f5es, incorpora\u00e7\u00e3o de palhada ao solo, entre outras atividades. Este modelo oferece ampla regulagem para ajuste de \u00e2ngulo de corte da grade atrav\u00e9s do cilindro hidr\u00e1ulico. Possui como opcional sistema de transporte inteligente com 2 pneus 10,5\/80-18 (12 a 18 discos) e 2 pneus 12,5\/80-18 (20 a 26 discos) acionados via comando hidr\u00e1ulico direto da cabine do trator. O cabe\u00e7alho possui sistema de articula\u00e7\u00e3o para facilitar o transporte. O deslocamento do equipamento \u00e9 feito atrav\u00e9s do 03\u00ba ponto do trator de forma angular, garantindo melhor efici\u00eancia e praticidade nas manobras pela propriedade<\/p>\n","protected":false},"excerpt":{"rendered":"<p>A Ecoagr\u00edcola visando o alto crescimento da vinda dos tratores de alta pot\u00eancia em \u00e2mbito nacional desenvolveu uma linha especial de grades para atender esta nova tend\u00eancia de preparo de solo. A\u00a0Grade Aradora Extra Pesada com Abertura Hidr\u00e1ulica\u00a0(GAEP_H), pertence a uma fam\u00edlia especial e inovadora de grades que tem como principais caracter\u00edsticas: Robustez, Qualidade e &hellip;<\/p>\n<p class=\"read-more\"> <a class=\"\" href=\"https:\/\/eagricola.com.br\/en\/produto\/gaep-h-grade-aradora-extra-pesada-com-abertura-hidraulica\/\"> <span class=\"screen-reader-text\">GAEP H &#8211; Grade Aradora Extra Pesada com Abertura Hidr\u00e1ulica<\/span> Read More &raquo;<\/a><\/p>\n","protected":false},"featured_media":1191,"comment_status":"open","ping_status":"closed","template":"","meta":{"_acf_changed":false,"site-sidebar-layout":"default","site-content-layout":"default","ast-global-header-display":"","ast-main-header-display":"","ast-hfb-above-header-display":"","ast-hfb-below-header-display":"","ast-hfb-mobile-header-display":"","site-post-title":"","ast-breadcrumbs-content":"","ast-featured-img":"","footer-sml-layout":"","theme-transparent-header-meta":"default","adv-header-id-meta":"","stick-header-meta":"","header-above-stick-meta":"","header-main-stick-meta":"","header-below-stick-meta":"","_joinchat":[]},"product_brand":[],"product_cat":[52,33],"product_tag":[],"class_list":{"0":"post-370","1":"product","2":"type-product","3":"status-publish","4":"has-post-thumbnail","6":"product_cat-aradora-extrapesada","7":"product_cat-grades","9":"first","10":"instock","11":"shipping-taxable","12":"product-type-simple"},"acf":[],"_links":{"self":[{"href":"https:\/\/eagricola.com.br\/en\/wp-json\/wp\/v2\/product\/370","targetHints":{"allow":["GET"]}}],"collection":[{"href":"https:\/\/eagricola.com.br\/en\/wp-json\/wp\/v2\/product"}],"about":[{"href":"https:\/\/eagricola.com.br\/en\/wp-json\/wp\/v2\/types\/product"}],"replies":[{"embeddable":true,"href":"https:\/\/eagricola.com.br\/en\/wp-json\/wp\/v2\/comments?post=370"}],"wp:featuredmedia":[{"embeddable":true,"href":"https:\/\/eagricola.com.br\/en\/wp-json\/wp\/v2\/media\/1191"}],"wp:attachment":[{"href":"https:\/\/eagricola.com.br\/en\/wp-json\/wp\/v2\/media?parent=370"}],"wp:term":[{"taxonomy":"product_brand","embeddable":true,"href":"https:\/\/eagricola.com.br\/en\/wp-json\/wp\/v2\/product_brand?post=370"},{"taxonomy":"product_cat","embeddable":true,"href":"https:\/\/eagricola.com.br\/en\/wp-json\/wp\/v2\/product_cat?post=370"},{"taxonomy":"product_tag","embeddable":true,"href":"https:\/\/eagricola.com.br\/en\/wp-json\/wp\/v2\/product_tag?post=370"}],"curies":[{"name":"wp","href":"https:\/\/api.w.org\/{rel}","templated":true}]}}