{"id":363,"date":"2022-12-19T12:15:16","date_gmt":"2022-12-19T12:15:16","guid":{"rendered":"https:\/\/eagricola.com.br\/en\/?post_type=product&#038;p=363"},"modified":"2023-04-24T23:25:34","modified_gmt":"2023-04-24T23:25:34","slug":"gaep-grade-aradora-extra-pesada","status":"publish","type":"product","link":"https:\/\/eagricola.com.br\/en\/produto\/gaep-grade-aradora-extra-pesada\/","title":{"rendered":"GAEP &#8211; Grade Aradora Extra Pesada"},"content":{"rendered":"<p>A EcoAgr\u00edcola visando o alto crescimento da vinda dos tratores de alta pot\u00eancia em \u00e2mbito nacional, desenvolveu uma linha especial de Grades para atender esta nova tend\u00eancia de preparo de solo. A Grade Aradora Extra Pesada EcoAgr\u00edcola (GAEP), pertence \u00e0 uma fam\u00edlia especial e inovadora de grades que tem como principais caracter\u00edsticas: Robustez, Qualidade e Alto Desempenho. Suas atividades estendem-se para diversos tipos de opera\u00e7\u00e3o, como: Reforma de \u00e1reas, Desbravamento de novas \u00e1reas, Elimina\u00e7\u00e3o de ervas daninhas, Quebras de torr\u00f5es, Incorpora\u00e7\u00e3o de palhada ao solo, entre outras atividades. O Conjunto de rodado \u00e9 composto por quatro Pneus conforme tabela abaixo, acionados via comando hidr\u00e1ulico direto da cabine do trator (Cont. Remoto).<\/p>\n","protected":false},"excerpt":{"rendered":"<p>A EcoAgr\u00edcola visando o alto crescimento da vinda dos tratores de alta pot\u00eancia em \u00e2mbito nacional, desenvolveu uma linha especial de Grades para atender esta nova tend\u00eancia de preparo de solo. A Grade Aradora Extra Pesada EcoAgr\u00edcola (GAEP), pertence \u00e0 uma fam\u00edlia especial e inovadora de grades que tem como principais caracter\u00edsticas: Robustez, Qualidade e &hellip;<\/p>\n<p class=\"read-more\"> <a class=\"\" href=\"https:\/\/eagricola.com.br\/en\/produto\/gaep-grade-aradora-extra-pesada\/\"> <span class=\"screen-reader-text\">GAEP &#8211; Grade Aradora Extra Pesada<\/span> Read More &raquo;<\/a><\/p>\n","protected":false},"featured_media":1189,"comment_status":"open","ping_status":"closed","template":"","meta":{"_acf_changed":false,"site-sidebar-layout":"default","site-content-layout":"default","ast-global-header-display":"","ast-main-header-display":"","ast-hfb-above-header-display":"","ast-hfb-below-header-display":"","ast-hfb-mobile-header-display":"","site-post-title":"","ast-breadcrumbs-content":"","ast-featured-img":"","footer-sml-layout":"","theme-transparent-header-meta":"default","adv-header-id-meta":"","stick-header-meta":"","header-above-stick-meta":"","header-main-stick-meta":"","header-below-stick-meta":"","_joinchat":[]},"product_brand":[],"product_cat":[52,33],"product_tag":[],"class_list":{"0":"post-363","1":"product","2":"type-product","3":"status-publish","4":"has-post-thumbnail","6":"product_cat-aradora-extrapesada","7":"product_cat-grades","9":"first","10":"instock","11":"shipping-taxable","12":"product-type-simple"},"acf":[],"_links":{"self":[{"href":"https:\/\/eagricola.com.br\/en\/wp-json\/wp\/v2\/product\/363","targetHints":{"allow":["GET"]}}],"collection":[{"href":"https:\/\/eagricola.com.br\/en\/wp-json\/wp\/v2\/product"}],"about":[{"href":"https:\/\/eagricola.com.br\/en\/wp-json\/wp\/v2\/types\/product"}],"replies":[{"embeddable":true,"href":"https:\/\/eagricola.com.br\/en\/wp-json\/wp\/v2\/comments?post=363"}],"wp:featuredmedia":[{"embeddable":true,"href":"https:\/\/eagricola.com.br\/en\/wp-json\/wp\/v2\/media\/1189"}],"wp:attachment":[{"href":"https:\/\/eagricola.com.br\/en\/wp-json\/wp\/v2\/media?parent=363"}],"wp:term":[{"taxonomy":"product_brand","embeddable":true,"href":"https:\/\/eagricola.com.br\/en\/wp-json\/wp\/v2\/product_brand?post=363"},{"taxonomy":"product_cat","embeddable":true,"href":"https:\/\/eagricola.com.br\/en\/wp-json\/wp\/v2\/product_cat?post=363"},{"taxonomy":"product_tag","embeddable":true,"href":"https:\/\/eagricola.com.br\/en\/wp-json\/wp\/v2\/product_tag?post=363"}],"curies":[{"name":"wp","href":"https:\/\/api.w.org\/{rel}","templated":true}]}}