{"id":342,"date":"2022-12-19T12:06:11","date_gmt":"2022-12-19T12:06:11","guid":{"rendered":"https:\/\/eagricola.com.br\/en\/?post_type=product&#038;p=342"},"modified":"2023-04-24T23:07:32","modified_gmt":"2023-04-24T23:07:32","slug":"fortes-escarificador-ecoagricola","status":"publish","type":"product","link":"https:\/\/eagricola.com.br\/en\/produto\/fortes-escarificador-ecoagricola\/","title":{"rendered":"Fortes &#8211; Escarificador EcoAgr\u00edcola"},"content":{"rendered":"<p>O Escarificador Ecoagricola foi desenvolvido para realizar a descompacta\u00e7\u00e3o do solo em uma profundidade de at\u00e9 30 cm. Com isso melhora o desenvolvimento das ra\u00edzes das plantas, a capacidade de armazenar \u00e1gua no solo, preserva a palhada existente, ou seja, melhora o solo para proporcionar uma melhor condi\u00e7\u00e3o produtiva para as culturas \u00e0 serem plantadas. Este equipamento \u00e9 indicado para a cultura de cereais e possui conjunto de disco de corte na medida de 18\u201d com dupla veda\u00e7\u00e3o para evitar a entrada de impurezas no cubo;<br \/>\n&#8211; Rolo destorroador com \u00e2ngulo de ataque, onde as barras do rolo s\u00e3o inclinadas e chatas, com isso aumenta o destorroamento com um \u00f3timo nivelamento do solo;<br \/>\n&#8211; Conjunto de hastes autom\u00e1tico, onde o desarme \u00e9 feito atrav\u00e9s de mola El\u00edptica, o sistema rearma autom\u00e1ticamente com simples levantamento do implemento. Conjunto do Rodado oferece benef\u00edcio com dupla fun\u00e7\u00e3o, sendo a regulagem de profundidade das hastes e a locomo\u00e7\u00e3o do escarificador.<\/p>\n","protected":false},"excerpt":{"rendered":"<p>O Escarificador Ecoagricola foi desenvolvido para realizar a descompacta\u00e7\u00e3o do solo em uma profundidade de at\u00e9 30 cm. Com isso melhora o desenvolvimento das ra\u00edzes das plantas, a capacidade de armazenar \u00e1gua no solo, preserva a palhada existente, ou seja, melhora o solo para proporcionar uma melhor condi\u00e7\u00e3o produtiva para as culturas \u00e0 serem plantadas. &hellip;<\/p>\n<p class=\"read-more\"> <a class=\"\" href=\"https:\/\/eagricola.com.br\/en\/produto\/fortes-escarificador-ecoagricola\/\"> <span class=\"screen-reader-text\">Fortes &#8211; Escarificador EcoAgr\u00edcola<\/span> Read More &raquo;<\/a><\/p>\n","protected":false},"featured_media":1184,"comment_status":"open","ping_status":"closed","template":"","meta":{"_acf_changed":false,"site-sidebar-layout":"default","site-content-layout":"default","ast-global-header-display":"","ast-main-header-display":"","ast-hfb-above-header-display":"","ast-hfb-below-header-display":"","ast-hfb-mobile-header-display":"","site-post-title":"","ast-breadcrumbs-content":"","ast-featured-img":"","footer-sml-layout":"","theme-transparent-header-meta":"default","adv-header-id-meta":"","stick-header-meta":"","header-above-stick-meta":"","header-main-stick-meta":"","header-below-stick-meta":"","_joinchat":[]},"product_brand":[],"product_cat":[32,44],"product_tag":[],"class_list":{"0":"post-342","1":"product","2":"type-product","3":"status-publish","4":"has-post-thumbnail","6":"product_cat-escarificador-subsolador","7":"product_cat-subsoladores","9":"first","10":"instock","11":"shipping-taxable","12":"product-type-simple"},"acf":[],"_links":{"self":[{"href":"https:\/\/eagricola.com.br\/en\/wp-json\/wp\/v2\/product\/342","targetHints":{"allow":["GET"]}}],"collection":[{"href":"https:\/\/eagricola.com.br\/en\/wp-json\/wp\/v2\/product"}],"about":[{"href":"https:\/\/eagricola.com.br\/en\/wp-json\/wp\/v2\/types\/product"}],"replies":[{"embeddable":true,"href":"https:\/\/eagricola.com.br\/en\/wp-json\/wp\/v2\/comments?post=342"}],"wp:featuredmedia":[{"embeddable":true,"href":"https:\/\/eagricola.com.br\/en\/wp-json\/wp\/v2\/media\/1184"}],"wp:attachment":[{"href":"https:\/\/eagricola.com.br\/en\/wp-json\/wp\/v2\/media?parent=342"}],"wp:term":[{"taxonomy":"product_brand","embeddable":true,"href":"https:\/\/eagricola.com.br\/en\/wp-json\/wp\/v2\/product_brand?post=342"},{"taxonomy":"product_cat","embeddable":true,"href":"https:\/\/eagricola.com.br\/en\/wp-json\/wp\/v2\/product_cat?post=342"},{"taxonomy":"product_tag","embeddable":true,"href":"https:\/\/eagricola.com.br\/en\/wp-json\/wp\/v2\/product_tag?post=342"}],"curies":[{"name":"wp","href":"https:\/\/api.w.org\/{rel}","templated":true}]}}