{"id":337,"date":"2022-12-19T12:02:57","date_gmt":"2022-12-19T12:02:57","guid":{"rendered":"https:\/\/eagricola.com.br\/en\/?post_type=product&#038;p=337"},"modified":"2023-04-24T23:03:32","modified_gmt":"2023-04-24T23:03:32","slug":"exata-multipla-distribuidor-de-fertilizantes","status":"publish","type":"product","link":"https:\/\/eagricola.com.br\/en\/produto\/exata-multipla-distribuidor-de-fertilizantes\/","title":{"rendered":"Exata M\u00faltipla &#8211; Distribuidor de Fertilizantes"},"content":{"rendered":"<p>Equipamento modular e vers\u00e1til para aplica\u00e7\u00e3o de composto org\u00e2nico, que se adequa as mais diversas condi\u00e7\u00f5es e necessidades de aplica\u00e7\u00e3o de campo, justamente por sua modularidade. Esse equipamento \u00e9 capaz de fazer aplica\u00e7\u00e3o localizada na dianteira ou traseira do trator, em 4 ou 5 linhas, dentro da soqueira ou no sulco, e de fazer aplica\u00e7\u00e3o em \u00e1rea total. Seu rodado com pneus de alta flutua\u00e7\u00e3o 600-50\/22.5, possui varia\u00e7\u00f5es de bitola que v\u00e3o de 1,4m a 3,2m, que em conjunto com seu cabe\u00e7alho que pode ser centralizado ou deslocado, permitindo assim uma ampla gama de configura\u00e7\u00f5es posicionado os pneus do trator e do implemento na melhor configura\u00e7\u00e3o poss\u00edvel a fim de evitar o pisoteio. A capacidade de carga \u00e9 de 8m\u00b3 e com o kit fominha coroado chega aos 12m\u00b3. A esteira de 0,8m de largura, \u00e9 de alma met\u00e1lica revestida com manta de borracha ao longo de toda superf\u00edcie, garantindo assim a preserva\u00e7\u00e3o da parte met\u00e1lica que fica isolada do material e consequentes baixos custos de manuten\u00e7\u00e3o. Todo acionamento \u00e9 feito por sistema hidr\u00e1ulico, dispensando o uso de cardam, isso \u00e9 poss\u00edvel gra\u00e7as a revolucion\u00e1rio sistema POWER TORQUE ECOAGRICOLA, que faz a redu\u00e7\u00e3o atrav\u00e9s de engrenagens e correntes, ao inv\u00e9s do uso de redutores coroa e sem fim, assim saltamos de uma efici\u00eancia na casa de 50% dos redutores coroa e sem fim, para 97% no sistema POWER TORQUE ECOAGRICOLA. Isso se traduz em menor demanda do sistema hidr\u00e1ulico, e temperaturas mais baixa no \u00f3leo.<\/p>\n","protected":false},"excerpt":{"rendered":"<p>Equipamento modular e vers\u00e1til para aplica\u00e7\u00e3o de composto org\u00e2nico, que se adequa as mais diversas condi\u00e7\u00f5es e necessidades de aplica\u00e7\u00e3o de campo, justamente por sua modularidade. Esse equipamento \u00e9 capaz de fazer aplica\u00e7\u00e3o localizada na dianteira ou traseira do trator, em 4 ou 5 linhas, dentro da soqueira ou no sulco, e de fazer aplica\u00e7\u00e3o &hellip;<\/p>\n<p class=\"read-more\"> <a class=\"\" href=\"https:\/\/eagricola.com.br\/en\/produto\/exata-multipla-distribuidor-de-fertilizantes\/\"> <span class=\"screen-reader-text\">Exata M\u00faltipla &#8211; Distribuidor de Fertilizantes<\/span> Read More &raquo;<\/a><\/p>\n","protected":false},"featured_media":1148,"comment_status":"open","ping_status":"closed","template":"","meta":{"_acf_changed":false,"site-sidebar-layout":"default","site-content-layout":"default","ast-global-header-display":"","ast-main-header-display":"","ast-hfb-above-header-display":"","ast-hfb-below-header-display":"","ast-hfb-mobile-header-display":"","site-post-title":"","ast-breadcrumbs-content":"","ast-featured-img":"","footer-sml-layout":"","theme-transparent-header-meta":"default","adv-header-id-meta":"","stick-header-meta":"","header-above-stick-meta":"","header-main-stick-meta":"","header-below-stick-meta":"","_joinchat":[]},"product_brand":[],"product_cat":[40,31],"product_tag":[],"class_list":{"0":"post-337","1":"product","2":"type-product","3":"status-publish","4":"has-post-thumbnail","6":"product_cat-compostadores","7":"product_cat-distribuidores","9":"first","10":"instock","11":"shipping-taxable","12":"product-type-simple"},"acf":[],"_links":{"self":[{"href":"https:\/\/eagricola.com.br\/en\/wp-json\/wp\/v2\/product\/337","targetHints":{"allow":["GET"]}}],"collection":[{"href":"https:\/\/eagricola.com.br\/en\/wp-json\/wp\/v2\/product"}],"about":[{"href":"https:\/\/eagricola.com.br\/en\/wp-json\/wp\/v2\/types\/product"}],"replies":[{"embeddable":true,"href":"https:\/\/eagricola.com.br\/en\/wp-json\/wp\/v2\/comments?post=337"}],"wp:featuredmedia":[{"embeddable":true,"href":"https:\/\/eagricola.com.br\/en\/wp-json\/wp\/v2\/media\/1148"}],"wp:attachment":[{"href":"https:\/\/eagricola.com.br\/en\/wp-json\/wp\/v2\/media?parent=337"}],"wp:term":[{"taxonomy":"product_brand","embeddable":true,"href":"https:\/\/eagricola.com.br\/en\/wp-json\/wp\/v2\/product_brand?post=337"},{"taxonomy":"product_cat","embeddable":true,"href":"https:\/\/eagricola.com.br\/en\/wp-json\/wp\/v2\/product_cat?post=337"},{"taxonomy":"product_tag","embeddable":true,"href":"https:\/\/eagricola.com.br\/en\/wp-json\/wp\/v2\/product_tag?post=337"}],"curies":[{"name":"wp","href":"https:\/\/api.w.org\/{rel}","templated":true}]}}