{"id":329,"date":"2022-12-19T12:00:11","date_gmt":"2022-12-19T12:00:11","guid":{"rendered":"https:\/\/eagricola.com.br\/en\/?post_type=product&#038;p=329"},"modified":"2023-04-24T23:04:02","modified_gmt":"2023-04-24T23:04:02","slug":"exata-est-distribuidor-com-esteira-lateral","status":"publish","type":"product","link":"https:\/\/eagricola.com.br\/en\/produto\/exata-est-distribuidor-com-esteira-lateral\/","title":{"rendered":"Exata EST &#8211; Distribuidor com Esteira Lateral"},"content":{"rendered":"<p>Equipamento desenvolvido para realizar o enriquecimento na compostagem. Com estrutura super-refor\u00e7ada, o distribuidor EXATA faz a distribui\u00e7\u00e3o de gesso, calc\u00e1rio, f\u00f3sforo e etc. Junto ao equipamento foi desenvolvido um kit de esteira lateral para aplica\u00e7\u00e3o (enriquecimento) de res\u00edduos de acordo com a necessidade do usu\u00e1rio. A comporta para regulagem de distribui\u00e7\u00e3o do produto \u00e9 feita atrav\u00e9s de um fuso tensor que confere uma regulagem mais precisa, com isso a certeza de estar aplicando a quantidade correta do produto junto \u00e0s leiras. Todo acionamento \u00e9 feito por sistema hidr\u00e1ulico, dispensando o uso de cardam, isso \u00e9 poss\u00edvel gra\u00e7as a revolucion\u00e1rio sistema POWER TORQUE ECOAGRICOLA, que faz a redu\u00e7\u00e3o atrav\u00e9s de engrenagens e correntes, ao inv\u00e9s do uso de redutores coroa e sem fim, assim saltamos de uma efici\u00eancia na casa de 50% dos redutores coroa e sem fim, para 97% no sistema POWER TORQUE ECOAGRICOLA. Isso se traduz em menor demanda do sistema hidr\u00e1ulico, e temperaturas mais baixa no \u00f3leo<\/p>\n","protected":false},"excerpt":{"rendered":"<p>Equipamento desenvolvido para realizar o enriquecimento na compostagem. Com estrutura super-refor\u00e7ada, o distribuidor EXATA faz a distribui\u00e7\u00e3o de gesso, calc\u00e1rio, f\u00f3sforo e etc. Junto ao equipamento foi desenvolvido um kit de esteira lateral para aplica\u00e7\u00e3o (enriquecimento) de res\u00edduos de acordo com a necessidade do usu\u00e1rio. A comporta para regulagem de distribui\u00e7\u00e3o do produto \u00e9 feita &hellip;<\/p>\n<p class=\"read-more\"> <a class=\"\" href=\"https:\/\/eagricola.com.br\/en\/produto\/exata-est-distribuidor-com-esteira-lateral\/\"> <span class=\"screen-reader-text\">Exata EST &#8211; Distribuidor com Esteira Lateral<\/span> Read More &raquo;<\/a><\/p>\n","protected":false},"featured_media":1151,"comment_status":"open","ping_status":"closed","template":"","meta":{"_acf_changed":false,"site-sidebar-layout":"default","site-content-layout":"default","ast-global-header-display":"","ast-main-header-display":"","ast-hfb-above-header-display":"","ast-hfb-below-header-display":"","ast-hfb-mobile-header-display":"","site-post-title":"","ast-breadcrumbs-content":"","ast-featured-img":"","footer-sml-layout":"","theme-transparent-header-meta":"default","adv-header-id-meta":"","stick-header-meta":"","header-above-stick-meta":"","header-main-stick-meta":"","header-below-stick-meta":"","_joinchat":[]},"product_brand":[],"product_cat":[40,47],"product_tag":[],"class_list":{"0":"post-329","1":"product","2":"type-product","3":"status-publish","4":"has-post-thumbnail","6":"product_cat-compostadores","7":"product_cat-destaque","9":"first","10":"instock","11":"shipping-taxable","12":"product-type-simple"},"acf":[],"_links":{"self":[{"href":"https:\/\/eagricola.com.br\/en\/wp-json\/wp\/v2\/product\/329","targetHints":{"allow":["GET"]}}],"collection":[{"href":"https:\/\/eagricola.com.br\/en\/wp-json\/wp\/v2\/product"}],"about":[{"href":"https:\/\/eagricola.com.br\/en\/wp-json\/wp\/v2\/types\/product"}],"replies":[{"embeddable":true,"href":"https:\/\/eagricola.com.br\/en\/wp-json\/wp\/v2\/comments?post=329"}],"wp:featuredmedia":[{"embeddable":true,"href":"https:\/\/eagricola.com.br\/en\/wp-json\/wp\/v2\/media\/1151"}],"wp:attachment":[{"href":"https:\/\/eagricola.com.br\/en\/wp-json\/wp\/v2\/media?parent=329"}],"wp:term":[{"taxonomy":"product_brand","embeddable":true,"href":"https:\/\/eagricola.com.br\/en\/wp-json\/wp\/v2\/product_brand?post=329"},{"taxonomy":"product_cat","embeddable":true,"href":"https:\/\/eagricola.com.br\/en\/wp-json\/wp\/v2\/product_cat?post=329"},{"taxonomy":"product_tag","embeddable":true,"href":"https:\/\/eagricola.com.br\/en\/wp-json\/wp\/v2\/product_tag?post=329"}],"curies":[{"name":"wp","href":"https:\/\/api.w.org\/{rel}","templated":true}]}}