{"id":323,"date":"2022-12-19T11:56:15","date_gmt":"2022-12-19T11:56:15","guid":{"rendered":"https:\/\/eagricola.com.br\/en\/?post_type=product&#038;p=323"},"modified":"2023-04-24T23:03:51","modified_gmt":"2023-04-24T23:03:51","slug":"exata-distribuidor-de-fertilizantes","status":"publish","type":"product","link":"https:\/\/eagricola.com.br\/en\/produto\/exata-distribuidor-de-fertilizantes\/","title":{"rendered":"Exata &#8211; Distribuidor de Fertilizantes"},"content":{"rendered":"<p>Estes modelos de carretas distribuidoras est\u00e3o direcionados para aplica\u00e7\u00e3o de calc\u00e1rio, gesso e fertilizantes de um modo geral. Possui esteira de metal para transporte do material com largura de 500mm ou 800mm. A comporta para regulagem de distribui\u00e7\u00e3o do produto \u00e9 feita atrav\u00e9s de um fuso tensor que confere uma regulagem mais precisa, com isso a certeza de estar aplicando a quantidade correta do produto. Todo acionamento \u00e9 feito por sistema hidr\u00e1ulico, dispensando o uso de cardam, isso \u00e9 poss\u00edvel gra\u00e7as a revolucion\u00e1rio sistema POWER TORQUE ECOAGRICOLA, que faz a redu\u00e7\u00e3o atrav\u00e9s de engrenagens e correntes, ao inv\u00e9s do uso de redutores coroa e sem fim, assim saltamos de uma efici\u00eancia na casa de 50% dos redutores coroa e sem fim, para 97% no sistema POWER TORQUE ECOAGRICOLA. Isso se traduz em menor demanda do sistema hidr\u00e1ulico, e temperaturas mais baixa no \u00f3leo. Conjunto do rodado possui sistema tipo tandem.<\/p>\n<p><b>Opcionais para o equipamento:<\/b><br \/>\n&#8211; Distribui\u00e7\u00e3o por calha vibrat\u00f3ria ou distribui\u00e7\u00e3o atrav\u00e9s de rosca sem fim.<br \/>\n&#8211; Largura da Esteira: 500, 800 ou 1.000mm met\u00e1lica com ou sem Superficie de Borracha<\/p>\n","protected":false},"excerpt":{"rendered":"<p>Estes modelos de carretas distribuidoras est\u00e3o direcionados para aplica\u00e7\u00e3o de calc\u00e1rio, gesso e fertilizantes de um modo geral. Possui esteira de metal para transporte do material com largura de 500mm ou 800mm. A comporta para regulagem de distribui\u00e7\u00e3o do produto \u00e9 feita atrav\u00e9s de um fuso tensor que confere uma regulagem mais precisa, com isso &hellip;<\/p>\n<p class=\"read-more\"> <a class=\"\" href=\"https:\/\/eagricola.com.br\/en\/produto\/exata-distribuidor-de-fertilizantes\/\"> <span class=\"screen-reader-text\">Exata &#8211; Distribuidor de Fertilizantes<\/span> Read More &raquo;<\/a><\/p>\n","protected":false},"featured_media":1149,"comment_status":"open","ping_status":"closed","template":"","meta":{"_acf_changed":false,"site-sidebar-layout":"default","site-content-layout":"default","ast-global-header-display":"","ast-main-header-display":"","ast-hfb-above-header-display":"","ast-hfb-below-header-display":"","ast-hfb-mobile-header-display":"","site-post-title":"","ast-breadcrumbs-content":"","ast-featured-img":"","footer-sml-layout":"","theme-transparent-header-meta":"default","adv-header-id-meta":"","stick-header-meta":"","header-above-stick-meta":"","header-main-stick-meta":"","header-below-stick-meta":"","_joinchat":[]},"product_brand":[],"product_cat":[40,31],"product_tag":[],"class_list":{"0":"post-323","1":"product","2":"type-product","3":"status-publish","4":"has-post-thumbnail","6":"product_cat-compostadores","7":"product_cat-distribuidores","9":"first","10":"instock","11":"shipping-taxable","12":"product-type-simple"},"acf":[],"_links":{"self":[{"href":"https:\/\/eagricola.com.br\/en\/wp-json\/wp\/v2\/product\/323","targetHints":{"allow":["GET"]}}],"collection":[{"href":"https:\/\/eagricola.com.br\/en\/wp-json\/wp\/v2\/product"}],"about":[{"href":"https:\/\/eagricola.com.br\/en\/wp-json\/wp\/v2\/types\/product"}],"replies":[{"embeddable":true,"href":"https:\/\/eagricola.com.br\/en\/wp-json\/wp\/v2\/comments?post=323"}],"wp:featuredmedia":[{"embeddable":true,"href":"https:\/\/eagricola.com.br\/en\/wp-json\/wp\/v2\/media\/1149"}],"wp:attachment":[{"href":"https:\/\/eagricola.com.br\/en\/wp-json\/wp\/v2\/media?parent=323"}],"wp:term":[{"taxonomy":"product_brand","embeddable":true,"href":"https:\/\/eagricola.com.br\/en\/wp-json\/wp\/v2\/product_brand?post=323"},{"taxonomy":"product_cat","embeddable":true,"href":"https:\/\/eagricola.com.br\/en\/wp-json\/wp\/v2\/product_cat?post=323"},{"taxonomy":"product_tag","embeddable":true,"href":"https:\/\/eagricola.com.br\/en\/wp-json\/wp\/v2\/product_tag?post=323"}],"curies":[{"name":"wp","href":"https:\/\/api.w.org\/{rel}","templated":true}]}}