{"id":308,"date":"2022-12-19T11:49:58","date_gmt":"2022-12-19T11:49:58","guid":{"rendered":"https:\/\/eagricola.com.br\/en\/?post_type=product&#038;p=308"},"modified":"2023-04-24T23:03:07","modified_gmt":"2023-04-24T23:03:07","slug":"ecotrans-2000-transbordo-agricola","status":"publish","type":"product","link":"https:\/\/eagricola.com.br\/en\/produto\/ecotrans-2000-transbordo-agricola\/","title":{"rendered":"Ecotrans 2000 &#8211; Transbordo Agr\u00edcola"},"content":{"rendered":"<p>Transbordo desenvolvido para as mais diferentes opera\u00e7\u00f5es de trabalho, tais como: Agr\u00edcola, Urbana, Industrial, Granjas e outras aplica\u00e7\u00f5es di\u00e1rias. Devido a sua baixa altura para carregamento, de apenas 1,30 metros e com largura de cesto de 2,00 metros, permite o f\u00e1cil carregamento de diferentes tipos de materiais a serem transportados, tais como frutos (Agr\u00edcola), coleta de res\u00edduos urbanos, limpeza em geral, res\u00edduos de constru\u00e7\u00f5es e ardinagem (Urbano), transporte de res\u00edduos s\u00f3lidos (Industrial) e transporte de detritos org\u00e2nicos de aves e su\u00ednos para compostagem (Granjas). Estabilidade em \u00e1reas inclinadas. Gra\u00e7as as suas dimens\u00f5es o equipamento possui centro de gravidade baixo, o que confere estabilidade e seguran\u00e7a operacional. Altura de transbordamento e descarga maiores, possibilitando um melhor acomodamento da carga para transporte e transbordamento. Menor compacta\u00e7\u00e3o e alinhamento de rastros de pneus. Utilizamos pneus 400\/60 15,5 de alta flutua\u00e7\u00e3o, o que reduz os efeitos de compacta\u00e7\u00e3o no solo.<\/p>\n","protected":false},"excerpt":{"rendered":"<p>Transbordo desenvolvido para as mais diferentes opera\u00e7\u00f5es de trabalho, tais como: Agr\u00edcola, Urbana, Industrial, Granjas e outras aplica\u00e7\u00f5es di\u00e1rias. Devido a sua baixa altura para carregamento, de apenas 1,30 metros e com largura de cesto de 2,00 metros, permite o f\u00e1cil carregamento de diferentes tipos de materiais a serem transportados, tais como frutos (Agr\u00edcola), coleta &hellip;<\/p>\n<p class=\"read-more\"> <a class=\"\" href=\"https:\/\/eagricola.com.br\/en\/produto\/ecotrans-2000-transbordo-agricola\/\"> <span class=\"screen-reader-text\">Ecotrans 2000 &#8211; Transbordo Agr\u00edcola<\/span> Read More &raquo;<\/a><\/p>\n","protected":false},"featured_media":1142,"comment_status":"open","ping_status":"closed","template":"","meta":{"_acf_changed":false,"site-sidebar-layout":"default","site-content-layout":"default","ast-global-header-display":"","ast-main-header-display":"","ast-hfb-above-header-display":"","ast-hfb-below-header-display":"","ast-hfb-mobile-header-display":"","site-post-title":"","ast-breadcrumbs-content":"","ast-featured-img":"","footer-sml-layout":"","theme-transparent-header-meta":"default","adv-header-id-meta":"","stick-header-meta":"","header-above-stick-meta":"","header-main-stick-meta":"","header-below-stick-meta":"","_joinchat":[]},"product_brand":[],"product_cat":[30],"product_tag":[],"class_list":{"0":"post-308","1":"product","2":"type-product","3":"status-publish","4":"has-post-thumbnail","6":"product_cat-transbordos","8":"first","9":"instock","10":"shipping-taxable","11":"product-type-simple"},"acf":[],"_links":{"self":[{"href":"https:\/\/eagricola.com.br\/en\/wp-json\/wp\/v2\/product\/308","targetHints":{"allow":["GET"]}}],"collection":[{"href":"https:\/\/eagricola.com.br\/en\/wp-json\/wp\/v2\/product"}],"about":[{"href":"https:\/\/eagricola.com.br\/en\/wp-json\/wp\/v2\/types\/product"}],"replies":[{"embeddable":true,"href":"https:\/\/eagricola.com.br\/en\/wp-json\/wp\/v2\/comments?post=308"}],"wp:featuredmedia":[{"embeddable":true,"href":"https:\/\/eagricola.com.br\/en\/wp-json\/wp\/v2\/media\/1142"}],"wp:attachment":[{"href":"https:\/\/eagricola.com.br\/en\/wp-json\/wp\/v2\/media?parent=308"}],"wp:term":[{"taxonomy":"product_brand","embeddable":true,"href":"https:\/\/eagricola.com.br\/en\/wp-json\/wp\/v2\/product_brand?post=308"},{"taxonomy":"product_cat","embeddable":true,"href":"https:\/\/eagricola.com.br\/en\/wp-json\/wp\/v2\/product_cat?post=308"},{"taxonomy":"product_tag","embeddable":true,"href":"https:\/\/eagricola.com.br\/en\/wp-json\/wp\/v2\/product_tag?post=308"}],"curies":[{"name":"wp","href":"https:\/\/api.w.org\/{rel}","templated":true}]}}