{"id":291,"date":"2022-12-19T11:29:13","date_gmt":"2022-12-19T11:29:13","guid":{"rendered":"https:\/\/eagricola.com.br\/en\/?post_type=product&#038;p=291"},"modified":"2023-04-24T22:59:20","modified_gmt":"2023-04-24T22:59:20","slug":"ctp-cultivador-adubador-ecoagricola","status":"publish","type":"product","link":"https:\/\/eagricola.com.br\/en\/produto\/ctp-cultivador-adubador-ecoagricola\/","title":{"rendered":"CTP &#8211; Cultivador Adubador Ecoagr\u00edcola"},"content":{"rendered":"<p>O equipamento\u00a0<b>CTP &#8211; Cultivador Adubador Ecoagr\u00edcola<\/b>\u00a0realiza simultaneamente v\u00e1rias opera\u00e7\u00f5es, como a Subsolagem, o Destorroamento, a Aduba\u00e7\u00e3o e o Corte da palhada (Cultivo nas soqueiras), podendo ser utilizado tanto na CANA CRUA quanto na CANA QUEIMADA (Ver Kit\u2019s opcionais). Possui: dois discos de cortes de 20\u201d (Compacto) ou 24\u201d (Pesado ou Super Pesado) respons\u00e1veis em cortar a palhada, duas hastes subsoladoras que efetuam a descompacta\u00e7\u00e3o nas entre linhas. O Implemento possui 3 configura\u00e7\u00f5es de tamanhos: Compacto, Pesado e Super Pesado, sendo que cada um dos tamanhos possui um tipo de desrame autom\u00e1tico das hastes: Pino Fus\u00edvel (Compacto), Mola El\u00edptica (Pesado) ou Mola Helicoidal (Super Pesado). O Cultivador desempenha o cultivo em 2 ou 3 linhas nos espa\u00e7amentos convencionais, como 1,30m, 1,40m, 1,50m ou 1,80m e tamb\u00e9m nos espa\u00e7amentos m\u00faltiplos, tais como 0,90m x 1,50m, 0,60m x 1,30m etc. Possui duas caixas com a capacidade de 300 litros cada, onde s\u00e3o acionadas por motor hidr\u00e1ulico e a distribui\u00e7\u00e3o do adubo \u00e9 feita atrav\u00e9s de rosca sem fim em a\u00e7o inoxid\u00e1vel, proporcionando o controle de dosagem por v\u00e1lvula com regulagem de fluxo de \u00f3leo, permitindo uma uniforme distribui\u00e7\u00e3o do adubo entre as linhas de cana garantindo uma perfeita incorpora\u00e7\u00e3o do adubo nas entre linhas. Cont\u00e9m discos de corte oscilantes de 20\u201d ou 24\u201d para o corte da palhada.<\/p>\n","protected":false},"excerpt":{"rendered":"<p>O equipamento\u00a0CTP &#8211; Cultivador Adubador Ecoagr\u00edcola\u00a0realiza simultaneamente v\u00e1rias opera\u00e7\u00f5es, como a Subsolagem, o Destorroamento, a Aduba\u00e7\u00e3o e o Corte da palhada (Cultivo nas soqueiras), podendo ser utilizado tanto na CANA CRUA quanto na CANA QUEIMADA (Ver Kit\u2019s opcionais). Possui: dois discos de cortes de 20\u201d (Compacto) ou 24\u201d (Pesado ou Super Pesado) respons\u00e1veis em cortar &hellip;<\/p>\n<p class=\"read-more\"> <a class=\"\" href=\"https:\/\/eagricola.com.br\/en\/produto\/ctp-cultivador-adubador-ecoagricola\/\"> <span class=\"screen-reader-text\">CTP &#8211; Cultivador Adubador Ecoagr\u00edcola<\/span> Read More &raquo;<\/a><\/p>\n","protected":false},"featured_media":1120,"comment_status":"open","ping_status":"closed","template":"","meta":{"_acf_changed":false,"site-sidebar-layout":"default","site-content-layout":"default","ast-global-header-display":"","ast-main-header-display":"","ast-hfb-above-header-display":"","ast-hfb-below-header-display":"","ast-hfb-mobile-header-display":"","site-post-title":"","ast-breadcrumbs-content":"","ast-featured-img":"","footer-sml-layout":"","theme-transparent-header-meta":"default","adv-header-id-meta":"","stick-header-meta":"","header-above-stick-meta":"","header-main-stick-meta":"","header-below-stick-meta":"","_joinchat":[]},"product_brand":[],"product_cat":[41,19],"product_tag":[],"class_list":{"0":"post-291","1":"product","2":"type-product","3":"status-publish","4":"has-post-thumbnail","6":"product_cat-cultivadores","7":"product_cat-linha-canavieira-utilitarios","9":"first","10":"instock","11":"shipping-taxable","12":"product-type-simple"},"acf":[],"_links":{"self":[{"href":"https:\/\/eagricola.com.br\/en\/wp-json\/wp\/v2\/product\/291","targetHints":{"allow":["GET"]}}],"collection":[{"href":"https:\/\/eagricola.com.br\/en\/wp-json\/wp\/v2\/product"}],"about":[{"href":"https:\/\/eagricola.com.br\/en\/wp-json\/wp\/v2\/types\/product"}],"replies":[{"embeddable":true,"href":"https:\/\/eagricola.com.br\/en\/wp-json\/wp\/v2\/comments?post=291"}],"wp:featuredmedia":[{"embeddable":true,"href":"https:\/\/eagricola.com.br\/en\/wp-json\/wp\/v2\/media\/1120"}],"wp:attachment":[{"href":"https:\/\/eagricola.com.br\/en\/wp-json\/wp\/v2\/media?parent=291"}],"wp:term":[{"taxonomy":"product_brand","embeddable":true,"href":"https:\/\/eagricola.com.br\/en\/wp-json\/wp\/v2\/product_brand?post=291"},{"taxonomy":"product_cat","embeddable":true,"href":"https:\/\/eagricola.com.br\/en\/wp-json\/wp\/v2\/product_cat?post=291"},{"taxonomy":"product_tag","embeddable":true,"href":"https:\/\/eagricola.com.br\/en\/wp-json\/wp\/v2\/product_tag?post=291"}],"curies":[{"name":"wp","href":"https:\/\/api.w.org\/{rel}","templated":true}]}}